{"id":28975,"date":"2023-01-13T14:49:52","date_gmt":"2023-01-13T14:49:52","guid":{"rendered":"https:\/\/www.mysexualfantasy.eu\/?post_type=product&#038;p=28975"},"modified":"2023-12-06T15:20:45","modified_gmt":"2023-12-06T15:20:45","slug":"secretplay-juego-chocaddict-es-en","status":"publish","type":"product","link":"https:\/\/www.mysexualfantasy.eu\/en\/product\/secretplay-juego-chocaddict-es-en\/","title":{"rendered":"SECRETPLAY &#8211; JUEGO \u00abCHOCADDICT\u00bb (ES\/EN)"},"content":{"rendered":"<p>Contiene:<\/p>\n<ul>\n<li>40 tarjetas prueba<\/li>\n<li>1 Venda<\/li>\n<li>1 Body Pen chocolate<\/li>\n<\/ul>\n<p>Reglas del juego:<\/p>\n<p>El juego consta de 40 tarjetas divididas seg\u00fan intensidad: 20 tarjetas de intensidad menor, 10 tarjetas de intensidad media y 10 tarjetas de intensidad m\u00e1xima.<\/p>\n<p>Las tarjetas llevan de 1 a 3 gotas de chocolate seg\u00fan la intensidad:<\/p>\n<ul>\n<li>1 punto: prueba de intensidad menor<\/li>\n<li>2 puntos: prueba de intensidad media<\/li>\n<li>3 puntos: prueba de intensidad m\u00e1xima<\/li>\n<\/ul>\n<p><iframe allow=\"autoplay; fullscreen; picture-in-picture\" allowfullscreen=\"\" frameborder=\"0\" height=\"400\" scrolling=\"no\" src=\"https:\/\/player.vimeo.com\/video\/887659164?autoplay=1\" width=\"600\"><\/iframe><\/p>\n<p>La persona que complete la prueba con \u00e9xito, se anotar\u00e1 los puntos indicados en la tarjeta seg\u00fan las gotas de chocolate que contenga la misma.<\/p>\n<p>Primer paso: Barajar las 40 tarjetas y colocarlas en un mont\u00f3n boca abajo. Los jugadores deber\u00e1n elegir cara o cruz y lanzar una moneda al aire. \u00c9sta decidir\u00e1 qu\u00e9 jugador comienza primero.<\/p>\n<p>Comienzo del juego: El jugador que inicie la partida, escoger\u00e1 una tarjeta al azar y leer\u00e1 la prueba que le ha correspondido en voz alta. Tras realizar la prueba, el jugador que la haya realizado con \u00e9xito se quedar\u00e1 con la tarjeta y anotar\u00e1 los puntos. El juego finaliza cuando se hayan agotado todas las tarjetas. El jugador que haya acumulado m\u00e1s puntos, es el ganador. Su premio consistir\u00e1 en dejarse devorar por su pareja, tras ser bien untado de chocolate. \u00a1Que aproveche!<\/p>\n<ul>\n<li>(220 x 150 mm)<\/li>\n<li>Idiomas: Esp\u00f1aol e ingl\u00e9s\u00a0<\/li>\n<\/ul>","protected":false},"excerpt":{"rendered":"<p>SECRETPLAY &#8211; \u00abCHOCADDICT\u00bb (ES\/EN)<\/p>","protected":false},"featured_media":71737,"comment_status":"open","ping_status":"closed","template":"","meta":{"_monsterinsights_skip_tracking":false,"_monsterinsights_sitenote_active":false,"_monsterinsights_sitenote_note":"","_monsterinsights_sitenote_category":0,"_joinchat":[]},"product_brand":[],"product_cat":[616,1234,1232,1267,1236,1266],"product_tag":[],"class_list":{"0":"post-28975","1":"product","2":"type-product","3":"status-publish","4":"has-post-thumbnail","6":"product_cat-juegos","7":"product_cat-juegos-juegos-de-mesa","8":"product_cat-juegos-juegos-de-pareja","9":"product_cat-juegos-juegos-en-espanol","10":"product_cat-juegos-juegos-en-ingles","11":"product_cat-juegos-juegos-preliminares","12":"yith_product_brand-secretplay","13":"yith_product_brand-secretplaysecretplay-100-games","15":"first","16":"instock","17":"taxable","18":"shipping-taxable","19":"purchasable","20":"product-type-simple"},"aioseo_notices":[],"_links":{"self":[{"href":"https:\/\/www.mysexualfantasy.eu\/en\/wp-json\/wp\/v2\/product\/28975","targetHints":{"allow":["GET"]}}],"collection":[{"href":"https:\/\/www.mysexualfantasy.eu\/en\/wp-json\/wp\/v2\/product"}],"about":[{"href":"https:\/\/www.mysexualfantasy.eu\/en\/wp-json\/wp\/v2\/types\/product"}],"replies":[{"embeddable":true,"href":"https:\/\/www.mysexualfantasy.eu\/en\/wp-json\/wp\/v2\/comments?post=28975"}],"wp:featuredmedia":[{"embeddable":true,"href":"https:\/\/www.mysexualfantasy.eu\/en\/wp-json\/wp\/v2\/media\/71737"}],"wp:attachment":[{"href":"https:\/\/www.mysexualfantasy.eu\/en\/wp-json\/wp\/v2\/media?parent=28975"}],"wp:term":[{"taxonomy":"product_brand","embeddable":true,"href":"https:\/\/www.mysexualfantasy.eu\/en\/wp-json\/wp\/v2\/product_brand?post=28975"},{"taxonomy":"product_cat","embeddable":true,"href":"https:\/\/www.mysexualfantasy.eu\/en\/wp-json\/wp\/v2\/product_cat?post=28975"},{"taxonomy":"product_tag","embeddable":true,"href":"https:\/\/www.mysexualfantasy.eu\/en\/wp-json\/wp\/v2\/product_tag?post=28975"}],"curies":[{"name":"wp","href":"https:\/\/api.w.org\/{rel}","templated":true}]}}