{"id":2904,"date":"2023-01-13T13:26:36","date_gmt":"2023-01-13T13:26:36","guid":{"rendered":"https:\/\/www.mysexualfantasy.eu\/?post_type=product&#038;p=2904"},"modified":"2023-12-06T15:33:37","modified_gmt":"2023-12-06T15:33:37","slug":"fleshlight-flight-pilot-masturbador","status":"publish","type":"product","link":"https:\/\/www.mysexualfantasy.eu\/en\/product\/fleshlight-flight-pilot-masturbador\/","title":{"rendered":"FLESHLIGHT FLIGHT PILOT MASTURBADOR"},"content":{"rendered":"<p>Prep\u00e1rase para el viaje de su vida. El flamante Flight de Fleshlight es una versi\u00f3n elegante, compacta y refinada del Juguete Sexual Masculino N\u00famero 1 del Mundo. Su estilizado y aerodin\u00e1mico dise\u00f1o, y su textura que produce turbulencias de placer durante la penetraci\u00f3n te llevar\u00e1 a experimentar sensaciones de altura incre\u00edblemente placenteras que elevar\u00e1n su erecci\u00f3n a nuevas cotas.<\/p>\n<p>Fleshlight\u00ae es 100% seguro y muy f\u00e1cil de utilizar y limpiar.<\/p>\n<p>Usando Fleshlight\u00ae con frecuencia, fortalecer\u00e1s tus erecciones y aumentar\u00e1s la fortaleza del pene, debido al entrenamiento de los tejidos del miembro. Notar\u00e1s una mejora en pocos meses.<\/p>\n<p>Abr\u00f3chese el cintur\u00f3n y prep\u00e1rese&#8230;<\/p>\n<p>Incluye una pr\u00e1ctica tapa, para poder guardarlo y protegerlo, una vez utilizado.<\/p>\n<p>Se adapta a todos los tama\u00f1os de pene.<\/p>\n<p>Ahora con una carcasa m\u00e1s discreta.<\/p>\n<p>Vive nuevas sensaciones!<\/p>\n<p>Fleshlight\u00ae es l\u00edder mundial en la fabricacion de masturbadores masculinos utilizando moldes de personas reales, sus grandes calidades y cualidades han dado lugar a una marca pensada para el hombre\u00a0 y su placer unica en el Mundo!!<\/p>\n<p>\u00a0<\/p>\n<p style=\"text-align: center;\"><embed allowfullscreen=\"true\" allowscriptaccess=\"always\" height=\"361\" id=\"main\" name=\"main\" quality=\"high\" src=\"http:\/\/videos.fleshlight.com\/media\/player\/player.swf?f=http:\/\/videos.fleshlight.com\/media\/player\/config_embed.php?vkey=737\" type=\"application\/x-shockwave-flash\" width=\"452\" wmode=\"transparent\"><\/embed><embed allowfullscreen=\"true\" allowscriptaccess=\"always\" height=\"361\" id=\"main\" name=\"main\" quality=\"high\" src=\"http:\/\/videos.fleshlight.com\/media\/player\/player.swf?f=http:\/\/videos.fleshlight.com\/media\/player\/config_embed.php?vkey=733\" type=\"application\/x-shockwave-flash\" width=\"452\" wmode=\"transparent\"><\/embed><embed allowfullscreen=\"true\" allowscriptaccess=\"always\" height=\"361\" id=\"main\" name=\"main\" quality=\"high\" src=\"http:\/\/videos.fleshlight.com\/media\/player\/player.swf?f=http:\/\/videos.fleshlight.com\/media\/player\/config_embed.php?vkey=728\" type=\"application\/x-shockwave-flash\" width=\"452\" wmode=\"transparent\"><\/embed><embed allowfullscreen=\"true\" allowscriptaccess=\"always\" height=\"361\" id=\"main\" name=\"main\" quality=\"high\" src=\"http:\/\/videos.fleshlight.com\/media\/player\/player.swf?f=http:\/\/videos.fleshlight.com\/media\/player\/config_embed.php?vkey=717\" type=\"application\/x-shockwave-flash\" width=\"452\" wmode=\"transparent\"><\/embed><\/p>","protected":false},"excerpt":{"rendered":"<p>FLESHLIGHT FLIGHT PILOT MASTURBATOR<\/p>","protected":false},"featured_media":59308,"comment_status":"open","ping_status":"closed","template":"","meta":{"_monsterinsights_skip_tracking":false,"_monsterinsights_sitenote_active":false,"_monsterinsights_sitenote_note":"","_monsterinsights_sitenote_category":0,"_joinchat":[]},"product_brand":[],"product_cat":[1152,1160,1167,1168],"product_tag":[],"class_list":{"0":"post-2904","1":"product","2":"type-product","3":"status-publish","4":"has-post-thumbnail","6":"product_cat-juguetes-bienestar","7":"product_cat-juguetes-bienestar-juguetes-para-hombres","8":"product_cat-juguetes-bienestar-juguetes-para-hombresmasturbadores-para-ellos","9":"product_cat-juguetes-bienestar-juguetes-para-hombresvaginas-y-anos","10":"yith_product_brand-fleshlight","11":"yith_product_brand-fleshlightfleshlight-origin","13":"first","14":"instock","15":"taxable","16":"shipping-taxable","17":"purchasable","18":"product-type-simple"},"aioseo_notices":[],"_links":{"self":[{"href":"https:\/\/www.mysexualfantasy.eu\/en\/wp-json\/wp\/v2\/product\/2904","targetHints":{"allow":["GET"]}}],"collection":[{"href":"https:\/\/www.mysexualfantasy.eu\/en\/wp-json\/wp\/v2\/product"}],"about":[{"href":"https:\/\/www.mysexualfantasy.eu\/en\/wp-json\/wp\/v2\/types\/product"}],"replies":[{"embeddable":true,"href":"https:\/\/www.mysexualfantasy.eu\/en\/wp-json\/wp\/v2\/comments?post=2904"}],"wp:featuredmedia":[{"embeddable":true,"href":"https:\/\/www.mysexualfantasy.eu\/en\/wp-json\/wp\/v2\/media\/59308"}],"wp:attachment":[{"href":"https:\/\/www.mysexualfantasy.eu\/en\/wp-json\/wp\/v2\/media?parent=2904"}],"wp:term":[{"taxonomy":"product_brand","embeddable":true,"href":"https:\/\/www.mysexualfantasy.eu\/en\/wp-json\/wp\/v2\/product_brand?post=2904"},{"taxonomy":"product_cat","embeddable":true,"href":"https:\/\/www.mysexualfantasy.eu\/en\/wp-json\/wp\/v2\/product_cat?post=2904"},{"taxonomy":"product_tag","embeddable":true,"href":"https:\/\/www.mysexualfantasy.eu\/en\/wp-json\/wp\/v2\/product_tag?post=2904"}],"curies":[{"name":"wp","href":"https:\/\/api.w.org\/{rel}","templated":true}]}}