{"id":29297,"date":"2023-01-13T12:23:56","date_gmt":"2023-01-13T12:23:56","guid":{"rendered":"https:\/\/www.mysexualfantasy.eu\/?post_type=product&#038;p=29297"},"modified":"2023-12-06T17:16:25","modified_gmt":"2023-12-06T17:16:25","slug":"darkness-panties-con-abertura-unisex-talla-unica","status":"publish","type":"product","link":"https:\/\/www.mysexualfantasy.eu\/en\/product\/darkness-panties-con-abertura-unisex-talla-unica\/","title":{"rendered":"DARKNESS &#8211; PANTIES CON ABERTURA UNISEX TALLA UNICA"},"content":{"rendered":"<p>Conoces el juego de la dominaci\u00f3n y la sumisi\u00f3n? Darkness te brinda la oportunidad de dar rienda suelta a a todas tus fantas\u00edas, present\u00e1ndote una amplia gama de art\u00edculos fetish de alta calidad donde encontrar\u00e1s todo lo necesario para llevar a tu amante al siguiente nivel.\u00a0<\/p>\n<ul>\n<li>Panties estilo fetish con abertura\u00a0<\/li>\n<li>Unisex<\/li>\n<li>Bodysafe<\/li>\n<li>Panties de talla \u00fanica\u00a0<\/li>\n<\/ul>\n<p><strong>LA MARCA<\/strong><\/p>\n<p>Darkness es una marca de nueva generaci\u00f3n 2020, todos nuestros materiales son de excelente calidad asegurando que la fabricaci\u00f3n compromete un resultado perfecto para principiantes o avanzados que le gusta el mundo Fetish o bdsm.<\/p>\n<p style=\"text-align: center;\">\u00a0<\/p>","protected":false},"excerpt":{"rendered":"<p>DARKNESS &#8211; OPEN CROTHLESS PANTIES ONE SIZE<\/p>","protected":false},"featured_media":50334,"comment_status":"open","ping_status":"closed","template":"","meta":{"_monsterinsights_skip_tracking":false,"_monsterinsights_sitenote_active":false,"_monsterinsights_sitenote_note":"","_monsterinsights_sitenote_category":0,"_joinchat":[]},"product_brand":[],"product_cat":[1176,1175,1329,1325,1452,1196,1197,1199,1411,1166],"product_tag":[],"class_list":{"0":"post-29297","1":"product","2":"type-product","3":"status-publish","4":"has-post-thumbnail","6":"product_cat-bdsm-bondage-articulos-bdsm","7":"product_cat-bdsm-bondage","8":"product_cat-moda-lencerialenceria-mujerlenceria-sexybragas-sexysbragas-altas","9":"product_cat-moda-lencerialenceria-mujerlenceria-sexybragas-sexys","10":"product_cat-moda-lencerialenceria-mujerlenceria-picanteestilo-fetish","11":"product_cat-moda-lencerialenceria-mujer","12":"product_cat-moda-lencerialenceria-mujerlenceria-picante","13":"product_cat-moda-lencerialenceria-mujerlenceria-sexy","14":"product_cat-bdsm-bondage-articulos-bdsmmoda-bdsm","15":"product_cat-moda-lenceria","16":"yith_product_brand-darkness","17":"yith_product_brand-darknessdarkness-sensations","19":"first","20":"instock","21":"taxable","22":"shipping-taxable","23":"purchasable","24":"product-type-simple"},"aioseo_notices":[],"_links":{"self":[{"href":"https:\/\/www.mysexualfantasy.eu\/en\/wp-json\/wp\/v2\/product\/29297","targetHints":{"allow":["GET"]}}],"collection":[{"href":"https:\/\/www.mysexualfantasy.eu\/en\/wp-json\/wp\/v2\/product"}],"about":[{"href":"https:\/\/www.mysexualfantasy.eu\/en\/wp-json\/wp\/v2\/types\/product"}],"replies":[{"embeddable":true,"href":"https:\/\/www.mysexualfantasy.eu\/en\/wp-json\/wp\/v2\/comments?post=29297"}],"wp:featuredmedia":[{"embeddable":true,"href":"https:\/\/www.mysexualfantasy.eu\/en\/wp-json\/wp\/v2\/media\/50334"}],"wp:attachment":[{"href":"https:\/\/www.mysexualfantasy.eu\/en\/wp-json\/wp\/v2\/media?parent=29297"}],"wp:term":[{"taxonomy":"product_brand","embeddable":true,"href":"https:\/\/www.mysexualfantasy.eu\/en\/wp-json\/wp\/v2\/product_brand?post=29297"},{"taxonomy":"product_cat","embeddable":true,"href":"https:\/\/www.mysexualfantasy.eu\/en\/wp-json\/wp\/v2\/product_cat?post=29297"},{"taxonomy":"product_tag","embeddable":true,"href":"https:\/\/www.mysexualfantasy.eu\/en\/wp-json\/wp\/v2\/product_tag?post=29297"}],"curies":[{"name":"wp","href":"https:\/\/api.w.org\/{rel}","templated":true}]}}