{"id":29298,"date":"2023-01-13T14:05:58","date_gmt":"2023-01-13T14:05:58","guid":{"rendered":"https:\/\/www.mysexualfantasy.eu\/?post_type=product&#038;p=29298"},"modified":"2023-12-06T15:24:24","modified_gmt":"2023-12-06T15:24:24","slug":"darkness-arnes-con-agujero-talla-unica","status":"publish","type":"product","link":"https:\/\/www.mysexualfantasy.eu\/en\/product\/darkness-arnes-con-agujero-talla-unica\/","title":{"rendered":"DARKNESS &#8211; ARN\u00c9S CON AGUJERO TALLA UNICA"},"content":{"rendered":"<p>Conoces el juego de la dominaci\u00f3n y la sumisi\u00f3n? Darkness te brinda la oportunidad de dar rienda suelta a a todas tus fantas\u00edas, present\u00e1ndote una amplia gama de art\u00edculos fetish de alta calidad donde encontrar\u00e1s todo lo necesario para llevar a tu amante al siguiente nivel.\u00a0<\/p>\n<ul>\n<li>Arn\u00e9s hueco para insertar tu dildo favorito\u00a0<\/li>\n<li>Di\u00e1metro del agujero: 3.5 cm\u00a0<\/li>\n<li>Material el\u00e1stico para m\u00e1xima comodidad\u00a0<\/li>\n<li>Panties de cuero PU\u00a0<\/li>\n<li>Panties de talla \u00fanica\u00a0<\/li>\n<\/ul>\n<p><strong>LA MARCA\u00a0<\/strong><\/p>\n<p>Darkness es una marca de nueva generaci\u00f3n 2020, todos nuestros materiales son de excelente calidad asegurando que la fabricaci\u00f3n compromete un resultado perfecto para principiantes o avanzados que le gusta el mundo Fetish o bdsm.<\/p>\n<p style=\"text-align: center;\">\u00a0<\/p>","protected":false},"excerpt":{"rendered":"<p>DARKNESS &#8211; HOLE STRAP ONE SIZE<\/p>","protected":false},"featured_media":64757,"comment_status":"open","ping_status":"closed","template":"","meta":{"_monsterinsights_skip_tracking":false,"_monsterinsights_sitenote_active":false,"_monsterinsights_sitenote_note":"","_monsterinsights_sitenote_category":0,"_joinchat":[]},"product_brand":[],"product_cat":[1173,1175,1283,1152],"product_tag":[],"class_list":{"0":"post-29298","1":"product","2":"type-product","3":"status-publish","4":"has-post-thumbnail","6":"product_cat-juguetes-bienestar-arneses","7":"product_cat-bdsm-bondage","8":"product_cat-juguetes-bienestar-arnesescomplementos-arneses","9":"product_cat-juguetes-bienestar","10":"yith_product_brand-darkness","11":"yith_product_brand-darknessdarkness-sensations","13":"first","14":"instock","15":"taxable","16":"shipping-taxable","17":"purchasable","18":"product-type-simple"},"aioseo_notices":[],"_links":{"self":[{"href":"https:\/\/www.mysexualfantasy.eu\/en\/wp-json\/wp\/v2\/product\/29298","targetHints":{"allow":["GET"]}}],"collection":[{"href":"https:\/\/www.mysexualfantasy.eu\/en\/wp-json\/wp\/v2\/product"}],"about":[{"href":"https:\/\/www.mysexualfantasy.eu\/en\/wp-json\/wp\/v2\/types\/product"}],"replies":[{"embeddable":true,"href":"https:\/\/www.mysexualfantasy.eu\/en\/wp-json\/wp\/v2\/comments?post=29298"}],"wp:featuredmedia":[{"embeddable":true,"href":"https:\/\/www.mysexualfantasy.eu\/en\/wp-json\/wp\/v2\/media\/64757"}],"wp:attachment":[{"href":"https:\/\/www.mysexualfantasy.eu\/en\/wp-json\/wp\/v2\/media?parent=29298"}],"wp:term":[{"taxonomy":"product_brand","embeddable":true,"href":"https:\/\/www.mysexualfantasy.eu\/en\/wp-json\/wp\/v2\/product_brand?post=29298"},{"taxonomy":"product_cat","embeddable":true,"href":"https:\/\/www.mysexualfantasy.eu\/en\/wp-json\/wp\/v2\/product_cat?post=29298"},{"taxonomy":"product_tag","embeddable":true,"href":"https:\/\/www.mysexualfantasy.eu\/en\/wp-json\/wp\/v2\/product_tag?post=29298"}],"curies":[{"name":"wp","href":"https:\/\/api.w.org\/{rel}","templated":true}]}}