{"id":29447,"date":"2023-01-13T14:36:31","date_gmt":"2023-01-13T14:36:31","guid":{"rendered":"https:\/\/www.mysexualfantasy.eu\/?post_type=product&#038;p=29447"},"modified":"2023-12-06T16:03:18","modified_gmt":"2023-12-06T16:03:18","slug":"satisfyer-partner-multifun-2-negro","status":"publish","type":"product","link":"https:\/\/www.mysexualfantasy.eu\/en\/product\/satisfyer-partner-multifun-2-negro\/","title":{"rendered":"SATISFYER PARTNER MULTIFUN 2 NEGRO"},"content":{"rendered":"<p>Te presentamos a los Partner Multifun 2, para \u00e9l, para ella&#8230; para vosotros.<\/p>\n<p>Este juguete ha sido especialmente dise\u00f1ado para encontrar y satisfacer las necesidades de los clientes. Podr\u00e1s utilizarlo en tus relaciones o en tus noches a solas para a\u00f1adir esa sensualidad que necesitas. Su forma en U est\u00e1 ergon\u00f3micamente dise\u00f1ada para masajear tanto el pene, el perineo, los pezones y mucho m\u00e1s.<\/p>\n<p>Sus materiales lo hacen flexible para una comodidad sensacional. Es totalmente impermeable y muy f\u00e1cil de limpiar. Gracias a sus 3 motores podr\u00e1s disfrutar de m\u00e1s de 100 combinaciones de vibraci\u00f3n y de 11 posibilidades de uso, y sin tener que preocuparte por pilas, ya que es recargable por USB.<\/p>\n<p>Caracter\u00edsticas:<\/p>\n<ul>\n<li>Multi vibraci\u00f3n<\/li>\n<li>Forma ergon\u00f3mica<\/li>\n<li>Recargable por USB<\/li>\n<li>Estimula el punto G<\/li>\n<li>Impermeable<\/li>\n<li>Flexible<\/li>\n<li>Hasta 100 combinaciones de vibraci\u00f3n<\/li>\n<li>Longitud: 13 cm<\/li>\n<\/ul>","protected":false},"excerpt":{"rendered":"<p>SATISFYER PARTNER MULTIFUN 2 &#8211; BLACK<\/p>","protected":false},"featured_media":69464,"comment_status":"open","ping_status":"closed","template":"","meta":{"_monsterinsights_skip_tracking":false,"_monsterinsights_sitenote_active":false,"_monsterinsights_sitenote_note":"","_monsterinsights_sitenote_category":0,"_joinchat":[]},"product_brand":[],"product_cat":[1156,1152,1155,1163,1309],"product_tag":[],"class_list":{"0":"post-29447","1":"product","2":"type-product","3":"status-publish","4":"has-post-thumbnail","6":"product_cat-juguetes-bienestar-juguetes-para-mujeresestimuladores","7":"product_cat-juguetes-bienestar","8":"product_cat-juguetes-bienestar-juguetes-para-mujeres","9":"product_cat-juguetes-bienestar-juguetes-para-mujeresestimuladorespara-clitoris","10":"product_cat-juguetes-bienestar-juguetes-para-mujerespunto-g","11":"yith_product_brand-satisfyer","12":"yith_product_brand-satisfyer-satisfyer-partner","14":"first","15":"instock","16":"taxable","17":"shipping-taxable","18":"purchasable","19":"product-type-simple"},"aioseo_notices":[],"_links":{"self":[{"href":"https:\/\/www.mysexualfantasy.eu\/en\/wp-json\/wp\/v2\/product\/29447","targetHints":{"allow":["GET"]}}],"collection":[{"href":"https:\/\/www.mysexualfantasy.eu\/en\/wp-json\/wp\/v2\/product"}],"about":[{"href":"https:\/\/www.mysexualfantasy.eu\/en\/wp-json\/wp\/v2\/types\/product"}],"replies":[{"embeddable":true,"href":"https:\/\/www.mysexualfantasy.eu\/en\/wp-json\/wp\/v2\/comments?post=29447"}],"wp:featuredmedia":[{"embeddable":true,"href":"https:\/\/www.mysexualfantasy.eu\/en\/wp-json\/wp\/v2\/media\/69464"}],"wp:attachment":[{"href":"https:\/\/www.mysexualfantasy.eu\/en\/wp-json\/wp\/v2\/media?parent=29447"}],"wp:term":[{"taxonomy":"product_brand","embeddable":true,"href":"https:\/\/www.mysexualfantasy.eu\/en\/wp-json\/wp\/v2\/product_brand?post=29447"},{"taxonomy":"product_cat","embeddable":true,"href":"https:\/\/www.mysexualfantasy.eu\/en\/wp-json\/wp\/v2\/product_cat?post=29447"},{"taxonomy":"product_tag","embeddable":true,"href":"https:\/\/www.mysexualfantasy.eu\/en\/wp-json\/wp\/v2\/product_tag?post=29447"}],"curies":[{"name":"wp","href":"https:\/\/api.w.org\/{rel}","templated":true}]}}