{"id":2963,"date":"2023-01-13T13:26:43","date_gmt":"2023-01-13T13:26:43","guid":{"rendered":"https:\/\/www.mysexualfantasy.eu\/?post_type=product&#038;p=2963"},"modified":"2023-12-06T15:33:42","modified_gmt":"2023-12-06T15:33:42","slug":"sweet-10-ritmos-funda-y-anillo-silicona-para-el-pene-rosa","status":"publish","type":"product","link":"https:\/\/www.mysexualfantasy.eu\/en\/product\/sweet-10-ritmos-funda-y-anillo-silicona-para-el-pene-rosa\/","title":{"rendered":"SWEET 10 RITMOS FUNDA Y ANILLO SILICONA PARA EL PENE ROSA."},"content":{"rendered":"<p>Consigue erecciones m\u00e1s firmes y duraderas, y aumenta tu placer con esta funda para el pene con anillos s\u00faper el\u00e1sticos.<\/p>\n<p>Fabricados con la silicona tacto suave, la funda envolver\u00e1 el pene y los test\u00edculos, proporcionando una mejor erecci\u00f3n y un est\u00edmulo a\u00f1adido los dos.<\/p>\n<ul>\n<li><strong>La Revolucion de la vibracion, ahora llega tambien para los anillos, dispone de 10 ritmos de vibracion.<\/strong><\/li>\n<\/ul>\n<p>Ademas dispone de un vibrador para estimular el clitoris, es el complemento perfecto.<\/p>\n<p>Elija entre los tres tama\u00f1os de anillos para el pene de silicona y ver\u00e1s incrementado tu rendimiento sexual! Los anillos son el\u00e1sticos y encajan c\u00f3modamente alrededor de la base del pene, retrasando la eyaculaci\u00f3n, mientras que la funda excita los sentidos y proporciona un alucinante cl\u00edmax para los dos.<\/p>\n<p>\u00a0<\/p>","protected":false},"excerpt":{"rendered":"<p>SWEET CAGE SLEEVE COCK RING<\/p>","protected":false},"featured_media":59333,"comment_status":"open","ping_status":"closed","template":"","meta":{"_monsterinsights_skip_tracking":false,"_monsterinsights_sitenote_active":false,"_monsterinsights_sitenote_note":"","_monsterinsights_sitenote_category":0,"_joinchat":[]},"product_brand":[],"product_cat":[1170,1184,1298,1152,1160,1153],"product_tag":[],"class_list":{"0":"post-2963","1":"product","2":"type-product","3":"status-publish","4":"has-post-thumbnail","6":"product_cat-juguetes-bienestar-juguetes-para-hombresaccesorios-para-el-pene","7":"product_cat-juguetes-bienestar-juguetes-para-hombresaccesorios-para-el-peneextensiones-para-el-pene","8":"product_cat-juguetes-bienestar-juguetes-para-hombresaccesorios-para-el-penefundas","9":"product_cat-juguetes-bienestar","10":"product_cat-juguetes-bienestar-juguetes-para-hombres","11":"product_cat-juguetes-bienestar-vibradores","12":"yith_product_brand-baile","13":"yith_product_brand-bailebaile-for-him","15":"first","16":"instock","17":"taxable","18":"shipping-taxable","19":"purchasable","20":"product-type-simple"},"aioseo_notices":[],"_links":{"self":[{"href":"https:\/\/www.mysexualfantasy.eu\/en\/wp-json\/wp\/v2\/product\/2963","targetHints":{"allow":["GET"]}}],"collection":[{"href":"https:\/\/www.mysexualfantasy.eu\/en\/wp-json\/wp\/v2\/product"}],"about":[{"href":"https:\/\/www.mysexualfantasy.eu\/en\/wp-json\/wp\/v2\/types\/product"}],"replies":[{"embeddable":true,"href":"https:\/\/www.mysexualfantasy.eu\/en\/wp-json\/wp\/v2\/comments?post=2963"}],"wp:featuredmedia":[{"embeddable":true,"href":"https:\/\/www.mysexualfantasy.eu\/en\/wp-json\/wp\/v2\/media\/59333"}],"wp:attachment":[{"href":"https:\/\/www.mysexualfantasy.eu\/en\/wp-json\/wp\/v2\/media?parent=2963"}],"wp:term":[{"taxonomy":"product_brand","embeddable":true,"href":"https:\/\/www.mysexualfantasy.eu\/en\/wp-json\/wp\/v2\/product_brand?post=2963"},{"taxonomy":"product_cat","embeddable":true,"href":"https:\/\/www.mysexualfantasy.eu\/en\/wp-json\/wp\/v2\/product_cat?post=2963"},{"taxonomy":"product_tag","embeddable":true,"href":"https:\/\/www.mysexualfantasy.eu\/en\/wp-json\/wp\/v2\/product_tag?post=2963"}],"curies":[{"name":"wp","href":"https:\/\/api.w.org\/{rel}","templated":true}]}}