{"id":29652,"date":"2023-01-13T13:47:19","date_gmt":"2023-01-13T13:47:19","guid":{"rendered":"https:\/\/www.mysexualfantasy.eu\/?post_type=product&#038;p=29652"},"modified":"2023-12-06T15:49:56","modified_gmt":"2023-12-06T15:49:56","slug":"pipedream-extreme-muneca-realistica-ultimate-fantasy-dolls-mandy","status":"publish","type":"product","link":"https:\/\/www.mysexualfantasy.eu\/en\/product\/pipedream-extreme-muneca-realistica-ultimate-fantasy-dolls-mandy\/","title":{"rendered":"FETISH FANTASY EXTREME &#8211; PIPEDREAM MU\u00d1ECA REALISTICA ULTIMATE FANTASY DOLLS MANDY"},"content":{"rendered":"<p>\u00a1Articulada de la cabeza \u00a0hasta las yemas de los dedos!<\/p>\n<p>Las mu\u00f1ecas Ultimate Fantasy de Pipedream Products est\u00e1n cuidadosamente creadas para satisfacer fantas\u00edas e inspirar placer \u00edntimo en todos los niveles. Con verdadera atenci\u00f3n realista al detalle y la piel s\u00faper suave de la carne de Fantas\u00eda, Ultimate Fantasy Dolls har\u00e1 que todos tus sue\u00f1os se hagan realidad!<\/p>\n<p>El cuerpo super-encajado de Mandy ha sido minuciosamente creado para el placer e inspirar deseo, con\u00a0sus abdominales apretados, los hombros con todo lujo de detalles en el movimiento y cuerpo\u00a0flexible, le permiten doblarse y contorsionar su figura como una persona de verdad.\u00a0<\/p>\n<p>\u00a0<\/p>","protected":false},"excerpt":{"rendered":"<p>FETISH FANTASY EXTREME &#8211; PIPEDREAM ULTIMATE FANTASY DOLLS MANDY<\/p>","protected":false},"featured_media":61684,"comment_status":"open","ping_status":"closed","template":"","meta":{"_monsterinsights_skip_tracking":false,"_monsterinsights_sitenote_active":false,"_monsterinsights_sitenote_note":"","_monsterinsights_sitenote_category":0,"_joinchat":[]},"product_brand":[],"product_cat":[1152,1160,1167,1169],"product_tag":[],"class_list":{"0":"post-29652","1":"product","2":"type-product","3":"status-publish","4":"has-post-thumbnail","6":"product_cat-juguetes-bienestar","7":"product_cat-juguetes-bienestar-juguetes-para-hombres","8":"product_cat-juguetes-bienestar-juguetes-para-hombresmasturbadores-para-ellos","9":"product_cat-juguetes-bienestar-munecs-tamano-real","10":"yith_product_brand-pipedreamsfetish-fantasy-extreme","11":"yith_product_brand-pipedreams","13":"first","14":"instock","15":"taxable","16":"shipping-taxable","17":"purchasable","18":"product-type-simple"},"aioseo_notices":[],"_links":{"self":[{"href":"https:\/\/www.mysexualfantasy.eu\/en\/wp-json\/wp\/v2\/product\/29652","targetHints":{"allow":["GET"]}}],"collection":[{"href":"https:\/\/www.mysexualfantasy.eu\/en\/wp-json\/wp\/v2\/product"}],"about":[{"href":"https:\/\/www.mysexualfantasy.eu\/en\/wp-json\/wp\/v2\/types\/product"}],"replies":[{"embeddable":true,"href":"https:\/\/www.mysexualfantasy.eu\/en\/wp-json\/wp\/v2\/comments?post=29652"}],"wp:featuredmedia":[{"embeddable":true,"href":"https:\/\/www.mysexualfantasy.eu\/en\/wp-json\/wp\/v2\/media\/61684"}],"wp:attachment":[{"href":"https:\/\/www.mysexualfantasy.eu\/en\/wp-json\/wp\/v2\/media?parent=29652"}],"wp:term":[{"taxonomy":"product_brand","embeddable":true,"href":"https:\/\/www.mysexualfantasy.eu\/en\/wp-json\/wp\/v2\/product_brand?post=29652"},{"taxonomy":"product_cat","embeddable":true,"href":"https:\/\/www.mysexualfantasy.eu\/en\/wp-json\/wp\/v2\/product_cat?post=29652"},{"taxonomy":"product_tag","embeddable":true,"href":"https:\/\/www.mysexualfantasy.eu\/en\/wp-json\/wp\/v2\/product_tag?post=29652"}],"curies":[{"name":"wp","href":"https:\/\/api.w.org\/{rel}","templated":true}]}}