{"id":29912,"date":"2023-01-13T11:44:42","date_gmt":"2023-01-13T11:44:42","guid":{"rendered":"https:\/\/www.mysexualfantasy.eu\/?post_type=product&#038;p=29912"},"modified":"2023-12-06T15:54:27","modified_gmt":"2023-12-06T15:54:27","slug":"all-black-anal-plug-21cm","status":"publish","type":"product","link":"https:\/\/www.mysexualfantasy.eu\/en\/product\/all-black-anal-plug-21cm\/","title":{"rendered":"ALL BLACK &#8211; ANAL PLUG 21 CM"},"content":{"rendered":"<p>Perfecto plug All Black tiene una forma suave con surcos sensacionales para el m\u00e1ximo placer anal.<\/p>\n<p>Los lubricantes a base de agua y silicona se pueden usar aqu\u00ed. Es importante limpiar bien el tap\u00f3n trasero despu\u00e9s de su uso. Cada juguete est\u00e1 envuelto individualmente en una funda protectora de pl\u00e1stico transparente.<\/p>\n<ul>\n<li>Dimensiones del producto: 21 x 8 x 8 cm<\/li>\n<li>Peso del producto: 795 gr<\/li>\n<li>Di\u00e1metro del producto: 8 cm<\/li>\n<li>Longitud insertable: 19 cm<\/li>\n<li>A prueba de agua<\/li>\n<li>Materiales: PVC<\/li>\n<\/ul>\n<p>Descubre toda la gama de productos ALLBLACK, todos los tama\u00f1os y todas las formas disponibles desatan la imaginaci\u00f3n en la versi\u00f3n black m\u00e1s variada del mercado, todos los productos cuentan con un material hipoalerg\u00e9nico libre de phalatos perfecto para todos los p\u00fablicos.<\/p>\n<p>* Para conseguir una experiencia \u00f3ptima y poder disfrutar de manera placentera y sin sentir dolor, ALL BLACK\u00a0recomienda el uso de los lubricantes de la marca Black Hole<\/p>","protected":false},"excerpt":{"rendered":"<p>ALL BLACK &#8211; ANAL PLUG 21 CM<\/p>","protected":false},"featured_media":42317,"comment_status":"open","ping_status":"closed","template":"","meta":{"_monsterinsights_skip_tracking":false,"_monsterinsights_sitenote_active":false,"_monsterinsights_sitenote_note":"","_monsterinsights_sitenote_category":0,"_joinchat":[]},"product_brand":[],"product_cat":[1162,1306,1152,1189],"product_tag":[],"class_list":{"0":"post-29912","1":"product","2":"type-product","3":"status-publish","4":"has-post-thumbnail","6":"product_cat-juguetes-bienestar-anal","7":"product_cat-juguetes-bienestar-analdildos-anales","8":"product_cat-juguetes-bienestar","9":"product_cat-juguetes-bienestar-analplugs-anales","10":"yith_product_brand-all-black","12":"first","13":"instock","14":"taxable","15":"shipping-taxable","16":"purchasable","17":"product-type-simple"},"aioseo_notices":[],"_links":{"self":[{"href":"https:\/\/www.mysexualfantasy.eu\/en\/wp-json\/wp\/v2\/product\/29912","targetHints":{"allow":["GET"]}}],"collection":[{"href":"https:\/\/www.mysexualfantasy.eu\/en\/wp-json\/wp\/v2\/product"}],"about":[{"href":"https:\/\/www.mysexualfantasy.eu\/en\/wp-json\/wp\/v2\/types\/product"}],"replies":[{"embeddable":true,"href":"https:\/\/www.mysexualfantasy.eu\/en\/wp-json\/wp\/v2\/comments?post=29912"}],"wp:featuredmedia":[{"embeddable":true,"href":"https:\/\/www.mysexualfantasy.eu\/en\/wp-json\/wp\/v2\/media\/42317"}],"wp:attachment":[{"href":"https:\/\/www.mysexualfantasy.eu\/en\/wp-json\/wp\/v2\/media?parent=29912"}],"wp:term":[{"taxonomy":"product_brand","embeddable":true,"href":"https:\/\/www.mysexualfantasy.eu\/en\/wp-json\/wp\/v2\/product_brand?post=29912"},{"taxonomy":"product_cat","embeddable":true,"href":"https:\/\/www.mysexualfantasy.eu\/en\/wp-json\/wp\/v2\/product_cat?post=29912"},{"taxonomy":"product_tag","embeddable":true,"href":"https:\/\/www.mysexualfantasy.eu\/en\/wp-json\/wp\/v2\/product_tag?post=29912"}],"curies":[{"name":"wp","href":"https:\/\/api.w.org\/{rel}","templated":true}]}}