{"id":29927,"date":"2023-01-13T13:52:41","date_gmt":"2023-01-13T13:52:41","guid":{"rendered":"https:\/\/www.mysexualfantasy.eu\/?post_type=product&#038;p=29927"},"modified":"2023-12-06T15:50:35","modified_gmt":"2023-12-06T15:50:35","slug":"all-black-dong-28cm-2","status":"publish","type":"product","link":"https:\/\/www.mysexualfantasy.eu\/en\/product\/all-black-dong-28cm-2\/","title":{"rendered":"ALL BLACK &#8211; DONG 28 CM"},"content":{"rendered":"<div>Este dildo All Black est\u00e1 ligeramente doblado para que tu punto G est\u00e9 completamente estimulado cuando es penetrado. Este juguete lo podr\u00e1s disfrutar durante unas horas, tanto anal como vaginalmente.<\/div>\n<div>Se pueden usar lubricantes a base de agua y sillicones. Es importante limpiar bien el consolador despu\u00e9s de usarlo. Cada juguete est\u00e1 envuelto herm\u00e9ticamente en una funda protectora de pl\u00e1stico transparente.<\/div>\n<ul>\n<li>\u2022<span style=\"white-space:pre\"> <\/span>Material: PVC<\/li>\n<li>\u2022<span style=\"white-space:pre\"> <\/span>Medidas: 28 x 6 cm<\/li>\n<\/ul>\n<div>Descubre toda la gama de productos ALLBLACK, todos los tama\u00f1os y todas las formas disponibles desatan la imaginaci\u00f3n en la versi\u00f3n black m\u00e1s variada del mercado, todos los productos cuentan con un material hipoalerg\u00e9nico libre de\u00a0 phalatos perfecto para todos los p\u00fablicos.\u00a0<\/div>","protected":false},"excerpt":{"rendered":"<p>ALL BLACK &#8211; DONG 28 CM<\/p>","protected":false},"featured_media":62687,"comment_status":"open","ping_status":"closed","template":"","meta":{"_monsterinsights_skip_tracking":false,"_monsterinsights_sitenote_active":false,"_monsterinsights_sitenote_note":"","_monsterinsights_sitenote_category":0,"_joinchat":[]},"product_brand":[],"product_cat":[1182,1303,1152,1188],"product_tag":[],"class_list":{"0":"post-29927","1":"product","2":"type-product","3":"status-publish","4":"has-post-thumbnail","6":"product_cat-juguetes-bienestar-dildos","7":"product_cat-juguetes-bienestar-dildosdildos-punto-g","8":"product_cat-juguetes-bienestar","9":"product_cat-juguetes-bienestar-dildospenes-realisticos","10":"yith_product_brand-all-black","12":"first","13":"instock","14":"taxable","15":"shipping-taxable","16":"purchasable","17":"product-type-simple"},"aioseo_notices":[],"_links":{"self":[{"href":"https:\/\/www.mysexualfantasy.eu\/en\/wp-json\/wp\/v2\/product\/29927","targetHints":{"allow":["GET"]}}],"collection":[{"href":"https:\/\/www.mysexualfantasy.eu\/en\/wp-json\/wp\/v2\/product"}],"about":[{"href":"https:\/\/www.mysexualfantasy.eu\/en\/wp-json\/wp\/v2\/types\/product"}],"replies":[{"embeddable":true,"href":"https:\/\/www.mysexualfantasy.eu\/en\/wp-json\/wp\/v2\/comments?post=29927"}],"wp:featuredmedia":[{"embeddable":true,"href":"https:\/\/www.mysexualfantasy.eu\/en\/wp-json\/wp\/v2\/media\/62687"}],"wp:attachment":[{"href":"https:\/\/www.mysexualfantasy.eu\/en\/wp-json\/wp\/v2\/media?parent=29927"}],"wp:term":[{"taxonomy":"product_brand","embeddable":true,"href":"https:\/\/www.mysexualfantasy.eu\/en\/wp-json\/wp\/v2\/product_brand?post=29927"},{"taxonomy":"product_cat","embeddable":true,"href":"https:\/\/www.mysexualfantasy.eu\/en\/wp-json\/wp\/v2\/product_cat?post=29927"},{"taxonomy":"product_tag","embeddable":true,"href":"https:\/\/www.mysexualfantasy.eu\/en\/wp-json\/wp\/v2\/product_tag?post=29927"}],"curies":[{"name":"wp","href":"https:\/\/api.w.org\/{rel}","templated":true}]}}