{"id":29930,"date":"2023-01-13T11:44:46","date_gmt":"2023-01-13T11:44:46","guid":{"rendered":"https:\/\/www.mysexualfantasy.eu\/?post_type=product&#038;p=29930"},"modified":"2023-12-06T15:54:32","modified_gmt":"2023-12-06T15:54:32","slug":"all-black-anal-plug-285cm","status":"publish","type":"product","link":"https:\/\/www.mysexualfantasy.eu\/en\/product\/all-black-anal-plug-285cm\/","title":{"rendered":"ALL BLACK &#8211; ANAL PLUG 28,5 CM"},"content":{"rendered":"<div>Este buttplug All Black tiene forma de cono y facilita su inserci\u00f3n y estiramiento para obtener el m\u00e1ximo placer anal.<\/div>\n<div>Los lubricantes a base de agua y silicona se pueden usar aqu\u00ed. Es importante limpiar bien el tap\u00f3n trasero despu\u00e9s de su uso.<\/div>\n<div>Cada juguete est\u00e1 envuelto individualmente en una funda protectora de pl\u00e1stico transparente.<\/div>\n<ul>\n<li>\u2022<span style=\"white-space:pre\"> <\/span>Dimensiones del producto: 28,5 x 11,5 x 11,5 cm<\/li>\n<li>\u2022<span style=\"white-space:pre\"> <\/span>Peso del producto: 2399 gr<\/li>\n<li>\u2022<span style=\"white-space:pre\"> <\/span>Di\u00e1metro del producto: 11,5 cm<\/li>\n<li>\u2022<span style=\"white-space:pre\"> <\/span>Longitud insertable: 23 cm<\/li>\n<li>\u2022<span style=\"white-space:pre\"> <\/span>A prueba de agua: S\u00ed<\/li>\n<li>\u2022<span style=\"white-space:pre\"> <\/span>Materiales: PVC<\/li>\n<\/ul>\n<div>Descubre toda la gama de productos ALLBLACK, todos los tama\u00f1os y todas las formas disponibles desatan la imaginaci\u00f3n en la versi\u00f3n black m\u00e1s variada del mercado, todos los productos cuentan con un material hipoalerg\u00e9nico libre de\u00a0 phalatos perfecto para todos los p\u00fablicos.\u00a0<\/div>","protected":false},"excerpt":{"rendered":"<p>ALL BLACK &#8211; ANAL PLUG 28,5 CM<\/p>","protected":false},"featured_media":42341,"comment_status":"open","ping_status":"closed","template":"","meta":{"_monsterinsights_skip_tracking":false,"_monsterinsights_sitenote_active":false,"_monsterinsights_sitenote_note":"","_monsterinsights_sitenote_category":0,"_joinchat":[]},"product_brand":[],"product_cat":[1162,1306,1152,1189],"product_tag":[],"class_list":{"0":"post-29930","1":"product","2":"type-product","3":"status-publish","4":"has-post-thumbnail","6":"product_cat-juguetes-bienestar-anal","7":"product_cat-juguetes-bienestar-analdildos-anales","8":"product_cat-juguetes-bienestar","9":"product_cat-juguetes-bienestar-analplugs-anales","10":"yith_product_brand-all-black","12":"first","13":"instock","14":"taxable","15":"shipping-taxable","16":"purchasable","17":"product-type-simple"},"aioseo_notices":[],"_links":{"self":[{"href":"https:\/\/www.mysexualfantasy.eu\/en\/wp-json\/wp\/v2\/product\/29930","targetHints":{"allow":["GET"]}}],"collection":[{"href":"https:\/\/www.mysexualfantasy.eu\/en\/wp-json\/wp\/v2\/product"}],"about":[{"href":"https:\/\/www.mysexualfantasy.eu\/en\/wp-json\/wp\/v2\/types\/product"}],"replies":[{"embeddable":true,"href":"https:\/\/www.mysexualfantasy.eu\/en\/wp-json\/wp\/v2\/comments?post=29930"}],"wp:featuredmedia":[{"embeddable":true,"href":"https:\/\/www.mysexualfantasy.eu\/en\/wp-json\/wp\/v2\/media\/42341"}],"wp:attachment":[{"href":"https:\/\/www.mysexualfantasy.eu\/en\/wp-json\/wp\/v2\/media?parent=29930"}],"wp:term":[{"taxonomy":"product_brand","embeddable":true,"href":"https:\/\/www.mysexualfantasy.eu\/en\/wp-json\/wp\/v2\/product_brand?post=29930"},{"taxonomy":"product_cat","embeddable":true,"href":"https:\/\/www.mysexualfantasy.eu\/en\/wp-json\/wp\/v2\/product_cat?post=29930"},{"taxonomy":"product_tag","embeddable":true,"href":"https:\/\/www.mysexualfantasy.eu\/en\/wp-json\/wp\/v2\/product_tag?post=29930"}],"curies":[{"name":"wp","href":"https:\/\/api.w.org\/{rel}","templated":true}]}}