{"id":29931,"date":"2023-01-13T11:44:47","date_gmt":"2023-01-13T11:44:47","guid":{"rendered":"https:\/\/www.mysexualfantasy.eu\/?post_type=product&#038;p=29931"},"modified":"2023-12-06T15:54:32","modified_gmt":"2023-12-06T15:54:32","slug":"all-black-plug-anal-35cm","status":"publish","type":"product","link":"https:\/\/www.mysexualfantasy.eu\/en\/product\/all-black-plug-anal-35cm\/","title":{"rendered":"ALL BLACK &#8211; PLUG ANAL 35 CM"},"content":{"rendered":"<div>Este tap\u00f3n trasero All Black con una forma de pene casi real asegura que el principiante se llena un poco m\u00e1s y al mismo tiempo se estire m\u00e1s.<\/div>\n<div>\u00a1Estar\u00e1s encantado con este juguete!<\/div>\n<div>Se pueden usar lubricantes a base de agua y silicona. Limpie bien el tap\u00f3n despu\u00e9s de usarlo. Cada juguete est\u00e1 envuelto herm\u00e9ticamente en una funda protectora de pl\u00e1stico transparente.<\/div>\n<ul>\n<li>\u2022<span style=\"white-space:pre\"> <\/span>Material: PVC<\/li>\n<li>\u2022<span style=\"white-space:pre\"> <\/span>Medidas: 35 x 9 cm<\/li>\n<\/ul>\n<p>Descubre toda la gama de productos ALLBLACK, todos los tama\u00f1os y todas las formas disponibles desatan la imaginaci\u00f3n en la versi\u00f3n black m\u00e1s variada del mercado, todos los productos cuentan con un material hipoalerg\u00e9nico libre de\u00a0 phalatos perfecto para todos los p\u00fablicos.\u00a0<\/p>","protected":false},"excerpt":{"rendered":"<p>ALL BLACK &#8211; PLUG ANAL 35 CM<\/p>","protected":false},"featured_media":42344,"comment_status":"open","ping_status":"closed","template":"","meta":{"_monsterinsights_skip_tracking":false,"_monsterinsights_sitenote_active":false,"_monsterinsights_sitenote_note":"","_monsterinsights_sitenote_category":0,"_joinchat":[]},"product_brand":[],"product_cat":[1162,1306,1152,1189],"product_tag":[],"class_list":{"0":"post-29931","1":"product","2":"type-product","3":"status-publish","4":"has-post-thumbnail","6":"product_cat-juguetes-bienestar-anal","7":"product_cat-juguetes-bienestar-analdildos-anales","8":"product_cat-juguetes-bienestar","9":"product_cat-juguetes-bienestar-analplugs-anales","10":"yith_product_brand-all-black","12":"first","13":"instock","14":"taxable","15":"shipping-taxable","16":"purchasable","17":"product-type-simple"},"aioseo_notices":[],"_links":{"self":[{"href":"https:\/\/www.mysexualfantasy.eu\/en\/wp-json\/wp\/v2\/product\/29931","targetHints":{"allow":["GET"]}}],"collection":[{"href":"https:\/\/www.mysexualfantasy.eu\/en\/wp-json\/wp\/v2\/product"}],"about":[{"href":"https:\/\/www.mysexualfantasy.eu\/en\/wp-json\/wp\/v2\/types\/product"}],"replies":[{"embeddable":true,"href":"https:\/\/www.mysexualfantasy.eu\/en\/wp-json\/wp\/v2\/comments?post=29931"}],"wp:featuredmedia":[{"embeddable":true,"href":"https:\/\/www.mysexualfantasy.eu\/en\/wp-json\/wp\/v2\/media\/42344"}],"wp:attachment":[{"href":"https:\/\/www.mysexualfantasy.eu\/en\/wp-json\/wp\/v2\/media?parent=29931"}],"wp:term":[{"taxonomy":"product_brand","embeddable":true,"href":"https:\/\/www.mysexualfantasy.eu\/en\/wp-json\/wp\/v2\/product_brand?post=29931"},{"taxonomy":"product_cat","embeddable":true,"href":"https:\/\/www.mysexualfantasy.eu\/en\/wp-json\/wp\/v2\/product_cat?post=29931"},{"taxonomy":"product_tag","embeddable":true,"href":"https:\/\/www.mysexualfantasy.eu\/en\/wp-json\/wp\/v2\/product_tag?post=29931"}],"curies":[{"name":"wp","href":"https:\/\/api.w.org\/{rel}","templated":true}]}}