{"id":30156,"date":"2023-01-13T14:32:45","date_gmt":"2023-01-13T14:32:45","guid":{"rendered":"https:\/\/www.mysexualfantasy.eu\/?post_type=product&#038;p=30156"},"modified":"2023-12-06T15:19:04","modified_gmt":"2023-12-06T15:19:04","slug":"orgie-kit-de-masajes-de-labios-algodon-de-azucar","status":"publish","type":"product","link":"https:\/\/www.mysexualfantasy.eu\/en\/product\/orgie-kit-de-masajes-de-labios-algodon-de-azucar\/","title":{"rendered":"ORGIE &#8211; KIT DE MASAJES DE LABIOS ALGODON DE AZUCAR"},"content":{"rendered":"<p>El kit Lips Massage proporcionar\u00e1 momentos \u00edntimos inolvidables.\u00a0<\/p>\n<p>Compuesto por un Aceite Sexy Therapy para besar, deliciosamente sensual que provoca una ligera sensaci\u00f3n de calentamiento en las \u00e1reas aplicadas y ideal para hacer juegos orales en lugares especificos del cuerpo, una pluma para ser utilizada en la t\u00e9cnica de \u201clips massage\u201d y una gu\u00eda que explica en detalle el masaje.<\/p>\n<ul>\n<li>Kit de masaje para labios\u00a0<\/li>\n<li>100 ml\u00a0<\/li>\n<li>Un producto exclusivo Orgie.<\/li>\n<\/ul>\n<p>Contiene:\u00a0<\/p>\n<ul>\n<li>1 bote de aceite de masaje con delicioso\u00a0olor y sabor a algod\u00f3n de az\u00facar\u00a0<\/li>\n<li>1 pluma\u00a0<\/li>\n<li>1 gu\u00eda de masaje\u00a0<\/li>\n<\/ul>\n<p>Con Orgie atr\u00e9vete a ser t\u00fa y aumentar e intensificar tu placer y sensualidad. \u00a1Atr\u00e9vete!\u00a0<\/p>\n<p style=\"text-align: center;\"><iframe allow=\"accelerometer; autoplay; encrypted-media; gyroscope; picture-in-picture\" allowfullscreen=\"\" frameborder=\"0\" height=\"315\" scrolling=\"no\" src=\"https:\/\/www.youtube.com\/embed\/fa4N3Hw7GqY\" width=\"800\"><\/iframe><\/p>","protected":false},"excerpt":{"rendered":"<p>ORGIE &#8211; LIPS MASSAGE COTTON CANDY<\/p>","protected":false},"featured_media":68917,"comment_status":"open","ping_status":"closed","template":"","meta":{"_monsterinsights_skip_tracking":false,"_monsterinsights_sitenote_active":false,"_monsterinsights_sitenote_note":"","_monsterinsights_sitenote_category":0,"_joinchat":[]},"product_brand":[],"product_cat":[1218,1203,616,1266,1220,1216],"product_tag":[],"class_list":{"0":"post-30156","1":"product","2":"type-product","3":"status-publish","4":"has-post-thumbnail","6":"product_cat-drogueria-para-masajesaceites-con-sabores","7":"product_cat-drogueria","8":"product_cat-juegos","9":"product_cat-juegos-juegos-preliminares","10":"product_cat-drogueria-para-masajeskits-de-masaje","11":"product_cat-drogueria-para-masajes","12":"yith_product_brand-orgie","14":"first","15":"instock","16":"taxable","17":"shipping-taxable","18":"purchasable","19":"product-type-simple"},"aioseo_notices":[],"_links":{"self":[{"href":"https:\/\/www.mysexualfantasy.eu\/en\/wp-json\/wp\/v2\/product\/30156","targetHints":{"allow":["GET"]}}],"collection":[{"href":"https:\/\/www.mysexualfantasy.eu\/en\/wp-json\/wp\/v2\/product"}],"about":[{"href":"https:\/\/www.mysexualfantasy.eu\/en\/wp-json\/wp\/v2\/types\/product"}],"replies":[{"embeddable":true,"href":"https:\/\/www.mysexualfantasy.eu\/en\/wp-json\/wp\/v2\/comments?post=30156"}],"wp:featuredmedia":[{"embeddable":true,"href":"https:\/\/www.mysexualfantasy.eu\/en\/wp-json\/wp\/v2\/media\/68917"}],"wp:attachment":[{"href":"https:\/\/www.mysexualfantasy.eu\/en\/wp-json\/wp\/v2\/media?parent=30156"}],"wp:term":[{"taxonomy":"product_brand","embeddable":true,"href":"https:\/\/www.mysexualfantasy.eu\/en\/wp-json\/wp\/v2\/product_brand?post=30156"},{"taxonomy":"product_cat","embeddable":true,"href":"https:\/\/www.mysexualfantasy.eu\/en\/wp-json\/wp\/v2\/product_cat?post=30156"},{"taxonomy":"product_tag","embeddable":true,"href":"https:\/\/www.mysexualfantasy.eu\/en\/wp-json\/wp\/v2\/product_tag?post=30156"}],"curies":[{"name":"wp","href":"https:\/\/api.w.org\/{rel}","templated":true}]}}