{"id":30322,"date":"2023-01-13T14:43:21","date_gmt":"2023-01-13T14:43:21","guid":{"rendered":"https:\/\/www.mysexualfantasy.eu\/?post_type=product&#038;p=30322"},"modified":"2023-12-06T17:25:49","modified_gmt":"2023-12-06T17:25:49","slug":"obsessive-bella-vista-micro-bikini-negro-talla-unica","status":"publish","type":"product","link":"https:\/\/www.mysexualfantasy.eu\/en\/product\/obsessive-bella-vista-micro-bikini-negro-talla-unica\/","title":{"rendered":"OBSESSIVE &#8211; BELLA VISTA MICRO BIKINI NEGRO TALLA UNICA"},"content":{"rendered":"<p>Porque lo cl\u00e1sico siempre es mejor,\u00a0con este bikini sexy\u00a0no ser\u00e1 diferente.El\u00a0bikini Bella Vista\u00a0har\u00e1 hincapi\u00e9 en sus curvas en esta forma cl\u00e1sica pero tambi\u00e9n traviesa. \u00a1Muestra tu hermoso cuerpo bronceado y disfruta del verano!<\/p>\n<p>Ver los detalles:<\/p>\n<ul>\n<li>Bikini Dorado Bella Vista<\/li>\n<li>Micro sujetador tentador con copas suaves  aspecto impresionante<\/li>\n<li>Estilo cl\u00e1sico, pronuncia las curvas\u00a0<\/li>\n<li>Con cordones en el cuello, la espalda y tambi\u00e9n en las caderas  comodidad de usar<\/li>\n<li>Tejido hermoso y brillante<\/li>\n<li>Composici\u00f3n: 95% poli\u00e9ster, 5% elastano<\/li>\n<li>Measurements: Ver imagen<\/li>\n<li>Talla \u00fanica\u00a0<\/li>\n<\/ul>\n<p>\u00a1Obsessive significa inspiraci\u00f3n en la mujer!\u00a0 Elegancia, sensualidad, amor a la costura&#8230;.significa mucho para la mujer, pocos son los adjetivos que pueden calificar a Obsessive, donde una labor de a\u00f1os han conseguido unir la mejor relaci\u00f3n calidad-precio.<\/p>\n<p 1.5=\"\" color:=\"\" font-size:=\"\" line-height:=\"\" margin-top:=\"\" roboto=\"\" style=\"box-sizing: border-box;\">\u00a1L\u00edderes mundiales en lencer\u00eda, nadie lo hace mejor!<\/p>","protected":false},"excerpt":{"rendered":"<p>OBSESSIVE &#8211; BELLA VISTA SWIMWEAR &#8211; BLACK ONE SIZE<\/p>","protected":false},"featured_media":70559,"comment_status":"open","ping_status":"closed","template":"","meta":{"_monsterinsights_skip_tracking":false,"_monsterinsights_sitenote_active":false,"_monsterinsights_sitenote_note":"","_monsterinsights_sitenote_category":0,"_joinchat":[]},"product_brand":[],"product_cat":[1196,1199,1437,1166,1436],"product_tag":[],"class_list":{"0":"post-30322","1":"product","2":"type-product","3":"status-publish","4":"has-post-thumbnail","6":"product_cat-moda-lencerialenceria-mujer","7":"product_cat-moda-lencerialenceria-mujerlenceria-sexy","8":"product_cat-moda-lencerialenceria-mujertrajes-de-banomicro-bikini","9":"product_cat-moda-lenceria","10":"product_cat-moda-lencerialenceria-mujertrajes-de-bano","11":"yith_product_brand-obsessive","12":"yith_product_brand-obsessiveobsessive-summer","14":"first","15":"outofstock","16":"taxable","17":"shipping-taxable","18":"product-type-variable"},"aioseo_notices":[],"_links":{"self":[{"href":"https:\/\/www.mysexualfantasy.eu\/en\/wp-json\/wp\/v2\/product\/30322","targetHints":{"allow":["GET"]}}],"collection":[{"href":"https:\/\/www.mysexualfantasy.eu\/en\/wp-json\/wp\/v2\/product"}],"about":[{"href":"https:\/\/www.mysexualfantasy.eu\/en\/wp-json\/wp\/v2\/types\/product"}],"replies":[{"embeddable":true,"href":"https:\/\/www.mysexualfantasy.eu\/en\/wp-json\/wp\/v2\/comments?post=30322"}],"wp:featuredmedia":[{"embeddable":true,"href":"https:\/\/www.mysexualfantasy.eu\/en\/wp-json\/wp\/v2\/media\/70559"}],"wp:attachment":[{"href":"https:\/\/www.mysexualfantasy.eu\/en\/wp-json\/wp\/v2\/media?parent=30322"}],"wp:term":[{"taxonomy":"product_brand","embeddable":true,"href":"https:\/\/www.mysexualfantasy.eu\/en\/wp-json\/wp\/v2\/product_brand?post=30322"},{"taxonomy":"product_cat","embeddable":true,"href":"https:\/\/www.mysexualfantasy.eu\/en\/wp-json\/wp\/v2\/product_cat?post=30322"},{"taxonomy":"product_tag","embeddable":true,"href":"https:\/\/www.mysexualfantasy.eu\/en\/wp-json\/wp\/v2\/product_tag?post=30322"}],"curies":[{"name":"wp","href":"https:\/\/api.w.org\/{rel}","templated":true}]}}