{"id":30378,"date":"2023-01-13T11:39:35","date_gmt":"2023-01-13T11:39:35","guid":{"rendered":"https:\/\/www.mysexualfantasy.eu\/?post_type=product&#038;p=30378"},"modified":"2023-12-06T16:03:54","modified_gmt":"2023-12-06T16:03:54","slug":"calex-the-ultimate-estimulador-triple","status":"publish","type":"product","link":"https:\/\/www.mysexualfantasy.eu\/en\/product\/calex-the-ultimate-estimulador-triple\/","title":{"rendered":"CALEX THE ULTIMATE ESTIMULADOR TRIPLE"},"content":{"rendered":"<p>Disfruta de este juguete que te permite disfrutar de la doble penetraci\u00f3n, fabricado de suave gelatina de primera calidad, muy flexible.<\/p>\n<p>\u00a1Gozar del placer de la penetraci\u00f3n doble sin la molestia de implicar a una tercera persona!.<\/p>\n<p>Dispone de un agujero central donde se coloca el pene, obteniendo una doble penetraci\u00f3n, vaginal y anal, adem\u00e1s de la estimulaci\u00f3n vibratoria conjunta del cl\u00edtoris y la base del pene.<\/p>\n<p>Podr\u00e1s experimentar la sensaci\u00f3n del est\u00edmulo por tres diferentes v\u00edas.<\/p>\n<p>Puedes darle la forma que m\u00e1s te guste gracias a que es vertebrado, con lo que podr\u00e1s ir variando la posici\u00f3n hasta encontrar el punto m\u00e1s satisfactorio.<\/p>\n<ul>\n<li>Por otro lado, el anillo permite retardar la eyaculaci\u00f3n, mantener tu pene erecto mucho m\u00e1s tiempo y alargar el tiempo de las relaciones sexuales.<\/li>\n<li>La velocidad de vibraci\u00f3n del vibrador es regulable.<\/li>\n<li>Medidas: 13 cm x 3 cm.<\/li>\n<\/ul>\n<p>Funciona con 2 pilas R6\/AA que puedes encontrar en la secci\u00f3n Pilas.<\/p>","protected":false},"excerpt":{"rendered":"<p>CALEX THE ULTIMATE TRIPLE STIMULATOR<\/p>","protected":false},"featured_media":40552,"comment_status":"open","ping_status":"closed","template":"","meta":{"_monsterinsights_skip_tracking":false,"_monsterinsights_sitenote_active":false,"_monsterinsights_sitenote_note":"","_monsterinsights_sitenote_category":0,"_joinchat":[]},"product_brand":[],"product_cat":[1173,1279,1282,1152,1155],"product_tag":[],"class_list":{"0":"post-30378","1":"product","2":"type-product","3":"status-publish","4":"has-post-thumbnail","6":"product_cat-juguetes-bienestar-arneses","7":"product_cat-juguetes-bienestar-arnesesarneses-con-vibracion","8":"product_cat-juguetes-bienestar-arnesesarneses-sin-correas","9":"product_cat-juguetes-bienestar","10":"product_cat-juguetes-bienestar-juguetes-para-mujeres","11":"yith_product_brand-california-exotics","13":"first","14":"instock","15":"taxable","16":"shipping-taxable","17":"purchasable","18":"product-type-simple"},"aioseo_notices":[],"_links":{"self":[{"href":"https:\/\/www.mysexualfantasy.eu\/en\/wp-json\/wp\/v2\/product\/30378","targetHints":{"allow":["GET"]}}],"collection":[{"href":"https:\/\/www.mysexualfantasy.eu\/en\/wp-json\/wp\/v2\/product"}],"about":[{"href":"https:\/\/www.mysexualfantasy.eu\/en\/wp-json\/wp\/v2\/types\/product"}],"replies":[{"embeddable":true,"href":"https:\/\/www.mysexualfantasy.eu\/en\/wp-json\/wp\/v2\/comments?post=30378"}],"wp:featuredmedia":[{"embeddable":true,"href":"https:\/\/www.mysexualfantasy.eu\/en\/wp-json\/wp\/v2\/media\/40552"}],"wp:attachment":[{"href":"https:\/\/www.mysexualfantasy.eu\/en\/wp-json\/wp\/v2\/media?parent=30378"}],"wp:term":[{"taxonomy":"product_brand","embeddable":true,"href":"https:\/\/www.mysexualfantasy.eu\/en\/wp-json\/wp\/v2\/product_brand?post=30378"},{"taxonomy":"product_cat","embeddable":true,"href":"https:\/\/www.mysexualfantasy.eu\/en\/wp-json\/wp\/v2\/product_cat?post=30378"},{"taxonomy":"product_tag","embeddable":true,"href":"https:\/\/www.mysexualfantasy.eu\/en\/wp-json\/wp\/v2\/product_tag?post=30378"}],"curies":[{"name":"wp","href":"https:\/\/api.w.org\/{rel}","templated":true}]}}