{"id":30388,"date":"2023-01-13T11:36:31","date_gmt":"2023-01-13T11:36:31","guid":{"rendered":"https:\/\/www.mysexualfantasy.eu\/?post_type=product&#038;p=30388"},"modified":"2023-12-06T14:50:32","modified_gmt":"2023-12-06T14:50:32","slug":"calex-funda-pene-con-vibrador-para-clitoris","status":"publish","type":"product","link":"https:\/\/www.mysexualfantasy.eu\/en\/product\/calex-funda-pene-con-vibrador-para-clitoris\/","title":{"rendered":"CALEX FUNDA PENE CON VIBRADOR PARA CLITORIS"},"content":{"rendered":"<p>Funda para el pene con estimulador para cl\u00edtoris, con el que podr\u00e9is aumentar el placer en vuestras relaciones \u00edntimas, hasta l\u00edmites insospechados.<\/p>\n<ul>\n<li>Fabricado de silicona transparente de primera calidad.<\/li>\n<li>Una vez colocado en el miembro erecto del hombre, con cada penetraci\u00f3n, el vibrador estimular\u00e1 con su parte delantera el cl\u00edtoris y con las perlas de acero insertadas encima y debajo la zona vaginal.<\/li>\n<li>Ayuda a retardar la eyaculaci\u00f3n, mantener tu pene erecto mucho m\u00e1s tiempo y alargar el tiempo de las relaciones sexuales.<\/li>\n<li>Incluye un potente vibrador.<\/li>\n<li>Es muy confortable.<\/li>\n<\/ul>\n<p>Incluye dos juegos de pilas, por lo que lo vas a poder usar durante largos periodos de tiempo sin tener que preocuparte por ellas.<\/p>","protected":false},"excerpt":{"rendered":"<p>CALEX EL TORO ENHANCER WITH BEADS<\/p>","protected":false},"featured_media":36322,"comment_status":"open","ping_status":"closed","template":"","meta":{"_monsterinsights_skip_tracking":false,"_monsterinsights_sitenote_active":false,"_monsterinsights_sitenote_note":"","_monsterinsights_sitenote_category":0,"_joinchat":[]},"product_brand":[],"product_cat":[1170,1172,1171,1152,1160],"product_tag":[],"class_list":{"0":"post-30388","1":"product","2":"type-product","3":"status-publish","4":"has-post-thumbnail","6":"product_cat-juguetes-bienestar-juguetes-para-hombresaccesorios-para-el-pene","7":"product_cat-juguetes-bienestar-juguetes-para-hombresaccesorios-para-el-peneanillos-peneanillos-con-vibracion","8":"product_cat-juguetes-bienestar-juguetes-para-hombresaccesorios-para-el-peneanillos-pene","9":"product_cat-juguetes-bienestar","10":"product_cat-juguetes-bienestar-juguetes-para-hombres","11":"yith_product_brand-california-exotics","13":"first","14":"instock","15":"taxable","16":"shipping-taxable","17":"purchasable","18":"product-type-simple"},"aioseo_notices":[],"_links":{"self":[{"href":"https:\/\/www.mysexualfantasy.eu\/en\/wp-json\/wp\/v2\/product\/30388","targetHints":{"allow":["GET"]}}],"collection":[{"href":"https:\/\/www.mysexualfantasy.eu\/en\/wp-json\/wp\/v2\/product"}],"about":[{"href":"https:\/\/www.mysexualfantasy.eu\/en\/wp-json\/wp\/v2\/types\/product"}],"replies":[{"embeddable":true,"href":"https:\/\/www.mysexualfantasy.eu\/en\/wp-json\/wp\/v2\/comments?post=30388"}],"wp:featuredmedia":[{"embeddable":true,"href":"https:\/\/www.mysexualfantasy.eu\/en\/wp-json\/wp\/v2\/media\/36322"}],"wp:attachment":[{"href":"https:\/\/www.mysexualfantasy.eu\/en\/wp-json\/wp\/v2\/media?parent=30388"}],"wp:term":[{"taxonomy":"product_brand","embeddable":true,"href":"https:\/\/www.mysexualfantasy.eu\/en\/wp-json\/wp\/v2\/product_brand?post=30388"},{"taxonomy":"product_cat","embeddable":true,"href":"https:\/\/www.mysexualfantasy.eu\/en\/wp-json\/wp\/v2\/product_cat?post=30388"},{"taxonomy":"product_tag","embeddable":true,"href":"https:\/\/www.mysexualfantasy.eu\/en\/wp-json\/wp\/v2\/product_tag?post=30388"}],"curies":[{"name":"wp","href":"https:\/\/api.w.org\/{rel}","templated":true}]}}