{"id":30406,"date":"2023-01-13T13:54:01","date_gmt":"2023-01-13T13:54:01","guid":{"rendered":"https:\/\/www.mysexualfantasy.eu\/?post_type=product&#038;p=30406"},"modified":"2023-12-06T15:51:24","modified_gmt":"2023-12-06T15:51:24","slug":"rockarmy-liquid-silicone-dildo-premium-kingcobra-24cm","status":"publish","type":"product","link":"https:\/\/www.mysexualfantasy.eu\/en\/product\/rockarmy-liquid-silicone-dildo-premium-kingcobra-24cm\/","title":{"rendered":"ROCKARMY &#8211; LIQUID SILICONE DILDO PREMIUM KINGCOBRA 24CM"},"content":{"rendered":"<p>El Liquid silicone Kingcobra\u00a0 es un dildo de silicona\u00a0 placentero y realista de la colecci\u00f3n Rock Army, dise\u00f1ado para alcanzar todos tus puntos \u00edntimos.<\/p>\n<p>Este pene real\u00edstico premium es de un color de tono natural y tiene una silueta con una base de ventosa: ofreci\u00e9ndole una experiencia realista y emocionante.<\/p>\n<p>El dise\u00f1o presenta detalles cuidadosamente dise\u00f1ados para mejorar su atractivo natural, mientras que su material de doble densidad ofrece el doble de diversi\u00f3n \u00edntima.<\/p>\n<p>Su exterior suave al tacto y su n\u00facleo s\u00f3lido forman una combinaci\u00f3n irresistible que te dejar\u00e1 boquiabierto con su sensaci\u00f3n sensacional.<\/p>\n<p>Grandiosas son tambi\u00e9n sus cualidades. Con su tacto sedoso y su placentera superficie de 100% silicona, Kingcobra\u00a0estimula en todas las situaciones; en la cama, en la ba\u00f1era o utiliz\u00e1ndolo con un arn\u00e9s. Adem\u00e1s Kingcobra\u00a0 se puede usar sin manos colocando su pie de forma ergon\u00f3mica sobre una superficie llana. Se quedar\u00e1 as\u00ed tanto tiempo se requiera y se retirar\u00e1 con total facilidad.<\/p>\n<p>Hecho de silicona liquida \u00a0y empaquetado de una manera cuidadosamente revisada, el liquid silicone de \u00a0rock army \u00a0es imprescindible para todos los amantes de la diversi\u00f3n realista.<\/p>\n<p>El material Liquid Silicone 100% Silicona hipoalerg\u00e9nico de Rockarmy destaca por su sedosa superficie mate con una extraordinaria adaptaci\u00f3n al cuerpo. Acabado premium impermeable (IPX7) .<\/p>\n<p>Los juguetes er\u00f3ticos se limpian con facilidad y se conservan higi\u00e9nicos durante mucho tiempo. El flexible material se desliza de maravilla y adopta r\u00e1pidamente la temperatura del cuerpo. El dildo Rockarmy se limpia r\u00e1pida y f\u00e1cilmente con un poco de jab\u00f3n y agua templada. Para una higiene minuciosa, roc\u00edalo despu\u00e9s con limpiador desinfectante para juguetes sexuales, preferentemente con waterfeel toycleaner, espec\u00edficamente concebido para ello.<\/p>\n<ul>\n<li>Dildo<\/li>\n<li>Para uso vaginal y anal<\/li>\n<li>La base ancha del juguete estimula las zonas er\u00f3genas externas y garantiza un uso anal 100% seguro<\/li>\n<li>Tiene una superficie lisa y agradable y un dise\u00f1o muy realista<\/li>\n<li>El cuerpo \u00a0es estable y muy flexible a la vez<\/li>\n<li>La base con efecto ventosa permite sujetarlo a superficies y paredes lisas<\/li>\n<li>Puede usarse con arn\u00e9s<\/li>\n<li>Material \u00a0hipoalerg\u00e9nico e inodoro<\/li>\n<li>Impermeable<\/li>\n<li>F\u00e1cil de limpiar con el WATERFEEL TOYCLEANER o bien con agua y jab\u00f3n suave<\/li>\n<li>Tama\u00f1o: 24\u00a0cm x 4.77cm<\/li>\n<\/ul>\n<p style=\"text-align: center;\">\u00a0<\/p>","protected":false},"excerpt":{"rendered":"<p>ROCKARMY &#8211; LIQUID SILICONE PREMIUM KINGCOBRA REALISTIC 24CM<\/p>","protected":false},"featured_media":62914,"comment_status":"open","ping_status":"closed","template":"","meta":{"_monsterinsights_skip_tracking":false,"_monsterinsights_sitenote_active":false,"_monsterinsights_sitenote_note":"","_monsterinsights_sitenote_category":0,"_joinchat":[]},"product_brand":[],"product_cat":[1182,1304,1152,1188],"product_tag":[],"class_list":{"0":"post-30406","1":"product","2":"type-product","3":"status-publish","4":"has-post-thumbnail","6":"product_cat-juguetes-bienestar-dildos","7":"product_cat-juguetes-bienestar-dildosdildos-para-arneses","8":"product_cat-juguetes-bienestar","9":"product_cat-juguetes-bienestar-dildospenes-realisticos","10":"yith_product_brand-rock-army","12":"first","13":"instock","14":"taxable","15":"shipping-taxable","16":"purchasable","17":"product-type-simple"},"aioseo_notices":[],"_links":{"self":[{"href":"https:\/\/www.mysexualfantasy.eu\/en\/wp-json\/wp\/v2\/product\/30406","targetHints":{"allow":["GET"]}}],"collection":[{"href":"https:\/\/www.mysexualfantasy.eu\/en\/wp-json\/wp\/v2\/product"}],"about":[{"href":"https:\/\/www.mysexualfantasy.eu\/en\/wp-json\/wp\/v2\/types\/product"}],"replies":[{"embeddable":true,"href":"https:\/\/www.mysexualfantasy.eu\/en\/wp-json\/wp\/v2\/comments?post=30406"}],"wp:featuredmedia":[{"embeddable":true,"href":"https:\/\/www.mysexualfantasy.eu\/en\/wp-json\/wp\/v2\/media\/62914"}],"wp:attachment":[{"href":"https:\/\/www.mysexualfantasy.eu\/en\/wp-json\/wp\/v2\/media?parent=30406"}],"wp:term":[{"taxonomy":"product_brand","embeddable":true,"href":"https:\/\/www.mysexualfantasy.eu\/en\/wp-json\/wp\/v2\/product_brand?post=30406"},{"taxonomy":"product_cat","embeddable":true,"href":"https:\/\/www.mysexualfantasy.eu\/en\/wp-json\/wp\/v2\/product_cat?post=30406"},{"taxonomy":"product_tag","embeddable":true,"href":"https:\/\/www.mysexualfantasy.eu\/en\/wp-json\/wp\/v2\/product_tag?post=30406"}],"curies":[{"name":"wp","href":"https:\/\/api.w.org\/{rel}","templated":true}]}}