{"id":30449,"date":"2023-01-13T14:29:06","date_gmt":"2023-01-13T14:29:06","guid":{"rendered":"https:\/\/www.mysexualfantasy.eu\/?post_type=product&#038;p=30449"},"modified":"2023-12-06T15:26:45","modified_gmt":"2023-12-06T15:26:45","slug":"queen-lingerie-chemise-bordados-florales-negro-s-m","status":"publish","type":"product","link":"https:\/\/www.mysexualfantasy.eu\/en\/product\/queen-lingerie-chemise-bordados-florales-negro-s-m\/","title":{"rendered":"QUEEN LINGERIE CHEMISE BORDADOS FLORALES NEGRO S\/M"},"content":{"rendered":"<p>Llama la atenci\u00f3n de tu acompa\u00f1ante y conviertete en pura sensualidad con este sexy chemise \u00fanico.\u00a0Un estilo seductor que\u00a0te convierte en pura seducci\u00f3n. La marca Queen Lingerie significa un nuevo estilo de seducci\u00f3n y pasi\u00f3n para momentos inolvidables<\/p>\n<p>Caracter\u00edsticas:\u00a0<\/p>\n<ul>\n<li>Sexy chemise negro<\/li>\n<li>Bordado floral color blanco\u00a0<\/li>\n<li>Sexys transparencias\u00a0<\/li>\n<li>Presentaci\u00f3n en bolsa (no caja)\u00a0<\/li>\n<li>Tirantas ajustables\u00a0<\/li>\n<li>Composici\u00f3n: 95% poliester \/ 5% spandex<\/li>\n<li>Talla: S\/M<\/li>\n<\/ul>\n<p>Los mejores dise\u00f1os, elegancia y sensualidad. \u00a1Te sentir\u00e1s como la reina que\u00a0eres!<\/p>\n<p style=\"text-align: center;\"><img decoding=\"async\" alt=\"\" src=\"https:\/\/interno.dreamlove.es\/UserFiles\/images\/QUEEN%20CHART%202%281%29.jpg\" style=\"width: 573px; height: 217px;\" \/><\/p>","protected":false},"excerpt":{"rendered":"<p>QUEEN LINGERIE FLORAL LACE CHEMISE S\/M<\/p>","protected":false},"featured_media":68087,"comment_status":"open","ping_status":"closed","template":"","meta":{"_monsterinsights_skip_tracking":false,"_monsterinsights_sitenote_active":false,"_monsterinsights_sitenote_note":"","_monsterinsights_sitenote_category":0,"_joinchat":[]},"product_brand":[],"product_cat":[1284,1196,1199,1166],"product_tag":[],"class_list":{"0":"post-30449","1":"product","2":"type-product","3":"status-publish","4":"has-post-thumbnail","6":"product_cat-moda-lencerialenceria-mujerlenceria-sexycamisones","7":"product_cat-moda-lencerialenceria-mujer","8":"product_cat-moda-lencerialenceria-mujerlenceria-sexy","9":"product_cat-moda-lenceria","10":"yith_product_brand-queen-lingerie","12":"first","13":"instock","14":"taxable","15":"shipping-taxable","16":"purchasable","17":"product-type-variable"},"aioseo_notices":[],"_links":{"self":[{"href":"https:\/\/www.mysexualfantasy.eu\/en\/wp-json\/wp\/v2\/product\/30449","targetHints":{"allow":["GET"]}}],"collection":[{"href":"https:\/\/www.mysexualfantasy.eu\/en\/wp-json\/wp\/v2\/product"}],"about":[{"href":"https:\/\/www.mysexualfantasy.eu\/en\/wp-json\/wp\/v2\/types\/product"}],"replies":[{"embeddable":true,"href":"https:\/\/www.mysexualfantasy.eu\/en\/wp-json\/wp\/v2\/comments?post=30449"}],"wp:featuredmedia":[{"embeddable":true,"href":"https:\/\/www.mysexualfantasy.eu\/en\/wp-json\/wp\/v2\/media\/68087"}],"wp:attachment":[{"href":"https:\/\/www.mysexualfantasy.eu\/en\/wp-json\/wp\/v2\/media?parent=30449"}],"wp:term":[{"taxonomy":"product_brand","embeddable":true,"href":"https:\/\/www.mysexualfantasy.eu\/en\/wp-json\/wp\/v2\/product_brand?post=30449"},{"taxonomy":"product_cat","embeddable":true,"href":"https:\/\/www.mysexualfantasy.eu\/en\/wp-json\/wp\/v2\/product_cat?post=30449"},{"taxonomy":"product_tag","embeddable":true,"href":"https:\/\/www.mysexualfantasy.eu\/en\/wp-json\/wp\/v2\/product_tag?post=30449"}],"curies":[{"name":"wp","href":"https:\/\/api.w.org\/{rel}","templated":true}]}}