{"id":30465,"date":"2023-01-30T18:29:35","date_gmt":"2023-01-30T18:29:35","guid":{"rendered":"https:\/\/www.mysexualfantasy.eu\/?post_type=product&#038;p=30465"},"modified":"2023-12-06T17:16:49","modified_gmt":"2023-12-06T17:16:49","slug":"queen-lingerie-set-sujetador-liguero-y-tanga-l-xl","status":"publish","type":"product","link":"https:\/\/www.mysexualfantasy.eu\/en\/product\/queen-lingerie-set-sujetador-liguero-y-tanga-l-xl\/","title":{"rendered":"QUEEN LINGERIE SUJETADOR, LIGUERO Y TANGA M\/L"},"content":{"rendered":"<p>Una reina debe vestirse como una reina y ahora puedes vivir las noches de gloria de una manera sexy, aqu\u00ed tienes este fabuloso Set \u00fanico. La marca Queen Lingerie significa un nuevo estilo de pasi\u00f3n y seducci\u00f3n para momentos inolvidables.<\/p>\n<p> Caracter\u00edsticas<\/p>\n<ul>\n<li> Conjunto de tres piezas<\/li>\n<li> Incluye sujetador, tanga y liguero<\/li>\n<li> Presentado en bolsa de pl\u00e1stico (sin caja). Listo para usar.<\/li>\n<li> Cordones florales<\/li>\n<li> Composici\u00f3n: 92% Poli\u00e9ster + 8% Spandex<\/li>\n<li> Tama\u00f1o: M\/L<\/li>\n<\/ul>\n<p style=\"text-align: center;\"> <em><strong><u>Busto:<\/u><\/strong><\/em> 91 cm &#8211; 101 cm \/ 36 &#8211; 40 * \/\/ <em><strong><u>Cintura:<\/u><\/strong><\/em> 71 cm &#8211; 81 cm \/ 28 &#8211; 32 * \/\/ <em><strong><u>Caderas:<\/u><\/strong><\/em> 96 cm &#8211; 106 cm \/ 38 &#8211; 42 *<\/p>\n<p style=\"text-align: center;\"> <em><strong><u>Apto para tazas:<\/u><\/strong><\/em> B\/C<\/p>\n<p style=\"text-align: center;\"> <em><strong><u>Talla US\/CA:<\/u><\/strong><\/em> 8 &#8211; 10 \/\/ <em><strong><u>Talla UK\/AUS:<\/u><\/strong><\/em> 12 &#8211; 14 \/\/ <em><strong><u>EUR:<\/u><\/strong><\/em> 40 &#8211; 42 \/\/ <em><strong><u>RUS:<\/u><\/strong><\/em> 44 &#8211; 46 \/\/ <em><strong><u>ASIA:<\/u><\/strong><\/em> XL<\/p>\n<\/p>\n<p> Mejor dise\u00f1o, elegancia y sensualidad. \u00a1Te sentir\u00e1s como una reina que eres!<\/p>\n<p style=\"text-align: center;\">","protected":false},"excerpt":{"rendered":"<p>QUEEN LINGERIE SUJETADOR, LIGUERO Y TANGA M\/L<\/p>","protected":false},"featured_media":73596,"comment_status":"open","ping_status":"closed","template":"","meta":{"_monsterinsights_skip_tracking":false,"_monsterinsights_sitenote_active":false,"_monsterinsights_sitenote_note":"","_monsterinsights_sitenote_category":0,"_joinchat":[]},"product_brand":[],"product_cat":[1196,1197,1199,1166,1445],"product_tag":[],"class_list":{"0":"post-30465","1":"product","2":"type-product","3":"status-publish","4":"has-post-thumbnail","6":"product_cat-moda-lencerialenceria-mujer","7":"product_cat-moda-lencerialenceria-mujerlenceria-picante","8":"product_cat-moda-lencerialenceria-mujerlenceria-sexy","9":"product_cat-moda-lenceria","10":"product_cat-moda-lencerialenceria-mujerlenceria-picantesets-con-liguero","11":"yith_product_brand-queen-lingerie","13":"first","14":"instock","15":"taxable","16":"shipping-taxable","17":"purchasable","18":"product-type-simple"},"aioseo_notices":[],"_links":{"self":[{"href":"https:\/\/www.mysexualfantasy.eu\/en\/wp-json\/wp\/v2\/product\/30465","targetHints":{"allow":["GET"]}}],"collection":[{"href":"https:\/\/www.mysexualfantasy.eu\/en\/wp-json\/wp\/v2\/product"}],"about":[{"href":"https:\/\/www.mysexualfantasy.eu\/en\/wp-json\/wp\/v2\/types\/product"}],"replies":[{"embeddable":true,"href":"https:\/\/www.mysexualfantasy.eu\/en\/wp-json\/wp\/v2\/comments?post=30465"}],"wp:featuredmedia":[{"embeddable":true,"href":"https:\/\/www.mysexualfantasy.eu\/en\/wp-json\/wp\/v2\/media\/73596"}],"wp:attachment":[{"href":"https:\/\/www.mysexualfantasy.eu\/en\/wp-json\/wp\/v2\/media?parent=30465"}],"wp:term":[{"taxonomy":"product_brand","embeddable":true,"href":"https:\/\/www.mysexualfantasy.eu\/en\/wp-json\/wp\/v2\/product_brand?post=30465"},{"taxonomy":"product_cat","embeddable":true,"href":"https:\/\/www.mysexualfantasy.eu\/en\/wp-json\/wp\/v2\/product_cat?post=30465"},{"taxonomy":"product_tag","embeddable":true,"href":"https:\/\/www.mysexualfantasy.eu\/en\/wp-json\/wp\/v2\/product_tag?post=30465"}],"curies":[{"name":"wp","href":"https:\/\/api.w.org\/{rel}","templated":true}]}}