{"id":30472,"date":"2023-01-13T14:24:12","date_gmt":"2023-01-13T14:24:12","guid":{"rendered":"https:\/\/www.mysexualfantasy.eu\/?post_type=product&#038;p=30472"},"modified":"2023-12-06T15:30:37","modified_gmt":"2023-12-06T15:30:37","slug":"lelo-luna-beads-acero-inoxidable","status":"publish","type":"product","link":"https:\/\/www.mysexualfantasy.eu\/en\/product\/lelo-luna-beads-acero-inoxidable\/","title":{"rendered":"LELO LUNA BEADS ACERO INOXIDABLE"},"content":{"rendered":"<p>Dise\u00f1adas para ofrecer una estimulaci\u00f3n natural y recrearte con sutiles vibraciones mientras te mueves, estas esferas de placer fabricadas en acero inoxidable, est\u00e1n pensadas para intensificar progresivamente los orgasmos e incrementar la sensibilidad sexual, hacia el cl\u00edmax m\u00e1s potente y duradero.<\/p>\n<p>Las mejores cosas de esta vida siempre se hacen esperar\u2026 Las segundas mejores cosas de esta vida consisten en una artesan\u00eda casi perfecta. Como nuestros productos de lujo: fabricados para personas que quieren lo mejor y saben que lo mejor requiere tiempo.<\/p>\n<ul>\n<li>M\u00e1ximo lujo y 100% biocompatibles<\/li>\n<li>Suave exterior en acero inoxidabl<\/li>\n<li>Lujosas y discretas sensaciones<\/li>\n<li>Bolas internas recubiertas de goma para vibraciones muy silenciosas<\/li>\n<li>La calidad y el estilo inigualables de LELO<\/li>\n<li>Empaquetado galardonado, garant\u00eda completa de 2 a\u00f1os<\/li>\n<\/ul>\n<p>Abrir una caja de productos LELO es un ritual sensual y sexy. El primer momento de excitaci\u00f3n se convierte en una fiesta de placer que es la expresi\u00f3n definitiva de la compra m\u00e1s satisfactoria.<\/p>\n<ul>\n<li>2 x LUNA Beads\u2122 Luxe<\/li>\n<li>Recubierto con silicona<\/li>\n<li>Funda de sat\u00e9n<\/li>\n<li>Registro de Garant\u00eda<\/li>\n<li>Manual de usuario<\/li>\n<\/ul>","protected":false},"excerpt":{"rendered":"<p>LELO LUNA BEADS SILVER<\/p>","protected":false},"featured_media":67239,"comment_status":"open","ping_status":"closed","template":"","meta":{"_monsterinsights_skip_tracking":false,"_monsterinsights_sitenote_active":false,"_monsterinsights_sitenote_note":"","_monsterinsights_sitenote_category":0,"_joinchat":[]},"product_brand":[],"product_cat":[1158,1264,1152],"product_tag":[],"class_list":{"0":"post-30472","1":"product","2":"type-product","3":"status-publish","4":"has-post-thumbnail","6":"product_cat-juguetes-bienestar-bolas","7":"product_cat-juguetes-bienestar-bolasbolas-basicas","8":"product_cat-juguetes-bienestar","9":"yith_product_brand-lelo","11":"first","12":"instock","13":"taxable","14":"shipping-taxable","15":"purchasable","16":"product-type-simple"},"aioseo_notices":[],"_links":{"self":[{"href":"https:\/\/www.mysexualfantasy.eu\/en\/wp-json\/wp\/v2\/product\/30472","targetHints":{"allow":["GET"]}}],"collection":[{"href":"https:\/\/www.mysexualfantasy.eu\/en\/wp-json\/wp\/v2\/product"}],"about":[{"href":"https:\/\/www.mysexualfantasy.eu\/en\/wp-json\/wp\/v2\/types\/product"}],"replies":[{"embeddable":true,"href":"https:\/\/www.mysexualfantasy.eu\/en\/wp-json\/wp\/v2\/comments?post=30472"}],"wp:featuredmedia":[{"embeddable":true,"href":"https:\/\/www.mysexualfantasy.eu\/en\/wp-json\/wp\/v2\/media\/67239"}],"wp:attachment":[{"href":"https:\/\/www.mysexualfantasy.eu\/en\/wp-json\/wp\/v2\/media?parent=30472"}],"wp:term":[{"taxonomy":"product_brand","embeddable":true,"href":"https:\/\/www.mysexualfantasy.eu\/en\/wp-json\/wp\/v2\/product_brand?post=30472"},{"taxonomy":"product_cat","embeddable":true,"href":"https:\/\/www.mysexualfantasy.eu\/en\/wp-json\/wp\/v2\/product_cat?post=30472"},{"taxonomy":"product_tag","embeddable":true,"href":"https:\/\/www.mysexualfantasy.eu\/en\/wp-json\/wp\/v2\/product_tag?post=30472"}],"curies":[{"name":"wp","href":"https:\/\/api.w.org\/{rel}","templated":true}]}}