{"id":30475,"date":"2023-01-13T14:24:13","date_gmt":"2023-01-13T14:24:13","guid":{"rendered":"https:\/\/www.mysexualfantasy.eu\/?post_type=product&#038;p=30475"},"modified":"2023-12-06T15:19:03","modified_gmt":"2023-12-06T15:19:03","slug":"lelo-luna-beads-plus-set-de-placer","status":"publish","type":"product","link":"https:\/\/www.mysexualfantasy.eu\/en\/product\/lelo-luna-beads-plus-set-de-placer\/","title":{"rendered":"LELO LUNA BEADS PLUS SET DE PLACER"},"content":{"rendered":"<div>Para mujeres que buscan mejorar sus sensaciones y relaciones \u00edntimas y lograr orgasmos m\u00e1s largos e intensos, LELO Beads\u2122 Plus es todo lo que buscabais. Y es que LELO Beads\u2122 Plus es un lujoso set de 6 esferas con pesos que ofrecen un 44% m\u00e1s de combinaciones para toni\ufb01car el suelo p\u00e9lvico. Totalmente sumergibles y seguras para el cuerpo, son perfectas para llevar a cabo ejercicios de Kegel y salpimentar vuestros encuentros rom\u00e1nticos.<\/div>\n<div>\u00a0<\/div>\n<div>LA FORMA DE ALCANZAR ORGASMOS M\u00c1S LARGOS E INTENSOS<\/div>\n<div>\u00a0<\/div>\n<div>Pon a prueba tu suelo p\u00e9lvico con este lujoso set de 6 bolas con pesos intercambiables. Con una mayor variedad de combinaciones para tus rutinas de Kegel, LELO Beads\u2122 Plus vibran suavemente cuando te mueves, ayud\u00e1ndote a alcanzar orgasmos m\u00e1s intensos de manera gradual. Toni\ufb01ca y disfruta con las mejores bolas vaginales del mercado: LELO Beads\u2122 Plus ya est\u00e1n aqu\u00ed<\/div>\n<div>POR QU\u00c9 LES VAN A ENCANTAR A TUS CLIENTAS<\/div>\n<div>ORGASMOS M\u00c1S LARGOS E INTENSOS<\/div>\n<ul>\n<li>\u2022<span style=\"white-space:pre\"> <\/span>Desarrolla mayor control e intensidad de tus orgasmos con estas bolas vaginales. \u00dasalas en los preliminares o durante tus relaciones y toni\ufb01ca tu suelo p\u00e9lvico.<\/li>\n<li>\u2022<span style=\"white-space:pre\"> <\/span>NUEVO PESO PARA TUS RUTINAS<\/li>\n<li>\u2022<span style=\"white-space:pre\"> <\/span>A\u00f1adimos dos bolas de 60g para que puedas fortalecer tus m\u00fasculos a\u00fan m\u00e1s.<\/li>\n<li>\u2022<span style=\"white-space:pre\"> <\/span>MAYOR N\u00daMERO DE COMBINACIONES PARA MAYOR VERSATILIDAD Con 6 bolas para elegir, que representan un 44% m\u00e1s de combinaciones para tus rutinas.<\/li>\n<li>\u2022<span style=\"white-space:pre\"> <\/span>SILICONA EXTRA-SUAVE<\/li>\n<li>\u2022<span style=\"white-space:pre\"> <\/span>Con un conector de silicona pr\u00e9mium extra-suave y biocompatible<\/li>\n<\/ul>\n<div>LELO Beads\u2122 Plus es un lujoso set de 6 esferas con pesos que te ofrece mayor variedad de combinaciones para t\u00f3nica tu suelo p\u00e9lvico. Los pesos en su interior hacen que las bolas vibren con suavidad cuando te mueves y te ayudan a alcanzar un mayor n\u00famero de orgasmos m\u00e1s intensos de manera progresiva. (Tama\u00f1o cl\u00e1sico: \u00d8 35 mm<\/div>\n<div>C\u00d3MO SE USAN:<\/div>\n<ul>\n<li>\u2022<span style=\"white-space:pre\"> <\/span>Elige el peso que estimes m\u00e1s apropiado en funci\u00f3n del estado de tu suelo p\u00e9lvico. Aplica Hidratante personal de LELO en las esferas y en tu cuerpo, para mayor<\/li>\n<li>\u2022<span style=\"white-space:pre\"> <\/span>comodidad y placer.<\/li>\n<li>\u2022<span style=\"white-space:pre\"> <\/span>Coloca cada bola en el conector de silicona, asegur\u00e1ndote que pasas el cord\u00f3n<\/li>\n<li>\u2022<span style=\"white-space:pre\"> <\/span>de extracci\u00f3n por la abertura.<\/li>\n<li>\u2022<span style=\"white-space:pre\"> <\/span>Ahora, con el cord\u00f3n de extracci\u00f3n por fuera del conector, inserta las bolas<\/li>\n<li>\u2022<span style=\"white-space:pre\"> <\/span>en la vagina, empuj\u00e1ndolas con suavidad, pero con \ufb01rmeza.<\/li>\n<li>\u2022<span style=\"white-space:pre\"> <\/span>La esfera m\u00e1s cercana a la entrada de la vagina deber\u00eda quedarse a unos 2 cm.<\/li>\n<li>\u2022<span style=\"white-space:pre\"> <\/span>Para quit\u00e1rtelas, relaja los m\u00fasculos y tira lentamente y con suavidad<\/li>\n<li>\u2022<span style=\"white-space:pre\"> <\/span>Material: ABS\/ Silicona biocompatible\/ Cord\u00f3n de nailon Tama\u00f1o del conector: 89 x 35 x 16 mm<\/li>\n<li>\u2022<span style=\"white-space:pre\"> <\/span>Di\u00e1metro de las esferas: 35 mm<\/li>\n<\/ul>\n<div>Pesos: 2 x 28 g, 2 x 37 g, 2 x 60 g<\/div>\n<div>\u00a0<\/div>\n<div>Ventajas<\/div>\n<ul>\n<li>\u2022<span style=\"white-space:pre\"> <\/span>Ejercita tus m\u00fasculos p\u00e9lvicos mientras, las llevas puestas cuando caminas, nadas, incluso cuando est\u00e9s sentada. Con la simple contracci\u00f3n y relajaci\u00f3n de tus m\u00fasculos vaginales, generar\u00e1s una rutina de entrenamiento sencilla y consistente, con el m\u00ednimo esfuerzo.<\/li>\n<li>\u2022<span style=\"white-space:pre\"> <\/span>Con 2 esferas de 28 g, 2 de 37 g y 2 de 60 g para ofrecer mayor variedad de combinaciones y ayudarte a toni\ufb01car progresivamente.<\/li>\n<li>\u2022<span style=\"white-space:pre\"> <\/span>Silicona pr\u00e9mium extra-suave y biocompatible para total confort y tranquilidad.<\/li>\n<li>\u2022<span style=\"white-space:pre\"> <\/span>Completamente sumergibles, son incre\u00edblemente f\u00e1ciles de limpiar<\/li>\n<\/ul>\n<div>LELO Beads\u2122 Plus consta de un conector de silicona y seis bolas con pesos. Individualmente o combinadas con el conector de silicona, LELO Beads\u2122 Plus te ofrecen una manera f\u00e1cil, efectiva y sin esfuerzo para optimizar el entrenamiento del suelo p\u00e9lvico. Una alternativa discreta y total- mente segura para el cuerpo, con LELO Beads\u2122 Plus toni\ufb01car\u00e1s las paredes vaginales y los m\u00fasculos del suelo p\u00e9lvico con el m\u00ednimo esfuerzo. Ahora con mayor variedad de combinaciones, todo son bene\ufb01cios para la\u00a0<\/div>","protected":false},"excerpt":{"rendered":"<p>LELO LUNA BEADS PLUS<\/p>","protected":false},"featured_media":67242,"comment_status":"open","ping_status":"closed","template":"","meta":{"_monsterinsights_skip_tracking":false,"_monsterinsights_sitenote_active":false,"_monsterinsights_sitenote_note":"","_monsterinsights_sitenote_category":0,"_joinchat":[]},"product_brand":[],"product_cat":[1158,1152],"product_tag":[],"class_list":{"0":"post-30475","1":"product","2":"type-product","3":"status-publish","4":"has-post-thumbnail","6":"product_cat-juguetes-bienestar-bolas","7":"product_cat-juguetes-bienestar","8":"yith_product_brand-lelo","10":"first","11":"instock","12":"taxable","13":"shipping-taxable","14":"purchasable","15":"product-type-simple"},"aioseo_notices":[],"_links":{"self":[{"href":"https:\/\/www.mysexualfantasy.eu\/en\/wp-json\/wp\/v2\/product\/30475","targetHints":{"allow":["GET"]}}],"collection":[{"href":"https:\/\/www.mysexualfantasy.eu\/en\/wp-json\/wp\/v2\/product"}],"about":[{"href":"https:\/\/www.mysexualfantasy.eu\/en\/wp-json\/wp\/v2\/types\/product"}],"replies":[{"embeddable":true,"href":"https:\/\/www.mysexualfantasy.eu\/en\/wp-json\/wp\/v2\/comments?post=30475"}],"wp:featuredmedia":[{"embeddable":true,"href":"https:\/\/www.mysexualfantasy.eu\/en\/wp-json\/wp\/v2\/media\/67242"}],"wp:attachment":[{"href":"https:\/\/www.mysexualfantasy.eu\/en\/wp-json\/wp\/v2\/media?parent=30475"}],"wp:term":[{"taxonomy":"product_brand","embeddable":true,"href":"https:\/\/www.mysexualfantasy.eu\/en\/wp-json\/wp\/v2\/product_brand?post=30475"},{"taxonomy":"product_cat","embeddable":true,"href":"https:\/\/www.mysexualfantasy.eu\/en\/wp-json\/wp\/v2\/product_cat?post=30475"},{"taxonomy":"product_tag","embeddable":true,"href":"https:\/\/www.mysexualfantasy.eu\/en\/wp-json\/wp\/v2\/product_tag?post=30475"}],"curies":[{"name":"wp","href":"https:\/\/api.w.org\/{rel}","templated":true}]}}