{"id":30517,"date":"2023-01-13T12:15:23","date_gmt":"2023-01-13T12:15:23","guid":{"rendered":"https:\/\/www.mysexualfantasy.eu\/?post_type=product&#038;p=30517"},"modified":"2023-12-06T16:16:44","modified_gmt":"2023-12-06T16:16:44","slug":"queen-lingerie-panties-con-trasera-en-v-talla-s-m","status":"publish","type":"product","link":"https:\/\/www.mysexualfantasy.eu\/en\/product\/queen-lingerie-panties-con-trasera-en-v-talla-s-m\/","title":{"rendered":"QUEEN LINGERIE PANTIES CON TRASERA EN V TALLA S\/M"},"content":{"rendered":"<p>Una reina debe vestir como una reina y para que puedas vivir noches de gloria de forma sexy, aqu\u00ed tienes este fabulosa pieza de lencer\u00eda\u00a0\u00fanica. Un estilo seductor que\u00a0te convierte en pura seducci\u00f3n. La marca Queen Lingerie significa un nuevo estilo de seducci\u00f3n y pasi\u00f3n para momentos inolvidables<\/p>\n<p>Caracter\u00edsticas:\u00a0<\/p>\n<ul>\n<li>Sensual Panty con trasera en V\u00a0<\/li>\n<li>Presentaci\u00f3n en bolsa (no caja)\u00a0<\/li>\n<li>Dise\u00f1o \u00fanico<\/li>\n<li>Composici\u00f3n: \u00a088% nylon \/\u00a012% Spandex<\/li>\n<li>S\/M\u00a0<\/li>\n<\/ul>\n<p>Los mejores dise\u00f1os, elegancia y sensualidad. \u00a1Te sentir\u00e1s como la reina que\u00a0eres!<\/p>\n<p>\u00a0<\/p>\n<p style=\"text-align: center;\"><img decoding=\"async\" alt=\"\" src=\"https:\/\/interno.dreamlove.es\/UserFiles\/images\/QUEEN%20CHART%202%281%29.jpg\" style=\"width: 573px; height: 217px;\" \/><\/p>","protected":false},"excerpt":{"rendered":"<p>QUEEN LINGERIE V FLORAL LACE PANTIES SIZE S\/M<\/p>","protected":false},"featured_media":47920,"comment_status":"open","ping_status":"closed","template":"","meta":{"_monsterinsights_skip_tracking":false,"_monsterinsights_sitenote_active":false,"_monsterinsights_sitenote_note":"","_monsterinsights_sitenote_category":0,"_joinchat":[]},"product_brand":[],"product_cat":[1328,1325,1196,1199,1166],"product_tag":[],"class_list":{"0":"post-30517","1":"product","2":"type-product","3":"status-publish","4":"has-post-thumbnail","6":"product_cat-moda-lencerialenceria-mujerlenceria-sexybragas-sexysbragas","7":"product_cat-moda-lencerialenceria-mujerlenceria-sexybragas-sexys","8":"product_cat-moda-lencerialenceria-mujer","9":"product_cat-moda-lencerialenceria-mujerlenceria-sexy","10":"product_cat-moda-lenceria","11":"yith_product_brand-queen-lingerie","13":"first","14":"outofstock","15":"taxable","16":"shipping-taxable","17":"purchasable","18":"product-type-variable"},"aioseo_notices":[],"_links":{"self":[{"href":"https:\/\/www.mysexualfantasy.eu\/en\/wp-json\/wp\/v2\/product\/30517","targetHints":{"allow":["GET"]}}],"collection":[{"href":"https:\/\/www.mysexualfantasy.eu\/en\/wp-json\/wp\/v2\/product"}],"about":[{"href":"https:\/\/www.mysexualfantasy.eu\/en\/wp-json\/wp\/v2\/types\/product"}],"replies":[{"embeddable":true,"href":"https:\/\/www.mysexualfantasy.eu\/en\/wp-json\/wp\/v2\/comments?post=30517"}],"wp:featuredmedia":[{"embeddable":true,"href":"https:\/\/www.mysexualfantasy.eu\/en\/wp-json\/wp\/v2\/media\/47920"}],"wp:attachment":[{"href":"https:\/\/www.mysexualfantasy.eu\/en\/wp-json\/wp\/v2\/media?parent=30517"}],"wp:term":[{"taxonomy":"product_brand","embeddable":true,"href":"https:\/\/www.mysexualfantasy.eu\/en\/wp-json\/wp\/v2\/product_brand?post=30517"},{"taxonomy":"product_cat","embeddable":true,"href":"https:\/\/www.mysexualfantasy.eu\/en\/wp-json\/wp\/v2\/product_cat?post=30517"},{"taxonomy":"product_tag","embeddable":true,"href":"https:\/\/www.mysexualfantasy.eu\/en\/wp-json\/wp\/v2\/product_tag?post=30517"}],"curies":[{"name":"wp","href":"https:\/\/api.w.org\/{rel}","templated":true}]}}