{"id":30565,"date":"2023-01-13T12:36:19","date_gmt":"2023-01-13T12:36:19","guid":{"rendered":"https:\/\/www.mysexualfantasy.eu\/?post_type=product&#038;p=30565"},"modified":"2023-12-06T14:58:47","modified_gmt":"2023-12-06T14:58:47","slug":"taboo-domination-perfume-con-feromonas-para-el-50ml","status":"publish","type":"product","link":"https:\/\/www.mysexualfantasy.eu\/en\/product\/taboo-domination-perfume-con-feromonas-para-el-50ml\/","title":{"rendered":"TABOO DOMINATION PERFUME CON FEROMONAS PARA \u00c9L 50ML"},"content":{"rendered":"<p>Perfume sulfuroso y sensual para un hombre misterioso, que revela su poder de seducci\u00f3n durante una noche incandescente.<\/p>\n<ul>\n<li>Esta nueva fragancia aporta una dimensi\u00f3n m\u00e1s oscura y er\u00f3tica.<\/li>\n<\/ul>\n<p>Ingredientes: Alcohol, Aqua (agua), Parfum (fragancia), Linalool, Cumarina, Limoneno, Eugenol.<\/p>\n<p>Contiene: 50 ml<\/p>","protected":false},"excerpt":{"rendered":"<p>TABOO DOMINATION FOR HIM 50ML<\/p>","protected":false},"featured_media":52118,"comment_status":"open","ping_status":"closed","template":"","meta":{"_monsterinsights_skip_tracking":false,"_monsterinsights_sitenote_active":false,"_monsterinsights_sitenote_note":"","_monsterinsights_sitenote_category":0,"_joinchat":[]},"product_brand":[],"product_cat":[1203,1204],"product_tag":[],"class_list":{"0":"post-30565","1":"product","2":"type-product","3":"status-publish","4":"has-post-thumbnail","6":"product_cat-drogueria","7":"product_cat-drogueria-perfumes","8":"yith_product_brand-ruf","10":"first","11":"instock","12":"taxable","13":"shipping-taxable","14":"purchasable","15":"product-type-simple"},"aioseo_notices":[],"_links":{"self":[{"href":"https:\/\/www.mysexualfantasy.eu\/en\/wp-json\/wp\/v2\/product\/30565","targetHints":{"allow":["GET"]}}],"collection":[{"href":"https:\/\/www.mysexualfantasy.eu\/en\/wp-json\/wp\/v2\/product"}],"about":[{"href":"https:\/\/www.mysexualfantasy.eu\/en\/wp-json\/wp\/v2\/types\/product"}],"replies":[{"embeddable":true,"href":"https:\/\/www.mysexualfantasy.eu\/en\/wp-json\/wp\/v2\/comments?post=30565"}],"wp:featuredmedia":[{"embeddable":true,"href":"https:\/\/www.mysexualfantasy.eu\/en\/wp-json\/wp\/v2\/media\/52118"}],"wp:attachment":[{"href":"https:\/\/www.mysexualfantasy.eu\/en\/wp-json\/wp\/v2\/media?parent=30565"}],"wp:term":[{"taxonomy":"product_brand","embeddable":true,"href":"https:\/\/www.mysexualfantasy.eu\/en\/wp-json\/wp\/v2\/product_brand?post=30565"},{"taxonomy":"product_cat","embeddable":true,"href":"https:\/\/www.mysexualfantasy.eu\/en\/wp-json\/wp\/v2\/product_cat?post=30565"},{"taxonomy":"product_tag","embeddable":true,"href":"https:\/\/www.mysexualfantasy.eu\/en\/wp-json\/wp\/v2\/product_tag?post=30565"}],"curies":[{"name":"wp","href":"https:\/\/api.w.org\/{rel}","templated":true}]}}