{"id":30765,"date":"2023-01-13T13:25:33","date_gmt":"2023-01-13T13:25:33","guid":{"rendered":"https:\/\/www.mysexualfantasy.eu\/?post_type=product&#038;p=30765"},"modified":"2023-12-06T17:26:51","modified_gmt":"2023-12-06T17:26:51","slug":"queen-lingerie-tanga-con-liguero-de-malla-y-diseno-floral-s-m","status":"publish","type":"product","link":"https:\/\/www.mysexualfantasy.eu\/en\/product\/queen-lingerie-tanga-con-liguero-de-malla-y-diseno-floral-s-m\/","title":{"rendered":"QUEEN LINGERIE TANGA CON LIGUERO DE MALLA Y DISE\u00d1O FLORAL S\/M"},"content":{"rendered":"<p>Una reina debe vestir como una reina y para que puedas vivir noches de gloria de forma sexy, aqu\u00ed tienes esta\u00a0fabulosa pieza de lencer\u00eda\u00a0\u00fanica. Un estilo seductor que\u00a0te convierte en pura seducci\u00f3n. La marca Queen Lingerie significa un nuevo estilo de seducci\u00f3n y pasi\u00f3n para momentos inolvidables<\/p>\n<p>Caracter\u00edsticas:\u00a0<\/p>\n<ul>\n<li>Sensual tanga con liguero<\/li>\n<li>Liguero de malla y bordados florales.\u00a0<\/li>\n<li>Telas transparentes con encajes\u00a0<\/li>\n<li>Presentaci\u00f3n en bolsa (no caja)\u00a0<\/li>\n<li>Dise\u00f1o \u00fanico<\/li>\n<li>Composici\u00f3n:88% nylon\u00a0\/ 12% spandex\u00a0<\/li>\n<li>Medias no incluidas\u00a0<\/li>\n<li>Talla: S\/M<\/li>\n<\/ul>\n<p>Los mejores dise\u00f1os, elegancia y sensualidad. \u00a1Te sentir\u00e1s como la reina que\u00a0eres!<\/p>\n<p>\u00a0<\/p>\n<p style=\"text-align: center;\"><img decoding=\"async\" alt=\"\" src=\"https:\/\/interno.dreamlove.es\/UserFiles\/images\/QUEEN%20CHART%202%281%29.jpg\" style=\"width: 573px; height: 217px;\" \/><\/p>","protected":false},"excerpt":{"rendered":"<p>QUEEN LINGERIE THONG AND MESH AND LACE GARTER BELT S\/M<\/p>","protected":false},"featured_media":59041,"comment_status":"open","ping_status":"closed","template":"","meta":{"_monsterinsights_skip_tracking":false,"_monsterinsights_sitenote_active":false,"_monsterinsights_sitenote_note":"","_monsterinsights_sitenote_category":0,"_joinchat":[]},"product_brand":[],"product_cat":[1196,1197,1449,1166],"product_tag":[],"class_list":{"0":"post-30765","1":"product","2":"type-product","3":"status-publish","4":"has-post-thumbnail","6":"product_cat-moda-lencerialenceria-mujer","7":"product_cat-moda-lencerialenceria-mujerlenceria-picante","8":"product_cat-moda-lencerialenceria-mujerlenceria-picanteligueros","9":"product_cat-moda-lenceria","10":"yith_product_brand-queen-lingerie","12":"first","13":"instock","14":"taxable","15":"shipping-taxable","16":"purchasable","17":"product-type-variable"},"aioseo_notices":[],"_links":{"self":[{"href":"https:\/\/www.mysexualfantasy.eu\/en\/wp-json\/wp\/v2\/product\/30765","targetHints":{"allow":["GET"]}}],"collection":[{"href":"https:\/\/www.mysexualfantasy.eu\/en\/wp-json\/wp\/v2\/product"}],"about":[{"href":"https:\/\/www.mysexualfantasy.eu\/en\/wp-json\/wp\/v2\/types\/product"}],"replies":[{"embeddable":true,"href":"https:\/\/www.mysexualfantasy.eu\/en\/wp-json\/wp\/v2\/comments?post=30765"}],"wp:featuredmedia":[{"embeddable":true,"href":"https:\/\/www.mysexualfantasy.eu\/en\/wp-json\/wp\/v2\/media\/59041"}],"wp:attachment":[{"href":"https:\/\/www.mysexualfantasy.eu\/en\/wp-json\/wp\/v2\/media?parent=30765"}],"wp:term":[{"taxonomy":"product_brand","embeddable":true,"href":"https:\/\/www.mysexualfantasy.eu\/en\/wp-json\/wp\/v2\/product_brand?post=30765"},{"taxonomy":"product_cat","embeddable":true,"href":"https:\/\/www.mysexualfantasy.eu\/en\/wp-json\/wp\/v2\/product_cat?post=30765"},{"taxonomy":"product_tag","embeddable":true,"href":"https:\/\/www.mysexualfantasy.eu\/en\/wp-json\/wp\/v2\/product_tag?post=30765"}],"curies":[{"name":"wp","href":"https:\/\/api.w.org\/{rel}","templated":true}]}}