{"id":30899,"date":"2023-01-13T11:35:47","date_gmt":"2023-01-13T11:35:47","guid":{"rendered":"https:\/\/www.mysexualfantasy.eu\/?post_type=product&#038;p=30899"},"modified":"2023-12-06T15:39:22","modified_gmt":"2023-12-06T15:39:22","slug":"calex-precision-pump-anillo-potenciador-de-la-ereccion-silicona","status":"publish","type":"product","link":"https:\/\/www.mysexualfantasy.eu\/en\/product\/calex-precision-pump-anillo-potenciador-de-la-ereccion-silicona\/","title":{"rendered":"CALEX PRECISION PUMP ANILLO POTENCIADOR DE LA ERECCI\u00d3N SILICONA"},"content":{"rendered":"<p>Anillo potenciador de la erecci\u00f3n fabricado en silicona, el\u00e1stico y confortable. Se adapta a casi todos los tama\u00f1os.<\/p>\n<p>Se adapta de forma segura en la base de los cilindros de la bomba de erecci\u00f3n. Y se desliza f\u00e1cilmente para mantener la erecci\u00f3n.<\/p>\n<ul>\n<li>Di\u00e1metro Exterior: 4 cm<\/li>\n<li>Longitud Total: 7.5 cm<\/li>\n<\/ul>\n<p>\u00a1Descubre California Exotics, a la vanguardia de la sexualidad!<\/p>","protected":false},"excerpt":{"rendered":"<p>CALEX PRECISION PUMP ENHANCER BLACK<\/p>","protected":false},"featured_media":31807,"comment_status":"open","ping_status":"closed","template":"","meta":{"_monsterinsights_skip_tracking":false,"_monsterinsights_sitenote_active":false,"_monsterinsights_sitenote_note":"","_monsterinsights_sitenote_category":0,"_joinchat":[]},"product_brand":[],"product_cat":[1170,1171,1297,1152,1160],"product_tag":[],"class_list":{"0":"post-30899","1":"product","2":"type-product","3":"status-publish","4":"has-post-thumbnail","6":"product_cat-juguetes-bienestar-juguetes-para-hombresaccesorios-para-el-pene","7":"product_cat-juguetes-bienestar-juguetes-para-hombresaccesorios-para-el-peneanillos-pene","8":"product_cat-juguetes-bienestar-juguetes-para-hombresaccesorios-para-el-peneanillos-peneanillos-sin-vibracion","9":"product_cat-juguetes-bienestar","10":"product_cat-juguetes-bienestar-juguetes-para-hombres","11":"yith_product_brand-california-exotics","13":"first","14":"instock","15":"taxable","16":"shipping-taxable","17":"purchasable","18":"product-type-simple"},"aioseo_notices":[],"_links":{"self":[{"href":"https:\/\/www.mysexualfantasy.eu\/en\/wp-json\/wp\/v2\/product\/30899","targetHints":{"allow":["GET"]}}],"collection":[{"href":"https:\/\/www.mysexualfantasy.eu\/en\/wp-json\/wp\/v2\/product"}],"about":[{"href":"https:\/\/www.mysexualfantasy.eu\/en\/wp-json\/wp\/v2\/types\/product"}],"replies":[{"embeddable":true,"href":"https:\/\/www.mysexualfantasy.eu\/en\/wp-json\/wp\/v2\/comments?post=30899"}],"wp:featuredmedia":[{"embeddable":true,"href":"https:\/\/www.mysexualfantasy.eu\/en\/wp-json\/wp\/v2\/media\/31807"}],"wp:attachment":[{"href":"https:\/\/www.mysexualfantasy.eu\/en\/wp-json\/wp\/v2\/media?parent=30899"}],"wp:term":[{"taxonomy":"product_brand","embeddable":true,"href":"https:\/\/www.mysexualfantasy.eu\/en\/wp-json\/wp\/v2\/product_brand?post=30899"},{"taxonomy":"product_cat","embeddable":true,"href":"https:\/\/www.mysexualfantasy.eu\/en\/wp-json\/wp\/v2\/product_cat?post=30899"},{"taxonomy":"product_tag","embeddable":true,"href":"https:\/\/www.mysexualfantasy.eu\/en\/wp-json\/wp\/v2\/product_tag?post=30899"}],"curies":[{"name":"wp","href":"https:\/\/api.w.org\/{rel}","templated":true}]}}