{"id":30932,"date":"2023-01-13T14:36:41","date_gmt":"2023-01-13T14:36:41","guid":{"rendered":"https:\/\/www.mysexualfantasy.eu\/?post_type=product&#038;p=30932"},"modified":"2023-12-06T16:04:17","modified_gmt":"2023-12-06T16:04:17","slug":"satisfyer-sweet-treat-spinnator-negro","status":"publish","type":"product","link":"https:\/\/www.mysexualfantasy.eu\/en\/product\/satisfyer-sweet-treat-spinnator-negro\/","title":{"rendered":"SATISFYER SWEET TREAT SPINNATOR NEGRO"},"content":{"rendered":"<p>Dese placer con una sensaci\u00f3n completamente nueva. Las suaves estr\u00edas giratorias de silicona excitan el cl\u00edtoris con una intensidad delicada pero firme. Use este delicioso capricho con su lubricante favorito y prep\u00e1rese para un estimulante viaje al \u00e9xtasis.\u00a0<\/p>\n<ul>\n<li>Las estr\u00edas giratorias proporcionan una estimulaci\u00f3n del cl\u00edtoris suave e intensa a la vez\u00a0<\/li>\n<li>11 modos de rotaci\u00f3n.\u00a0<\/li>\n<li>Fabricado con silicona de grado m\u00e9dico supersuave, agradable para la piel, suave al tacto y extremadamente higi\u00e9nica\u00a0<\/li>\n<li>Gracias a su acabado impermeable (IPX7), este juguete se puede usar de forma segura en el agua, adem\u00e1s de ser f\u00e1cil de limpiar<\/li>\n<\/ul>\n<p>Caracter\u00edsticas t\u00e9cnicas:\u00a0<\/p>\n<ul>\n<li>Anchura: 56 mm<\/li>\n<li>Longitud: 104 mm<\/li>\n<li>Apropiado para: Mujeres<\/li>\n<li>Estimulaci\u00f3n: Para el cl\u00edtoris<\/li>\n<li>Resistente al agua: S\u00ed<\/li>\n<li>Bater\u00eda: Bater\u00eda<\/li>\n<li>Material: Pl\u00e1stico ABS, Silicone<\/li>\n<\/ul>","protected":false},"excerpt":{"rendered":"<p>SATISFYER SWEET TREAT SPINNATOR &#8211; BLACK<\/p>","protected":false},"featured_media":69491,"comment_status":"open","ping_status":"closed","template":"","meta":{"_monsterinsights_skip_tracking":false,"_monsterinsights_sitenote_active":false,"_monsterinsights_sitenote_note":"","_monsterinsights_sitenote_category":0,"_joinchat":[]},"product_brand":[],"product_cat":[189,119,853,1013],"product_tag":[],"class_list":{"0":"post-30932","1":"product","2":"type-product","3":"status-publish","4":"has-post-thumbnail","6":"product_cat-juguetes-sexuales-xxxestimuladores","7":"product_cat-juguetes-sexuales-xxx","8":"product_cat-juguetes-sexuales-xxxestimuladorespara-clitoris","9":"product_cat-juguetes-sexuales-xxxsumergibles","10":"yith_product_brand-satisfyer","11":"yith_product_brand-satisfyer-satisfyer-spinnator","13":"first","14":"instock","15":"taxable","16":"shipping-taxable","17":"purchasable","18":"product-type-simple"},"aioseo_notices":[],"_links":{"self":[{"href":"https:\/\/www.mysexualfantasy.eu\/en\/wp-json\/wp\/v2\/product\/30932","targetHints":{"allow":["GET"]}}],"collection":[{"href":"https:\/\/www.mysexualfantasy.eu\/en\/wp-json\/wp\/v2\/product"}],"about":[{"href":"https:\/\/www.mysexualfantasy.eu\/en\/wp-json\/wp\/v2\/types\/product"}],"replies":[{"embeddable":true,"href":"https:\/\/www.mysexualfantasy.eu\/en\/wp-json\/wp\/v2\/comments?post=30932"}],"wp:featuredmedia":[{"embeddable":true,"href":"https:\/\/www.mysexualfantasy.eu\/en\/wp-json\/wp\/v2\/media\/69491"}],"wp:attachment":[{"href":"https:\/\/www.mysexualfantasy.eu\/en\/wp-json\/wp\/v2\/media?parent=30932"}],"wp:term":[{"taxonomy":"product_brand","embeddable":true,"href":"https:\/\/www.mysexualfantasy.eu\/en\/wp-json\/wp\/v2\/product_brand?post=30932"},{"taxonomy":"product_cat","embeddable":true,"href":"https:\/\/www.mysexualfantasy.eu\/en\/wp-json\/wp\/v2\/product_cat?post=30932"},{"taxonomy":"product_tag","embeddable":true,"href":"https:\/\/www.mysexualfantasy.eu\/en\/wp-json\/wp\/v2\/product_tag?post=30932"}],"curies":[{"name":"wp","href":"https:\/\/api.w.org\/{rel}","templated":true}]}}