{"id":30972,"date":"2023-01-13T11:45:00","date_gmt":"2023-01-13T11:45:00","guid":{"rendered":"https:\/\/www.mysexualfantasy.eu\/?post_type=product&#038;p=30972"},"modified":"2023-12-06T15:54:42","modified_gmt":"2023-12-06T15:54:42","slug":"calex-kit-5pc-dilatadores-vaginales-o-anales-multicolor","status":"publish","type":"product","link":"https:\/\/www.mysexualfantasy.eu\/en\/product\/calex-kit-5pc-dilatadores-vaginales-o-anales-multicolor\/","title":{"rendered":"CALEX KIT 5PC DILATADORES VAGINALES O ANALES  MULTICOLOR"},"content":{"rendered":"<p>Revitaliza y fortalece los m\u00fasculos vaginales con el conjunto de dilatador vaginal contorneado de 5 piezas She-Ology.<\/p>\n<p>Los dilatadores de dise\u00f1o exclusivo tienen una curva ergon\u00f3mica y un tama\u00f1o gradual para permitir una dilataci\u00f3n suave. Las sondas de silicona premium tienen una base curva para una inserci\u00f3n y estimulaci\u00f3n suaves, \u00a1comb\u00ednalas con una mini bala para una sensaci\u00f3n intensificada!<\/p>\n<p>El conjunto graduado se ha creado para rejuvenecer los m\u00fasculos vaginales y reducir las molestias de inserci\u00f3n con cada uso. Usa el peque\u00f1o dilatador para comenzar y, a medida que ejercitas suavemente y aumenta la elasticidad de los m\u00fasculos, avanza a las sondas m\u00e1s grandes.<\/p>\n<p>La silicona premium hipoalerg\u00e9nica es segura para el cuerpo, sin perfume y libre de ftalatos para mantener los puntos m\u00e1s sensibles, felices y saludables.<\/p>\n<p>Medidas:<\/p>\n<ul>\n<li>Dilatador 1: 8,46 cm<\/li>\n<li>Dilatador 2: 7,92 cm<\/li>\n<li>Dilatador 3: 7,67 cm<\/li>\n<li>Dilatador 4: 7,52 cm<\/li>\n<li>Dilatador 5: 6,78 cm<\/li>\n<\/ul>\n<p>\u00a1California exotics a la vanguardia de la sexualidad!!<\/p>","protected":false},"excerpt":{"rendered":"<p>CALEX 5PC WEARABLE DILATOR SET<\/p>","protected":false},"featured_media":42397,"comment_status":"open","ping_status":"closed","template":"","meta":{"_monsterinsights_skip_tracking":false,"_monsterinsights_sitenote_active":false,"_monsterinsights_sitenote_note":"","_monsterinsights_sitenote_category":0,"_joinchat":[]},"product_brand":[],"product_cat":[1162,1306,1152,1189],"product_tag":[],"class_list":{"0":"post-30972","1":"product","2":"type-product","3":"status-publish","4":"has-post-thumbnail","6":"product_cat-juguetes-bienestar-anal","7":"product_cat-juguetes-bienestar-analdildos-anales","8":"product_cat-juguetes-bienestar","9":"product_cat-juguetes-bienestar-analplugs-anales","10":"yith_product_brand-california-exotics","12":"first","13":"instock","14":"taxable","15":"shipping-taxable","16":"purchasable","17":"product-type-simple"},"aioseo_notices":[],"_links":{"self":[{"href":"https:\/\/www.mysexualfantasy.eu\/en\/wp-json\/wp\/v2\/product\/30972","targetHints":{"allow":["GET"]}}],"collection":[{"href":"https:\/\/www.mysexualfantasy.eu\/en\/wp-json\/wp\/v2\/product"}],"about":[{"href":"https:\/\/www.mysexualfantasy.eu\/en\/wp-json\/wp\/v2\/types\/product"}],"replies":[{"embeddable":true,"href":"https:\/\/www.mysexualfantasy.eu\/en\/wp-json\/wp\/v2\/comments?post=30972"}],"wp:featuredmedia":[{"embeddable":true,"href":"https:\/\/www.mysexualfantasy.eu\/en\/wp-json\/wp\/v2\/media\/42397"}],"wp:attachment":[{"href":"https:\/\/www.mysexualfantasy.eu\/en\/wp-json\/wp\/v2\/media?parent=30972"}],"wp:term":[{"taxonomy":"product_brand","embeddable":true,"href":"https:\/\/www.mysexualfantasy.eu\/en\/wp-json\/wp\/v2\/product_brand?post=30972"},{"taxonomy":"product_cat","embeddable":true,"href":"https:\/\/www.mysexualfantasy.eu\/en\/wp-json\/wp\/v2\/product_cat?post=30972"},{"taxonomy":"product_tag","embeddable":true,"href":"https:\/\/www.mysexualfantasy.eu\/en\/wp-json\/wp\/v2\/product_tag?post=30972"}],"curies":[{"name":"wp","href":"https:\/\/api.w.org\/{rel}","templated":true}]}}