{"id":30984,"date":"2023-01-13T12:46:31","date_gmt":"2023-01-13T12:46:31","guid":{"rendered":"https:\/\/www.mysexualfantasy.eu\/?post_type=product&#038;p=30984"},"modified":"2023-12-06T15:06:22","modified_gmt":"2023-12-06T15:06:22","slug":"shunga-aceite-de-masaje-erotico-seduccion-240ml","status":"publish","type":"product","link":"https:\/\/www.mysexualfantasy.eu\/en\/product\/shunga-aceite-de-masaje-erotico-seduccion-240ml\/","title":{"rendered":"SHUNGA &#8211; ACEITE DE MASAJE EROTICO SEDUCCION 240 ML"},"content":{"rendered":"<p>Aceite de masaje sensual de origen ORIENTAL de alta calidad, compuesto por una mezcla se aceites esenciales de almendras dulces, semillas de uva, s\u00e9samo, aguacate, esencia pura de Ylang-Ylang y Yohime.<\/p>\n<p>Sensual aroma de FLORES DE MEDIANOCHE, estimulante de todos los sentidos, especialmente seleccionado por su suavidad al extenderlo sobre la piel sin dejar sensaci\u00f3n grasienta.<\/p>\n<p>Fabricado seg\u00fan la tradici\u00f3n milenaria oriental, con este aceite de una dulzura absoluta, te deslizar\u00e1s fant\u00e1sticamente sobre el cuerpo de tu amante produciendo una sensaci\u00f3n AFRODIS\u00cdACA.<\/p>\n<p>Testado dermatol\u00f3gicamente, no produce ninguna reacci\u00f3n al\u00e9rgica y es totalmente inocuo para la piel.<\/p>\n<ul>\n<li>Envase transparente de 240 ml.<\/li>\n<\/ul>\n<p>Shunga es L\u00edder mundial en cosm\u00e9tica Erotica, sus ingredientes naturales fusionado con principios activos logran un gran resultado<\/p>\n<p>Entrar en el mundo er\u00f3tico de Shunga es viajar al pasado. Traducido literalmente, Shunga significa \u2018imagen de primavera, una manera delicada de decir \u2018relaciones sexuales entre personas.<\/p>\n<p>Esta palabra se usaba para designar las pinturas er\u00f3ticas japonesas del siglo XVI, XVII y XVIII, un tipo llamado ukiyo-e, que no eran otra cosa que obras sobre madera o pergamino con escenas sensuales y episodios de amor carnal, siempre elaborados con mucho cuidado y buen gusto.<\/p>\n<p>El arte Shunga, aunque oculto durante siglos, marc\u00f3 el principio de la industria pornogr\u00e1fica para la clase media nipona y sirvi\u00f3 durante generaciones como ense\u00f1anza para los hijos y las hijas de muchas familias.<\/p>","protected":false},"excerpt":{"rendered":"<p>PACKAGING DISPONIBLE EN: \/es\/en\/fr\/de\/<\/p>","protected":false},"featured_media":53263,"comment_status":"open","ping_status":"closed","template":"","meta":{"_monsterinsights_skip_tracking":false,"_monsterinsights_sitenote_active":false,"_monsterinsights_sitenote_note":"","_monsterinsights_sitenote_category":0,"_joinchat":[]},"product_brand":[],"product_cat":[1217,1203,1216],"product_tag":[],"class_list":{"0":"post-30984","1":"product","2":"type-product","3":"status-publish","4":"has-post-thumbnail","6":"product_cat-drogueria-para-masajesaceites-sin-sabores","7":"product_cat-drogueria","8":"product_cat-drogueria-para-masajes","9":"yith_product_brand-shunga","10":"yith_product_brand-shungashunga-oils","12":"first","13":"instock","14":"taxable","15":"shipping-taxable","16":"purchasable","17":"product-type-simple"},"aioseo_notices":[],"_links":{"self":[{"href":"https:\/\/www.mysexualfantasy.eu\/en\/wp-json\/wp\/v2\/product\/30984","targetHints":{"allow":["GET"]}}],"collection":[{"href":"https:\/\/www.mysexualfantasy.eu\/en\/wp-json\/wp\/v2\/product"}],"about":[{"href":"https:\/\/www.mysexualfantasy.eu\/en\/wp-json\/wp\/v2\/types\/product"}],"replies":[{"embeddable":true,"href":"https:\/\/www.mysexualfantasy.eu\/en\/wp-json\/wp\/v2\/comments?post=30984"}],"wp:featuredmedia":[{"embeddable":true,"href":"https:\/\/www.mysexualfantasy.eu\/en\/wp-json\/wp\/v2\/media\/53263"}],"wp:attachment":[{"href":"https:\/\/www.mysexualfantasy.eu\/en\/wp-json\/wp\/v2\/media?parent=30984"}],"wp:term":[{"taxonomy":"product_brand","embeddable":true,"href":"https:\/\/www.mysexualfantasy.eu\/en\/wp-json\/wp\/v2\/product_brand?post=30984"},{"taxonomy":"product_cat","embeddable":true,"href":"https:\/\/www.mysexualfantasy.eu\/en\/wp-json\/wp\/v2\/product_cat?post=30984"},{"taxonomy":"product_tag","embeddable":true,"href":"https:\/\/www.mysexualfantasy.eu\/en\/wp-json\/wp\/v2\/product_tag?post=30984"}],"curies":[{"name":"wp","href":"https:\/\/api.w.org\/{rel}","templated":true}]}}