{"id":31168,"date":"2023-01-13T14:36:46","date_gmt":"2023-01-13T14:36:46","guid":{"rendered":"https:\/\/www.mysexualfantasy.eu\/?post_type=product&#038;p=31168"},"modified":"2023-12-06T16:04:25","modified_gmt":"2023-12-06T16:04:25","slug":"happy-loky-dedal-pato-estimulador-de-silicona-recargable-duckymania","status":"publish","type":"product","link":"https:\/\/www.mysexualfantasy.eu\/en\/product\/happy-loky-dedal-pato-estimulador-de-silicona-recargable-duckymania\/","title":{"rendered":"HAPPY LOKY &#8211; DEDAL PATO ESTIMULADOR DE SILICONA RECARGABLE DUCKYMANIA"},"content":{"rendered":"<p>Descubre una nueva revoluci\u00f3n! Ducky es un dedal estimulador de potencia inigualable pero de un tama\u00f1o tan peque\u00f1o que podr\u00e1s llevarlo a cualquier lugar. Es discreto como tu mejor amante, potente como un buen hombre,\u00a0 y divertido como tu mejor pareja.<\/p>\n<p>Equipado con una suave capa de silicona aterciopelada perfecto para llevar en el bolso y estimular en cualquier lugar, sea el trabajo, reuni\u00f3n de amigos o donde tu imaginaci\u00f3n te lo pida. Tan solo introduce Ducky suavemente por tu dedo y act\u00edvalo! El har\u00e1 el resto, empieza a masajear el cl\u00edtoris o el pene de tu pareja llegando a sensaciones vibrantes cuando el coraz\u00f3n te lo pida.<\/p>\n<ul>\n<li>Equipado con un potente motor y un manejo sencillo de 8 modos de vibraci\u00f3n + 3 intensidades recorriendo de suave a fuerte con diferentes pulsaciones.<\/li>\n<li>100% Sumergible, \u00fasalo en la ducha, o en la ba\u00f1era, desata tu dosis de placer.<\/li>\n<li>Dise\u00f1ado y manufacturado en Alemania<\/li>\n<li>Silencioso, menos de 50db<\/li>\n<li>Libre de Phthalate<\/li>\n<li>Recargable con bater\u00eda de Lithium Polymer. \u00a0Porque debes proteger al planeta<\/li>\n<li>Fabricado con silicona medica anti alerg\u00e9nica porque debes proteger tu cuerpo.<\/li>\n<li>F\u00e1cil limpieza con el toy cleaner Intimichic o con agua y jab\u00f3n ph neutro.<\/li>\n<li>Longitud; 4.5 cm<\/li>\n<li>Ancho; 4.1 cm<\/li>\n<li>Fondo; \u00a02.0 cm<\/li>\n<li>Ducky pesa tan solo 16g gramos, muy f\u00e1cil de manejar.<\/li>\n<\/ul>\n<p>Estimula las zonas er\u00f3genas exteriores del cuerpo a trav\u00e9s del contacto, el masaje y la posici\u00f3n.<\/p>\n<p>Happy Loky\u00a0 Ducky arrasa gracias a sus potentes motores de baja frecuencia .La silicona suave y sedosa realza la belleza de un juguete que siempre deja el deseo de volver a utilizarlo.<\/p>\n<p>Al abrir una caja de Happy Loky\u00a0 Ducky\u00a0encontrar\u00e1s;<\/p>\n<ul>\n<li>Ducky<\/li>\n<li>Cable Cargador Usb<\/li>\n<li>Instrucciones en varios idiomas<\/li>\n<\/ul>","protected":false},"excerpt":{"rendered":"<p>HAPPY LOKY &#8211; DUCKYMANIA VIBRATOR PINK<\/p>","protected":false},"featured_media":69506,"comment_status":"open","ping_status":"closed","template":"","meta":{"_monsterinsights_skip_tracking":false,"_monsterinsights_sitenote_active":false,"_monsterinsights_sitenote_note":"","_monsterinsights_sitenote_category":0,"_joinchat":[]},"product_brand":[],"product_cat":[1156,1152,1155,1165,1294,1163,1153,1312],"product_tag":[],"class_list":{"0":"post-31168","1":"product","2":"type-product","3":"status-publish","4":"has-post-thumbnail","6":"product_cat-juguetes-bienestar-juguetes-para-mujeresestimuladores","7":"product_cat-juguetes-bienestar","8":"product_cat-juguetes-bienestar-juguetes-para-mujeres","9":"product_cat-juguetes-bienestar-juguetes-para-mujeresmasturbadores-para-ellas","10":"product_cat-juguetes-bienestar-vibradoresmini-vibradores","11":"product_cat-juguetes-bienestar-juguetes-para-mujeresestimuladorespara-clitoris","12":"product_cat-juguetes-bienestar-vibradores","13":"product_cat-juguetes-bienestar-vibradoresvibradores-dedo","14":"yith_product_brand-happy-loky","16":"first","17":"instock","18":"taxable","19":"shipping-taxable","20":"purchasable","21":"product-type-simple"},"aioseo_notices":[],"_links":{"self":[{"href":"https:\/\/www.mysexualfantasy.eu\/en\/wp-json\/wp\/v2\/product\/31168","targetHints":{"allow":["GET"]}}],"collection":[{"href":"https:\/\/www.mysexualfantasy.eu\/en\/wp-json\/wp\/v2\/product"}],"about":[{"href":"https:\/\/www.mysexualfantasy.eu\/en\/wp-json\/wp\/v2\/types\/product"}],"replies":[{"embeddable":true,"href":"https:\/\/www.mysexualfantasy.eu\/en\/wp-json\/wp\/v2\/comments?post=31168"}],"wp:featuredmedia":[{"embeddable":true,"href":"https:\/\/www.mysexualfantasy.eu\/en\/wp-json\/wp\/v2\/media\/69506"}],"wp:attachment":[{"href":"https:\/\/www.mysexualfantasy.eu\/en\/wp-json\/wp\/v2\/media?parent=31168"}],"wp:term":[{"taxonomy":"product_brand","embeddable":true,"href":"https:\/\/www.mysexualfantasy.eu\/en\/wp-json\/wp\/v2\/product_brand?post=31168"},{"taxonomy":"product_cat","embeddable":true,"href":"https:\/\/www.mysexualfantasy.eu\/en\/wp-json\/wp\/v2\/product_cat?post=31168"},{"taxonomy":"product_tag","embeddable":true,"href":"https:\/\/www.mysexualfantasy.eu\/en\/wp-json\/wp\/v2\/product_tag?post=31168"}],"curies":[{"name":"wp","href":"https:\/\/api.w.org\/{rel}","templated":true}]}}