{"id":31201,"date":"2023-01-13T11:39:40","date_gmt":"2023-01-13T11:39:40","guid":{"rendered":"https:\/\/www.mysexualfantasy.eu\/?post_type=product&#038;p=31201"},"modified":"2023-12-06T15:23:34","modified_gmt":"2023-12-06T15:23:34","slug":"harness-attraction-arnes-walter-con-vibracion-15-5-x-3-7-cm","status":"publish","type":"product","link":"https:\/\/www.mysexualfantasy.eu\/en\/product\/harness-attraction-arnes-walter-con-vibracion-15-5-x-3-7-cm\/","title":{"rendered":"HARNESS ATTRACTION &#8211; \u00c1RNES WALTER CON VIBRACI\u00d3N 15.5  X 3.7 CM"},"content":{"rendered":"<p>Harness Attraction es la colecci\u00f3n de arneses m\u00e1s completa!\u00a0 Real\u00edsticos, rotadores, con vibraci\u00f3n, huecos etc.. Ahora es la oportunidad de realizar tus fantas\u00edas con la total Garant\u00eda de Harness Attracion. Calidad cuidadosamente revisada para un resultado de perfecto.<\/p>\n<p>Este arn\u00e9s de Harness Attraction est\u00e1 dotado de un vibrador ,\u00a0\u00a0con unas formas muy bien dise\u00f1adas para mejorar el placer en las relaciones especialmente aquellas indicadas para la estimulaci\u00f3n del Punto G.<\/p>\n<p>Gracias a su sistema de correa, adem\u00e1s de adecuarse en muchas cinturas, se mantiene en su sitio durante toda la actividad.<\/p>\n<p>El sistema \u00a0\u00a0Harness click\u00a0\u00a0es un tipo de encaje patentado por Harness Attraction, con el cual podr\u00e1s intercambiar infinidad de penes y dongs al mismo arn\u00e9s.<\/p>\n<ul>\n<li>Estimulaci\u00f3n del Punto G<\/li>\n<li>Potente Vibrador.<\/li>\n<li>Vibrador\u00a0Tpr libre de Phalatos<\/li>\n<li>Suave y sedoso al tacto<\/li>\n<li>Medidas del Pene real\u00edstico; \u00a015.5\u00a0x 3.7cm<\/li>\n<li>Pene real\u00edstico Tpr libre de Phalatos<\/li>\n<li>Arn\u00e9s de neopreno y cuero vegano.\u00a0<\/li>\n<li>Utiliza dos pilas AA\u00a0incluidas y que adem\u00e1s podr\u00e1 encontrar en la secci\u00f3n Pilas.<\/li>\n<\/ul>\n<p>Este arn\u00e9s est\u00e1 pensado para el uso de mujeres y hombres indistintamente.<\/p>","protected":false},"excerpt":{"rendered":"<p>HARNESS ATTRACTION &#8211; WALTER VIBRATION 15.5  X 3.7 CM<\/p>","protected":false},"featured_media":40572,"comment_status":"open","ping_status":"closed","template":"","meta":{"_monsterinsights_skip_tracking":false,"_monsterinsights_sitenote_active":false,"_monsterinsights_sitenote_note":"","_monsterinsights_sitenote_category":0,"_joinchat":[]},"product_brand":[],"product_cat":[1173,1279,1152],"product_tag":[],"class_list":{"0":"post-31201","1":"product","2":"type-product","3":"status-publish","4":"has-post-thumbnail","6":"product_cat-juguetes-bienestar-arneses","7":"product_cat-juguetes-bienestar-arnesesarneses-con-vibracion","8":"product_cat-juguetes-bienestar","9":"yith_product_brand-harness-attraction","11":"first","12":"instock","13":"taxable","14":"shipping-taxable","15":"purchasable","16":"product-type-simple"},"aioseo_notices":[],"_links":{"self":[{"href":"https:\/\/www.mysexualfantasy.eu\/en\/wp-json\/wp\/v2\/product\/31201","targetHints":{"allow":["GET"]}}],"collection":[{"href":"https:\/\/www.mysexualfantasy.eu\/en\/wp-json\/wp\/v2\/product"}],"about":[{"href":"https:\/\/www.mysexualfantasy.eu\/en\/wp-json\/wp\/v2\/types\/product"}],"replies":[{"embeddable":true,"href":"https:\/\/www.mysexualfantasy.eu\/en\/wp-json\/wp\/v2\/comments?post=31201"}],"wp:featuredmedia":[{"embeddable":true,"href":"https:\/\/www.mysexualfantasy.eu\/en\/wp-json\/wp\/v2\/media\/40572"}],"wp:attachment":[{"href":"https:\/\/www.mysexualfantasy.eu\/en\/wp-json\/wp\/v2\/media?parent=31201"}],"wp:term":[{"taxonomy":"product_brand","embeddable":true,"href":"https:\/\/www.mysexualfantasy.eu\/en\/wp-json\/wp\/v2\/product_brand?post=31201"},{"taxonomy":"product_cat","embeddable":true,"href":"https:\/\/www.mysexualfantasy.eu\/en\/wp-json\/wp\/v2\/product_cat?post=31201"},{"taxonomy":"product_tag","embeddable":true,"href":"https:\/\/www.mysexualfantasy.eu\/en\/wp-json\/wp\/v2\/product_tag?post=31201"}],"curies":[{"name":"wp","href":"https:\/\/api.w.org\/{rel}","templated":true}]}}