{"id":31211,"date":"2023-01-13T11:36:59","date_gmt":"2023-01-13T11:36:59","guid":{"rendered":"https:\/\/www.mysexualfantasy.eu\/?post_type=product&#038;p=31211"},"modified":"2023-12-06T15:23:52","modified_gmt":"2023-12-06T15:23:52","slug":"harness-attraction-harris-doble-penetracion-con-vibracion-18-x-3-5cm","status":"publish","type":"product","link":"https:\/\/www.mysexualfantasy.eu\/en\/product\/harness-attraction-harris-doble-penetracion-con-vibracion-18-x-3-5cm\/","title":{"rendered":"HARNESS ATTRACTION &#8211; HARRIS  DOBLE PENETRACI\u00d3N CON VIBRACION 18  X 3.5CM"},"content":{"rendered":"<p>Ambos amantes pueden experimentar el placer de la penetraci\u00f3n con este innovador arn\u00e9s. Perfecto para dos mujeres, el consolador m\u00e1s peque\u00f1o se desliza con facilidad y comodidad, mientras que una peque\u00f1a protuberancia estimula su cl\u00edtoris. El consolador m\u00e1s grande es delgado y elegante para un uso anal o vaginal c\u00f3modo.<\/p>\n<p>Gracias a su sistema de correa, adem\u00e1s de adecuarse en muchas cinturas, se mantiene en su sitio durante toda la actividad.<\/p>\n<p>El sistema \u00a0\u00a0Harness click\u00a0\u00a0es un tipo de encaje patentado por Harness Attraction, con el cual podr\u00e1s intercambiar infinidad de penes y dongs al mismo arn\u00e9s.<\/p>\n<ul>\n<li>Material 100%\u00a0libre de Phalatos<\/li>\n<li>Suave y sedoso al tacto<\/li>\n<li>Medidas del estimulador Grande; 18 x 3.5cm<\/li>\n<li>Medidas del estimulador Peque\u00f1o; 10 x 3.2cm<\/li>\n<li>Pene real\u00edstico Tpr libre de Phalatos<\/li>\n<li>Arn\u00e9s de neopreno y cuero vegano.\u00a0<\/li>\n<\/ul>\n<p>Este arn\u00e9s est\u00e1 pensado para el uso de mujeres y hombres indistintamente.<\/p>\n<p>Harness Attraction es la colecci\u00f3n de arneses m\u00e1s completa!\u00a0 Real\u00edsticos, rotadores, con vibraci\u00f3n, huecos etc.. Ahora es la oportunidad de realizar tus fantas\u00edas con la total Garant\u00eda de Harness Attracion. Calidad cuidadosamente revisada para un resultado de perfecto.<\/p>","protected":false},"excerpt":{"rendered":"<p>HARNESS ATTRACTION &#8211; HARRIS VIBRATING DOUBLE HARNESS 18 X 3.5CM<\/p>","protected":false},"featured_media":36495,"comment_status":"open","ping_status":"closed","template":"","meta":{"_monsterinsights_skip_tracking":false,"_monsterinsights_sitenote_active":false,"_monsterinsights_sitenote_note":"","_monsterinsights_sitenote_category":0,"_joinchat":[]},"product_brand":[],"product_cat":[1173,1279,1280,1152],"product_tag":[],"class_list":{"0":"post-31211","1":"product","2":"type-product","3":"status-publish","4":"has-post-thumbnail","6":"product_cat-juguetes-bienestar-arneses","7":"product_cat-juguetes-bienestar-arnesesarneses-con-vibracion","8":"product_cat-juguetes-bienestar-arnesesarneses-dobles","9":"product_cat-juguetes-bienestar","10":"yith_product_brand-harness-attraction","12":"first","13":"instock","14":"taxable","15":"shipping-taxable","16":"purchasable","17":"product-type-simple"},"aioseo_notices":[],"_links":{"self":[{"href":"https:\/\/www.mysexualfantasy.eu\/en\/wp-json\/wp\/v2\/product\/31211","targetHints":{"allow":["GET"]}}],"collection":[{"href":"https:\/\/www.mysexualfantasy.eu\/en\/wp-json\/wp\/v2\/product"}],"about":[{"href":"https:\/\/www.mysexualfantasy.eu\/en\/wp-json\/wp\/v2\/types\/product"}],"replies":[{"embeddable":true,"href":"https:\/\/www.mysexualfantasy.eu\/en\/wp-json\/wp\/v2\/comments?post=31211"}],"wp:featuredmedia":[{"embeddable":true,"href":"https:\/\/www.mysexualfantasy.eu\/en\/wp-json\/wp\/v2\/media\/36495"}],"wp:attachment":[{"href":"https:\/\/www.mysexualfantasy.eu\/en\/wp-json\/wp\/v2\/media?parent=31211"}],"wp:term":[{"taxonomy":"product_brand","embeddable":true,"href":"https:\/\/www.mysexualfantasy.eu\/en\/wp-json\/wp\/v2\/product_brand?post=31211"},{"taxonomy":"product_cat","embeddable":true,"href":"https:\/\/www.mysexualfantasy.eu\/en\/wp-json\/wp\/v2\/product_cat?post=31211"},{"taxonomy":"product_tag","embeddable":true,"href":"https:\/\/www.mysexualfantasy.eu\/en\/wp-json\/wp\/v2\/product_tag?post=31211"}],"curies":[{"name":"wp","href":"https:\/\/api.w.org\/{rel}","templated":true}]}}