{"id":31234,"date":"2023-01-13T13:54:25","date_gmt":"2023-01-13T13:54:25","guid":{"rendered":"https:\/\/www.mysexualfantasy.eu\/?post_type=product&#038;p=31234"},"modified":"2023-12-06T15:51:34","modified_gmt":"2023-12-06T15:51:34","slug":"cock-miller-silicona-density-cocksil-articulable-negro-18-cm","status":"publish","type":"product","link":"https:\/\/www.mysexualfantasy.eu\/en\/product\/cock-miller-silicona-density-cocksil-articulable-negro-18-cm\/","title":{"rendered":"COCK MILLER SILICONA DENSITY COCKSIL ARTICULABLE NEGRO 18 CM"},"content":{"rendered":"<p>COCKMILLER ofrece una gama de dildos con una piel de silicona s\u00faper suave de alta calidad con doble densidad y relleno de silicona densa cocksil \u2122 \u00ae que adem\u00e1s incluye un cuerpo resistente que lo hace articulado, para una textura y tacto extremadamente real\u00edstico y una experiencia de placer incomparable.<\/p>\n<p>La revolucionaria f\u00f3rmula patentada del material cocksil usado para rellenar nuestros productos, permite una mejore flexibilidad y densidad del dildo. D\u00e1ndole una elasticidad y manejabilidad magn\u00edfica articulable<\/p>\n<p>COCK MILLER ofrece la mejor calidad de silicona del mercado. Nuestra silicona Platinum no contiene ftalatos ni l\u00e1tex, es hipo alerg\u00e9nica y no porosa lo que la hace mucha m\u00e1s duradera y f\u00e1cil de limpiar.<\/p>\n<ul>\n<li>Dual Density<\/li>\n<li>Articulable<\/li>\n<li>Memory silicone &#8211; cocksil<\/li>\n<li>Silicona platino<\/li>\n<li>Libre de ftalatos y l\u00e1tex<\/li>\n<li>Fuerte ventosa<\/li>\n<li>Hipoalergenico<\/li>\n<li>Apto con arn\u00e9s<\/li>\n<\/ul>\n<p>Medidas; 18 x 3.3 cm<\/p>\n<p>MATERIAL Y CUIDADO<\/p>\n<p>El Material COCKSIL ( Silicona dual density y silicona densa ) \u00a0\u00a0que no da\u00f1a la piel, no es poroso y, por lo tanto, es muy higi\u00e9nico. La textura suave y flexible asegura que el material \u00a0de silicona \u00a0sea agradable y f\u00e1cil de deslizar. Absorbe y almacena r\u00e1pidamente el calor de su cuerpo. Para el uso de lubricantes, recomendamos un lubricante a base de agua Waterfeel. Esto es suave con el material y garantiza que mantenga la textura durante mucho tiempo.\u00a0 Despu\u00e9s de utilizarlo l\u00edmpialo con el waterfeel toy cleaner o jab\u00f3n ph neutro y agua tibia para una perfecta limpieza.<\/p>\n<p><strong>LA MARCA COCKMILLER<\/strong><\/p>\n<p>Sensaci\u00f3n firme, realismo y placentero definen a la marca COCKMILLER, un producto de m\u00e1xima calidad a un precio asequible que garantizan una perfecta combinaci\u00f3n de precio y Placer.<\/p>","protected":false},"excerpt":{"rendered":"<p>COCK MILLER SILICONE DENSITY COCKSIL ARTICULABLE BLACK 18 CM<\/p>","protected":false},"featured_media":62996,"comment_status":"open","ping_status":"closed","template":"","meta":{"_monsterinsights_skip_tracking":false,"_monsterinsights_sitenote_active":false,"_monsterinsights_sitenote_note":"","_monsterinsights_sitenote_category":0,"_joinchat":[]},"product_brand":[],"product_cat":[1182,1304,1303,1152,1188],"product_tag":[],"class_list":{"0":"post-31234","1":"product","2":"type-product","3":"status-publish","4":"has-post-thumbnail","6":"product_cat-juguetes-bienestar-dildos","7":"product_cat-juguetes-bienestar-dildosdildos-para-arneses","8":"product_cat-juguetes-bienestar-dildosdildos-punto-g","9":"product_cat-juguetes-bienestar","10":"product_cat-juguetes-bienestar-dildospenes-realisticos","11":"yith_product_brand-cock-miller","13":"first","14":"instock","15":"taxable","16":"shipping-taxable","17":"purchasable","18":"product-type-simple"},"aioseo_notices":[],"_links":{"self":[{"href":"https:\/\/www.mysexualfantasy.eu\/en\/wp-json\/wp\/v2\/product\/31234","targetHints":{"allow":["GET"]}}],"collection":[{"href":"https:\/\/www.mysexualfantasy.eu\/en\/wp-json\/wp\/v2\/product"}],"about":[{"href":"https:\/\/www.mysexualfantasy.eu\/en\/wp-json\/wp\/v2\/types\/product"}],"replies":[{"embeddable":true,"href":"https:\/\/www.mysexualfantasy.eu\/en\/wp-json\/wp\/v2\/comments?post=31234"}],"wp:featuredmedia":[{"embeddable":true,"href":"https:\/\/www.mysexualfantasy.eu\/en\/wp-json\/wp\/v2\/media\/62996"}],"wp:attachment":[{"href":"https:\/\/www.mysexualfantasy.eu\/en\/wp-json\/wp\/v2\/media?parent=31234"}],"wp:term":[{"taxonomy":"product_brand","embeddable":true,"href":"https:\/\/www.mysexualfantasy.eu\/en\/wp-json\/wp\/v2\/product_brand?post=31234"},{"taxonomy":"product_cat","embeddable":true,"href":"https:\/\/www.mysexualfantasy.eu\/en\/wp-json\/wp\/v2\/product_cat?post=31234"},{"taxonomy":"product_tag","embeddable":true,"href":"https:\/\/www.mysexualfantasy.eu\/en\/wp-json\/wp\/v2\/product_tag?post=31234"}],"curies":[{"name":"wp","href":"https:\/\/api.w.org\/{rel}","templated":true}]}}