{"id":31246,"date":"2023-01-13T12:35:32","date_gmt":"2023-01-13T12:35:32","guid":{"rendered":"https:\/\/www.mysexualfantasy.eu\/?post_type=product&#038;p=31246"},"modified":"2023-12-06T14:58:50","modified_gmt":"2023-12-06T14:58:50","slug":"captivation-chase-me-perfume-con-feromonas-para-el-30-ml","status":"publish","type":"product","link":"https:\/\/www.mysexualfantasy.eu\/en\/product\/captivation-chase-me-perfume-con-feromonas-para-el-30-ml\/","title":{"rendered":"CAPTIVATION CHASE ME PERFUME CON FEROMONAS PARA \u00c9L 30 ML"},"content":{"rendered":"<p>Los perfumes con fragancia de feromonas est\u00e1n dise\u00f1ados para atraer al sexo opuesto a trav\u00e9s de la estimulaci\u00f3n olfativa.<\/p>\n<p>Se distinguen de los perfumes normales porque surgen emociones inconscientes, produciendo una intensa sensaci\u00f3n estimulante que aumentar\u00e1 los deseos m\u00e1s ocultos. La formulaci\u00f3n particular de este perfume libera una fragancia estimulante que aumentar\u00e1 el deseo natural de \u00e9l o ella, transport\u00e1ndolos a una dimensi\u00f3n er\u00f3tica y seductora.<\/p>\n<p>Captivation Chase Me es atractivo e hipn\u00f3tico, libera una fragancia irresistible en el aire y su formulaci\u00f3n est\u00e1 espec\u00edficamente dise\u00f1ada para dar lugar a un intenso deseo.<\/p>\n<ul>\n<li>Perfume Chase me para \u00e9l\u00a0\u00a0<\/li>\n<li>30 ml\u00a0<\/li>\n<\/ul>","protected":false},"excerpt":{"rendered":"<p>PACKAGING DISPONIBLE EN: \/it\/en\/de\/fr\/<\/p>","protected":false},"featured_media":51989,"comment_status":"open","ping_status":"closed","template":"","meta":{"_monsterinsights_skip_tracking":false,"_monsterinsights_sitenote_active":false,"_monsterinsights_sitenote_note":"","_monsterinsights_sitenote_category":0,"_joinchat":[]},"product_brand":[],"product_cat":[1203,1204],"product_tag":[],"class_list":{"0":"post-31246","1":"product","2":"type-product","3":"status-publish","4":"has-post-thumbnail","6":"product_cat-drogueria","7":"product_cat-drogueria-perfumes","8":"yith_product_brand-intimateline","9":"yith_product_brand-intimatelineintimateline-intimateline","11":"first","12":"instock","13":"taxable","14":"shipping-taxable","15":"purchasable","16":"product-type-simple"},"aioseo_notices":[],"_links":{"self":[{"href":"https:\/\/www.mysexualfantasy.eu\/en\/wp-json\/wp\/v2\/product\/31246","targetHints":{"allow":["GET"]}}],"collection":[{"href":"https:\/\/www.mysexualfantasy.eu\/en\/wp-json\/wp\/v2\/product"}],"about":[{"href":"https:\/\/www.mysexualfantasy.eu\/en\/wp-json\/wp\/v2\/types\/product"}],"replies":[{"embeddable":true,"href":"https:\/\/www.mysexualfantasy.eu\/en\/wp-json\/wp\/v2\/comments?post=31246"}],"wp:featuredmedia":[{"embeddable":true,"href":"https:\/\/www.mysexualfantasy.eu\/en\/wp-json\/wp\/v2\/media\/51989"}],"wp:attachment":[{"href":"https:\/\/www.mysexualfantasy.eu\/en\/wp-json\/wp\/v2\/media?parent=31246"}],"wp:term":[{"taxonomy":"product_brand","embeddable":true,"href":"https:\/\/www.mysexualfantasy.eu\/en\/wp-json\/wp\/v2\/product_brand?post=31246"},{"taxonomy":"product_cat","embeddable":true,"href":"https:\/\/www.mysexualfantasy.eu\/en\/wp-json\/wp\/v2\/product_cat?post=31246"},{"taxonomy":"product_tag","embeddable":true,"href":"https:\/\/www.mysexualfantasy.eu\/en\/wp-json\/wp\/v2\/product_tag?post=31246"}],"curies":[{"name":"wp","href":"https:\/\/api.w.org\/{rel}","templated":true}]}}