{"id":31320,"date":"2023-01-13T12:04:48","date_gmt":"2023-01-13T12:04:48","guid":{"rendered":"https:\/\/www.mysexualfantasy.eu\/?post_type=product&#038;p=31320"},"modified":"2023-12-06T16:04:30","modified_gmt":"2023-12-06T16:04:30","slug":"calex-bala-de-silicona-con-control-remoto-negro","status":"publish","type":"product","link":"https:\/\/www.mysexualfantasy.eu\/en\/product\/calex-bala-de-silicona-con-control-remoto-negro\/","title":{"rendered":"CALEX BALA DE SILICONA CON CONTROL REMOTO NEGRO"},"content":{"rendered":"<p>Wristband Remote Curve es un teaser potente combinado con un controlador de pulsera discretamente juguet\u00f3n para los aventureros que buscan placer.<\/p>\n<p>El elegante y discreto controlador de pulsera hace que sea f\u00e1cil para ti o tu amante controlar la intensidad de la vibraci\u00f3n con solo tocar un bot\u00f3n. Cuando sea o donde sea que te lleve la pasi\u00f3n, este apasionado vibrador de casi 10 metros de radio y 12 funciones intensas de vibraci\u00f3n est\u00e1n listas para jugar.<\/p>\n<p>Usa el controlador discreto o el bot\u00f3n en la parte posterior del mini vibrador para recorrer 12 funciones de vibraci\u00f3n y elegir entre una gran cantidad de intensidades y patrones. Ya sea que elijas mantener el control o que hayas dejado el placer en la mano de tu pareja, este poderoso reclamo seguramente te brindar\u00e1 una sensaci\u00f3n de temblor en las rodillas.<\/p>\n<p>Desde principiantes sonrojados hasta expertos er\u00f3ticos, este maravilloso juguete de bala agrega vibraciones vers\u00e1tiles a cualquier colecci\u00f3n de juguetes.<\/p>\n<p>Recarga tu pasi\u00f3n en solo 1 hora con el cable USB provisto para hasta 180 minutos de vibraci\u00f3n de baja velocidad o 120 minutos de estimulaci\u00f3n de alta intensidad.<\/p>\n<ul>\n<li>Longitud total: 7,5 cm<\/li>\n<li>Di\u00e1metro: 3,25 cm<\/li>\n<li>12 modos de vibraci\u00f3n<\/li>\n<li>Impermeable<\/li>\n<li>Silicona hipoalerg\u00e9nica<\/li>\n<li>Recargable con USB<\/li>\n<li>Con control remoto<\/li>\n<\/ul>\n<p>En la b\u00fasqueda continua del placer inmediato, California exotics sigue innovando con miles de productos para el placer femenino y masculino. Estas listo para la acci\u00f3n?<\/p>","protected":false},"excerpt":{"rendered":"<p>CALEX WRISTBAND REMOTE CONTROL CURVE<\/p>","protected":false},"featured_media":45537,"comment_status":"open","ping_status":"closed","template":"","meta":{"_monsterinsights_skip_tracking":false,"_monsterinsights_sitenote_active":false,"_monsterinsights_sitenote_note":"","_monsterinsights_sitenote_category":0,"_joinchat":[]},"product_brand":[],"product_cat":[1193,1156,1152,1155,1165,1294,1153,1154],"product_tag":[],"class_list":{"0":"post-31320","1":"product","2":"type-product","3":"status-publish","4":"has-post-thumbnail","6":"product_cat-juguetes-bienestar-vibradores100-sumergible","7":"product_cat-juguetes-bienestar-juguetes-para-mujeresestimuladores","8":"product_cat-juguetes-bienestar","9":"product_cat-juguetes-bienestar-juguetes-para-mujeres","10":"product_cat-juguetes-bienestar-juguetes-para-mujeresmasturbadores-para-ellas","11":"product_cat-juguetes-bienestar-vibradoresmini-vibradores","12":"product_cat-juguetes-bienestar-vibradores","13":"product_cat-juguetes-bienestar-vibradoresvibradores-control-remoto","14":"yith_product_brand-california-exotics","16":"first","17":"instock","18":"taxable","19":"shipping-taxable","20":"purchasable","21":"product-type-simple"},"aioseo_notices":[],"_links":{"self":[{"href":"https:\/\/www.mysexualfantasy.eu\/en\/wp-json\/wp\/v2\/product\/31320","targetHints":{"allow":["GET"]}}],"collection":[{"href":"https:\/\/www.mysexualfantasy.eu\/en\/wp-json\/wp\/v2\/product"}],"about":[{"href":"https:\/\/www.mysexualfantasy.eu\/en\/wp-json\/wp\/v2\/types\/product"}],"replies":[{"embeddable":true,"href":"https:\/\/www.mysexualfantasy.eu\/en\/wp-json\/wp\/v2\/comments?post=31320"}],"wp:featuredmedia":[{"embeddable":true,"href":"https:\/\/www.mysexualfantasy.eu\/en\/wp-json\/wp\/v2\/media\/45537"}],"wp:attachment":[{"href":"https:\/\/www.mysexualfantasy.eu\/en\/wp-json\/wp\/v2\/media?parent=31320"}],"wp:term":[{"taxonomy":"product_brand","embeddable":true,"href":"https:\/\/www.mysexualfantasy.eu\/en\/wp-json\/wp\/v2\/product_brand?post=31320"},{"taxonomy":"product_cat","embeddable":true,"href":"https:\/\/www.mysexualfantasy.eu\/en\/wp-json\/wp\/v2\/product_cat?post=31320"},{"taxonomy":"product_tag","embeddable":true,"href":"https:\/\/www.mysexualfantasy.eu\/en\/wp-json\/wp\/v2\/product_tag?post=31320"}],"curies":[{"name":"wp","href":"https:\/\/api.w.org\/{rel}","templated":true}]}}