{"id":31330,"date":"2023-01-13T14:36:55","date_gmt":"2023-01-13T14:36:55","guid":{"rendered":"https:\/\/www.mysexualfantasy.eu\/?post_type=product&#038;p=31330"},"modified":"2023-12-06T16:04:32","modified_gmt":"2023-12-06T16:04:32","slug":"calex-balas-vibradoras-doradas-duo-gold","status":"publish","type":"product","link":"https:\/\/www.mysexualfantasy.eu\/en\/product\/calex-balas-vibradoras-doradas-duo-gold\/","title":{"rendered":"CALEX  BALAS VIBRADORAS DORADAS DUO GOLD"},"content":{"rendered":"<p>Las balas doradas dobles vibrantes Pocket Exotics est\u00e1n hechas de ABS. Lo que las hace seguras, sensuales y estimulantes.<\/p>\n<p>Estas balas sensuales tienen todo lo que necesita, lo \u00faltimo en placer sensual.<\/p>\n<ul>\n<li>El ba\u00f1ado en gold ofrece una satisfacci\u00f3n de m\u00faltiples velocidades.<\/li>\n<li>Duradero y emocionante, para disfrutar en solitario o en pareja.<\/li>\n<li>Deja que estas balas apunten al coraz\u00f3n del deseo y disfruta de una aventura sensual verdaderamente emocionante.<\/li>\n<\/ul>\n<p>Incorpora un vibrador multivelocidad que funciona con dos pilas AA ( No incluidas )<\/p>\n<p>En la b\u00fasqueda continua del placer inmediato, California exotics sigue innovando con miles de productos para el placer femenino y masculino. Estas listo para la acci\u00f3n?<\/p>","protected":false},"excerpt":{"rendered":"<p>CALEX VIBRATING BULLETS GOLD DUO<\/p>","protected":false},"featured_media":69530,"comment_status":"open","ping_status":"closed","template":"","meta":{"_monsterinsights_skip_tracking":false,"_monsterinsights_sitenote_active":false,"_monsterinsights_sitenote_note":"","_monsterinsights_sitenote_category":0,"_joinchat":[]},"product_brand":[],"product_cat":[1156,1152,1155,1163],"product_tag":[],"class_list":{"0":"post-31330","1":"product","2":"type-product","3":"status-publish","4":"has-post-thumbnail","6":"product_cat-juguetes-bienestar-juguetes-para-mujeresestimuladores","7":"product_cat-juguetes-bienestar","8":"product_cat-juguetes-bienestar-juguetes-para-mujeres","9":"product_cat-juguetes-bienestar-juguetes-para-mujeresestimuladorespara-clitoris","10":"yith_product_brand-california-exotics","12":"first","13":"instock","14":"taxable","15":"shipping-taxable","16":"purchasable","17":"product-type-simple"},"aioseo_notices":[],"_links":{"self":[{"href":"https:\/\/www.mysexualfantasy.eu\/en\/wp-json\/wp\/v2\/product\/31330","targetHints":{"allow":["GET"]}}],"collection":[{"href":"https:\/\/www.mysexualfantasy.eu\/en\/wp-json\/wp\/v2\/product"}],"about":[{"href":"https:\/\/www.mysexualfantasy.eu\/en\/wp-json\/wp\/v2\/types\/product"}],"replies":[{"embeddable":true,"href":"https:\/\/www.mysexualfantasy.eu\/en\/wp-json\/wp\/v2\/comments?post=31330"}],"wp:featuredmedia":[{"embeddable":true,"href":"https:\/\/www.mysexualfantasy.eu\/en\/wp-json\/wp\/v2\/media\/69530"}],"wp:attachment":[{"href":"https:\/\/www.mysexualfantasy.eu\/en\/wp-json\/wp\/v2\/media?parent=31330"}],"wp:term":[{"taxonomy":"product_brand","embeddable":true,"href":"https:\/\/www.mysexualfantasy.eu\/en\/wp-json\/wp\/v2\/product_brand?post=31330"},{"taxonomy":"product_cat","embeddable":true,"href":"https:\/\/www.mysexualfantasy.eu\/en\/wp-json\/wp\/v2\/product_cat?post=31330"},{"taxonomy":"product_tag","embeddable":true,"href":"https:\/\/www.mysexualfantasy.eu\/en\/wp-json\/wp\/v2\/product_tag?post=31330"}],"curies":[{"name":"wp","href":"https:\/\/api.w.org\/{rel}","templated":true}]}}