{"id":31341,"date":"2023-01-13T11:35:57","date_gmt":"2023-01-13T11:35:57","guid":{"rendered":"https:\/\/www.mysexualfantasy.eu\/?post_type=product&#038;p=31341"},"modified":"2023-12-06T15:39:51","modified_gmt":"2023-12-06T15:39:51","slug":"calex-micro-vibe-arouser-bunny-anillo-vibrador-rosa","status":"publish","type":"product","link":"https:\/\/www.mysexualfantasy.eu\/en\/product\/calex-micro-vibe-arouser-bunny-anillo-vibrador-rosa\/","title":{"rendered":"CALEX MICRO VIBE AROUSER BUNNY  ANILLO VIBRADOR ROSA"},"content":{"rendered":"<p>Salta hacia orgasmos incre\u00edbles y simult\u00e1neos con el discreto, pero poderoso Micro Vibe Arouser &#8211; Power Bunny.<\/p>\n<p>Este dulce conejito rosa tiene un intenso potencial de placer detr\u00e1s de su exterior aparentemente lindo. \u00a1Es un potenciador de la erecci\u00f3n para \u00e9l y un vibrador para ella!<\/p>\n<p>El Micro Vibe Arouser est\u00e1 hecho de un material TPR el\u00e1stico y suave que hace que maximizar su erecci\u00f3n sea incre\u00edblemente c\u00f3modo. Como Power Bunny permite que la sangre fluya hacia su erecci\u00f3n, pero no hacia afuera, tu pareja y tu disfrutar\u00e9is de una sensaci\u00f3n de circunferencia adicional.<\/p>\n<p>Observa c\u00f3mo aumenta tu resistencia mientras sigue burl\u00e1ndose y complaciendo mucho m\u00e1s all\u00e1 de su umbral habitual. El anillo agrega sensibilidad adicional a cada movimiento para aumentar su placer y crear orgasmos explosivos. Y, para ella, la sexy Power Bunny rosa est\u00e1 perfectamente posicionada para estimular su cl\u00edtoris para una estimulaci\u00f3n total mientras empujas.<\/p>\n<p>Para encender el Bunny, solo inserta tres bater\u00edas de reloj (seis incluidas) en la bala extra\u00edble. El estimulador de tres velocidades te permite cambiar las intensidades con solo tocar un bot\u00f3n hasta que encuentre el que conduce a los orgasmos que se encrespan los dedos.<\/p>\n<p>Te encantar\u00e1 la sensaci\u00f3n de tener todos tus lugares favoritos estimulados a la vez. \u00a1Te encantar\u00e1 sentir las vibraciones reverberar en todo el anillo para una diversi\u00f3n sincronizada! Disfruta de la intensa, simulaci\u00f3n y mejora del placer manos libres con el juguet\u00f3n y poderoso Micro Vibe Arouser &#8211; Power Bunny.<\/p>\n<ul>\n<li>Medidas:\u00a0 Bala: 6,25 x 2 cm\u00a0 +\u00a0\u00a0 Anillo: 6,25 x 3,75 cm<\/li>\n<li>Impermeable<\/li>\n<li>Material: Caucho termopl\u00e1stico y pl\u00e1stico ABS<\/li>\n<li>Incluye 3 pilas LR44<\/li>\n<\/ul>\n<p>En la b\u00fasqueda continua del placer inmediato, California exotics sigue innovando con miles de productos para el placer femenino y masculino. Estas listo para la acci\u00f3n?<\/p>","protected":false},"excerpt":{"rendered":"<p>CALEX MICRO VIBE AROUSER BUNNY<\/p>","protected":false},"featured_media":31855,"comment_status":"open","ping_status":"closed","template":"","meta":{"_monsterinsights_skip_tracking":false,"_monsterinsights_sitenote_active":false,"_monsterinsights_sitenote_note":"","_monsterinsights_sitenote_category":0,"_joinchat":[]},"product_brand":[],"product_cat":[1170,1172,1171,1152,1160],"product_tag":[],"class_list":{"0":"post-31341","1":"product","2":"type-product","3":"status-publish","4":"has-post-thumbnail","6":"product_cat-juguetes-bienestar-juguetes-para-hombresaccesorios-para-el-pene","7":"product_cat-juguetes-bienestar-juguetes-para-hombresaccesorios-para-el-peneanillos-peneanillos-con-vibracion","8":"product_cat-juguetes-bienestar-juguetes-para-hombresaccesorios-para-el-peneanillos-pene","9":"product_cat-juguetes-bienestar","10":"product_cat-juguetes-bienestar-juguetes-para-hombres","11":"yith_product_brand-california-exotics","13":"first","14":"instock","15":"taxable","16":"shipping-taxable","17":"purchasable","18":"product-type-simple"},"aioseo_notices":[],"_links":{"self":[{"href":"https:\/\/www.mysexualfantasy.eu\/en\/wp-json\/wp\/v2\/product\/31341","targetHints":{"allow":["GET"]}}],"collection":[{"href":"https:\/\/www.mysexualfantasy.eu\/en\/wp-json\/wp\/v2\/product"}],"about":[{"href":"https:\/\/www.mysexualfantasy.eu\/en\/wp-json\/wp\/v2\/types\/product"}],"replies":[{"embeddable":true,"href":"https:\/\/www.mysexualfantasy.eu\/en\/wp-json\/wp\/v2\/comments?post=31341"}],"wp:featuredmedia":[{"embeddable":true,"href":"https:\/\/www.mysexualfantasy.eu\/en\/wp-json\/wp\/v2\/media\/31855"}],"wp:attachment":[{"href":"https:\/\/www.mysexualfantasy.eu\/en\/wp-json\/wp\/v2\/media?parent=31341"}],"wp:term":[{"taxonomy":"product_brand","embeddable":true,"href":"https:\/\/www.mysexualfantasy.eu\/en\/wp-json\/wp\/v2\/product_brand?post=31341"},{"taxonomy":"product_cat","embeddable":true,"href":"https:\/\/www.mysexualfantasy.eu\/en\/wp-json\/wp\/v2\/product_cat?post=31341"},{"taxonomy":"product_tag","embeddable":true,"href":"https:\/\/www.mysexualfantasy.eu\/en\/wp-json\/wp\/v2\/product_tag?post=31341"}],"curies":[{"name":"wp","href":"https:\/\/api.w.org\/{rel}","templated":true}]}}