{"id":31344,"date":"2023-01-13T11:35:58","date_gmt":"2023-01-13T11:35:58","guid":{"rendered":"https:\/\/www.mysexualfantasy.eu\/?post_type=product&#038;p=31344"},"modified":"2023-12-06T15:39:53","modified_gmt":"2023-12-06T15:39:53","slug":"calex-dual-clit-flicker-enhancer-doble-anillo-vibrador-de-silicona-rosa","status":"publish","type":"product","link":"https:\/\/www.mysexualfantasy.eu\/en\/product\/calex-dual-clit-flicker-enhancer-doble-anillo-vibrador-de-silicona-rosa\/","title":{"rendered":"CALEX DUAL CLIT FLICKER ENHANCER DOBLE ANILLO VIBRADOR DE SILICONA ROSA"},"content":{"rendered":"<p>El parpadeo recargable de doble cl\u00edtoris de silicona combina 7 funciones intensas de vibraci\u00f3n con un paquete de aleteo er\u00f3tico para duplicar el placer de sacudir las rodillas.<\/p>\n<p>Este tama\u00f1o de anillo de estimulaci\u00f3n doble es ideal para principiantes que buscan condimentar cosas o expertos er\u00f3ticos que buscan agregar placer intenso a su arsenal.<\/p>\n<p>El lujoso anillo de silicona seguro para el cuerpo funciona para mejorar la resistencia y la circunferencia para que tu amante gima por m\u00e1s.<\/p>\n<p>El anillo apretado maximiza la sensibilidad y aumenta la sensaci\u00f3n en todo el pene, lo que permite que los hombres disfruten de un placer m\u00e1s prolongado y poderoso. Mientras alcanzas el siguiente nivel de placer, las 7 funciones de vibraci\u00f3n y los teasers parpadeantes dejar\u00e1n a tu dama en un estado de felicidad org\u00e1smica.<\/p>\n<p>Se\u00f1oras, mientras su placer aumenta, tambi\u00e9n lo har\u00e1 el suyo. El estimulador ergon\u00f3mico y los teasers aleteo en forma de lengua brindan placer en tus puntos dulces m\u00e1s \u00edntimos. Toma este anillo a prueba de agua para darte un chapuz\u00f3n y abraza esas poderosas vibraciones en el ba\u00f1o, la ducha o el jacuzzi.<\/p>\n<p>Este anillo apasionado recuerda exactamente c\u00f3mo te gusta con el chip de memoria de \u00faltima generaci\u00f3n y puede detectar la \u00faltima funci\u00f3n utilizada. Usa los botones de silicona f\u00e1ciles de tocar o el control remoto para controlar sin esfuerzo el placer. Recarga su placer en muy poco tiempo con un tiempo de carga de 1 hora.<\/p>\n<ul>\n<li>Longitud: 5 cm anillo grande \/ 3,75 cm anillo peque\u00f1o<\/li>\n<li>7 modos de vibraci\u00f3n<\/li>\n<li>De silicona<\/li>\n<li>Recargable con USB<\/li>\n<\/ul>\n<p>En la b\u00fasqueda continua del placer inmediato, California exotics sigue innovando con miles de productos para el placer femenino y masculino. Estas listo para la acci\u00f3n?<\/p>","protected":false},"excerpt":{"rendered":"<p>CALEX DUAL CLIT FLICKER ENHANCER<\/p>","protected":false},"featured_media":31860,"comment_status":"open","ping_status":"closed","template":"","meta":{"_monsterinsights_skip_tracking":false,"_monsterinsights_sitenote_active":false,"_monsterinsights_sitenote_note":"","_monsterinsights_sitenote_category":0,"_joinchat":[]},"product_brand":[],"product_cat":[1170,1172,1171,1152,1160],"product_tag":[],"class_list":{"0":"post-31344","1":"product","2":"type-product","3":"status-publish","4":"has-post-thumbnail","6":"product_cat-juguetes-bienestar-juguetes-para-hombresaccesorios-para-el-pene","7":"product_cat-juguetes-bienestar-juguetes-para-hombresaccesorios-para-el-peneanillos-peneanillos-con-vibracion","8":"product_cat-juguetes-bienestar-juguetes-para-hombresaccesorios-para-el-peneanillos-pene","9":"product_cat-juguetes-bienestar","10":"product_cat-juguetes-bienestar-juguetes-para-hombres","11":"yith_product_brand-california-exotics","13":"first","14":"instock","15":"taxable","16":"shipping-taxable","17":"purchasable","18":"product-type-simple"},"aioseo_notices":[],"_links":{"self":[{"href":"https:\/\/www.mysexualfantasy.eu\/en\/wp-json\/wp\/v2\/product\/31344","targetHints":{"allow":["GET"]}}],"collection":[{"href":"https:\/\/www.mysexualfantasy.eu\/en\/wp-json\/wp\/v2\/product"}],"about":[{"href":"https:\/\/www.mysexualfantasy.eu\/en\/wp-json\/wp\/v2\/types\/product"}],"replies":[{"embeddable":true,"href":"https:\/\/www.mysexualfantasy.eu\/en\/wp-json\/wp\/v2\/comments?post=31344"}],"wp:featuredmedia":[{"embeddable":true,"href":"https:\/\/www.mysexualfantasy.eu\/en\/wp-json\/wp\/v2\/media\/31860"}],"wp:attachment":[{"href":"https:\/\/www.mysexualfantasy.eu\/en\/wp-json\/wp\/v2\/media?parent=31344"}],"wp:term":[{"taxonomy":"product_brand","embeddable":true,"href":"https:\/\/www.mysexualfantasy.eu\/en\/wp-json\/wp\/v2\/product_brand?post=31344"},{"taxonomy":"product_cat","embeddable":true,"href":"https:\/\/www.mysexualfantasy.eu\/en\/wp-json\/wp\/v2\/product_cat?post=31344"},{"taxonomy":"product_tag","embeddable":true,"href":"https:\/\/www.mysexualfantasy.eu\/en\/wp-json\/wp\/v2\/product_tag?post=31344"}],"curies":[{"name":"wp","href":"https:\/\/api.w.org\/{rel}","templated":true}]}}