{"id":31362,"date":"2023-01-13T12:05:04","date_gmt":"2023-01-13T12:05:04","guid":{"rendered":"https:\/\/www.mysexualfantasy.eu\/?post_type=product&#038;p=31362"},"modified":"2023-12-06T16:04:45","modified_gmt":"2023-12-06T16:04:45","slug":"sevencreations-e-rabbit-slimine-triple-play-vibrador-triple-estimulacion-rosa","status":"publish","type":"product","link":"https:\/\/www.mysexualfantasy.eu\/en\/product\/sevencreations-e-rabbit-slimine-triple-play-vibrador-triple-estimulacion-rosa\/","title":{"rendered":"SEVENCREATIONS E RABBIT SLIMINE TRIPLE PLAY- VIBRADOR TRIPLE ESTIMULACI\u00d3N ROSA"},"content":{"rendered":"<p>La elecci\u00f3n perfecta para quienes desean m\u00e1s dise\u00f1o, m\u00e1s comodidad y m\u00e1s diversi\u00f3n.<\/p>\n<ul>\n<li>Totalmente resistente al agua<\/li>\n<li>7 intensidades de vibraci\u00f3n<\/li>\n<li>3 funciones de cuentas giratorias<\/li>\n<li>Cable USB incluido<\/li>\n<li>Tiempo de carga: 120 min.<\/li>\n<li>Medidas: 22 x 3 cm<\/li>\n<li>Material: Silicona y pl\u00e1stico ABS<\/li>\n<\/ul>\n<p>Seven Creations innovador y creador de Sex Toys a nivel Mundial.<\/p>","protected":false},"excerpt":{"rendered":"<p>SEVENCREATIONS E RABBIT SLIMINE TRIPLE PLAY<\/p>","protected":false},"featured_media":45597,"comment_status":"open","ping_status":"closed","template":"","meta":{"_monsterinsights_skip_tracking":false,"_monsterinsights_sitenote_active":false,"_monsterinsights_sitenote_note":"","_monsterinsights_sitenote_category":0,"_joinchat":[]},"product_brand":[],"product_cat":[1152,1155,1165,1194,1153,1195],"product_tag":[],"class_list":{"0":"post-31362","1":"product","2":"type-product","3":"status-publish","4":"has-post-thumbnail","6":"product_cat-juguetes-bienestar","7":"product_cat-juguetes-bienestar-juguetes-para-mujeres","8":"product_cat-juguetes-bienestar-juguetes-para-mujeresmasturbadores-para-ellas","9":"product_cat-juguetes-bienestar-vibradoresrotadores-y-vibradores","10":"product_cat-juguetes-bienestar-vibradores","11":"product_cat-juguetes-bienestar-vibradoresvibradores-rabbit","12":"yith_product_brand-seven-creations","14":"first","15":"instock","16":"taxable","17":"shipping-taxable","18":"purchasable","19":"product-type-simple"},"aioseo_notices":[],"_links":{"self":[{"href":"https:\/\/www.mysexualfantasy.eu\/en\/wp-json\/wp\/v2\/product\/31362","targetHints":{"allow":["GET"]}}],"collection":[{"href":"https:\/\/www.mysexualfantasy.eu\/en\/wp-json\/wp\/v2\/product"}],"about":[{"href":"https:\/\/www.mysexualfantasy.eu\/en\/wp-json\/wp\/v2\/types\/product"}],"replies":[{"embeddable":true,"href":"https:\/\/www.mysexualfantasy.eu\/en\/wp-json\/wp\/v2\/comments?post=31362"}],"wp:featuredmedia":[{"embeddable":true,"href":"https:\/\/www.mysexualfantasy.eu\/en\/wp-json\/wp\/v2\/media\/45597"}],"wp:attachment":[{"href":"https:\/\/www.mysexualfantasy.eu\/en\/wp-json\/wp\/v2\/media?parent=31362"}],"wp:term":[{"taxonomy":"product_brand","embeddable":true,"href":"https:\/\/www.mysexualfantasy.eu\/en\/wp-json\/wp\/v2\/product_brand?post=31362"},{"taxonomy":"product_cat","embeddable":true,"href":"https:\/\/www.mysexualfantasy.eu\/en\/wp-json\/wp\/v2\/product_cat?post=31362"},{"taxonomy":"product_tag","embeddable":true,"href":"https:\/\/www.mysexualfantasy.eu\/en\/wp-json\/wp\/v2\/product_tag?post=31362"}],"curies":[{"name":"wp","href":"https:\/\/api.w.org\/{rel}","templated":true}]}}