{"id":31406,"date":"2023-01-13T11:40:25","date_gmt":"2023-01-13T11:40:25","guid":{"rendered":"https:\/\/www.mysexualfantasy.eu\/?post_type=product&#038;p=31406"},"modified":"2023-12-06T14:51:36","modified_gmt":"2023-12-06T14:51:36","slug":"sevencreations-smooth-penis-funda-para-el-pene-de-latex","status":"publish","type":"product","link":"https:\/\/www.mysexualfantasy.eu\/en\/product\/sevencreations-smooth-penis-funda-para-el-pene-de-latex\/","title":{"rendered":"SEVENCREATIONS  SMOOTH PENIS FUNDA PARA EL PENE DE L\u00c1TEX"},"content":{"rendered":"<p>Funda para el pene de l\u00e1tex. C\u00f3moda y muy f\u00e1cil de usar.<\/p>\n<ul>\n<li>Di\u00e1metro Interior: 2 cm<\/li>\n<li>Di\u00e1metro Exterior: 3.4 cm<\/li>\n<li>Longitud Total: 7.5 cm<\/li>\n<li>Longitud del Eje: 6 cm<\/li>\n<\/ul>\n<p>Sevencreaciones obtienen un producto que satisface sus necesidades en relaci\u00f3n calidad-precio. Una marca accesible a todos los p\u00fablicos mayores de edad.<\/p>","protected":false},"excerpt":{"rendered":"<p>SEVENCREATIONS SMOOTH PENIS EXTENSION FLESH<\/p>","protected":false},"featured_media":40870,"comment_status":"open","ping_status":"closed","template":"","meta":{"_monsterinsights_skip_tracking":false,"_monsterinsights_sitenote_active":false,"_monsterinsights_sitenote_note":"","_monsterinsights_sitenote_category":0,"_joinchat":[]},"product_brand":[],"product_cat":[1170,1184,1152,1160],"product_tag":[],"class_list":{"0":"post-31406","1":"product","2":"type-product","3":"status-publish","4":"has-post-thumbnail","6":"product_cat-juguetes-bienestar-juguetes-para-hombresaccesorios-para-el-pene","7":"product_cat-juguetes-bienestar-juguetes-para-hombresaccesorios-para-el-peneextensiones-para-el-pene","8":"product_cat-juguetes-bienestar","9":"product_cat-juguetes-bienestar-juguetes-para-hombres","10":"yith_product_brand-seven-creations","12":"first","13":"instock","14":"taxable","15":"shipping-taxable","16":"purchasable","17":"product-type-simple"},"aioseo_notices":[],"_links":{"self":[{"href":"https:\/\/www.mysexualfantasy.eu\/en\/wp-json\/wp\/v2\/product\/31406","targetHints":{"allow":["GET"]}}],"collection":[{"href":"https:\/\/www.mysexualfantasy.eu\/en\/wp-json\/wp\/v2\/product"}],"about":[{"href":"https:\/\/www.mysexualfantasy.eu\/en\/wp-json\/wp\/v2\/types\/product"}],"replies":[{"embeddable":true,"href":"https:\/\/www.mysexualfantasy.eu\/en\/wp-json\/wp\/v2\/comments?post=31406"}],"wp:featuredmedia":[{"embeddable":true,"href":"https:\/\/www.mysexualfantasy.eu\/en\/wp-json\/wp\/v2\/media\/40870"}],"wp:attachment":[{"href":"https:\/\/www.mysexualfantasy.eu\/en\/wp-json\/wp\/v2\/media?parent=31406"}],"wp:term":[{"taxonomy":"product_brand","embeddable":true,"href":"https:\/\/www.mysexualfantasy.eu\/en\/wp-json\/wp\/v2\/product_brand?post=31406"},{"taxonomy":"product_cat","embeddable":true,"href":"https:\/\/www.mysexualfantasy.eu\/en\/wp-json\/wp\/v2\/product_cat?post=31406"},{"taxonomy":"product_tag","embeddable":true,"href":"https:\/\/www.mysexualfantasy.eu\/en\/wp-json\/wp\/v2\/product_tag?post=31406"}],"curies":[{"name":"wp","href":"https:\/\/api.w.org\/{rel}","templated":true}]}}