{"id":31434,"date":"2023-01-13T13:31:08","date_gmt":"2023-01-13T13:31:08","guid":{"rendered":"https:\/\/www.mysexualfantasy.eu\/?post_type=product&#038;p=31434"},"modified":"2023-12-06T15:55:52","modified_gmt":"2023-12-06T15:55:52","slug":"bathmate-hydromax-7-pack-2-anillos-protectores","status":"publish","type":"product","link":"https:\/\/www.mysexualfantasy.eu\/en\/product\/bathmate-hydromax-7-pack-2-anillos-protectores\/","title":{"rendered":"BATHMATE &#8211; HYDROMAX 7 PACK 2 ANILLOS PROTECTORES"},"content":{"rendered":"<p>Para complementar la prevenci\u00f3n sobre los test\u00edculos en el uso de tu Bomba, hemos desarrollado estos anillos dise\u00f1ados exclusivamente para cada modelo que a\u00f1aden un nivel m\u00e1s de seguridad y confort durante su uso.\u00a0<\/p>\n<p>Hecho de material seguro y almohadillado, estos anillos se moldean hasta alcanzar el forma, asegurando un rendimiento excelente con ellos incluidos. Cada pack incluye dos anillos de diferente forma permitiendo que uses el que mejor se adapte seg\u00fan las dimensiones.\u00a0<\/p>\n<ul>\n<li>Anillos almohadillados compatibles con el Hydromax 7\u00a0<\/li>\n<li>2 unidades\u00a0<\/li>\n<\/ul>","protected":false},"excerpt":{"rendered":"<p>BATHMATE &#8211; HYDROMAX 7 CUSHION RINGS 2 UNITS<\/p>","protected":false},"featured_media":60235,"comment_status":"open","ping_status":"closed","template":"","meta":{"_monsterinsights_skip_tracking":false,"_monsterinsights_sitenote_active":false,"_monsterinsights_sitenote_note":"","_monsterinsights_sitenote_category":0,"_joinchat":[]},"product_brand":[],"product_cat":[1170,1171,1297,1161,1152,1160],"product_tag":[],"class_list":{"0":"post-31434","1":"product","2":"type-product","3":"status-publish","4":"has-post-thumbnail","6":"product_cat-juguetes-bienestar-juguetes-para-hombresaccesorios-para-el-pene","7":"product_cat-juguetes-bienestar-juguetes-para-hombresaccesorios-para-el-peneanillos-pene","8":"product_cat-juguetes-bienestar-juguetes-para-hombresaccesorios-para-el-peneanillos-peneanillos-sin-vibracion","9":"product_cat-juguetes-bienestar-juguetes-para-hombresbomba-alargadora-pene","10":"product_cat-juguetes-bienestar","11":"product_cat-juguetes-bienestar-juguetes-para-hombres","12":"yith_product_brand-bathmate","14":"first","15":"instock","16":"taxable","17":"shipping-taxable","18":"purchasable","19":"product-type-simple"},"aioseo_notices":[],"_links":{"self":[{"href":"https:\/\/www.mysexualfantasy.eu\/en\/wp-json\/wp\/v2\/product\/31434","targetHints":{"allow":["GET"]}}],"collection":[{"href":"https:\/\/www.mysexualfantasy.eu\/en\/wp-json\/wp\/v2\/product"}],"about":[{"href":"https:\/\/www.mysexualfantasy.eu\/en\/wp-json\/wp\/v2\/types\/product"}],"replies":[{"embeddable":true,"href":"https:\/\/www.mysexualfantasy.eu\/en\/wp-json\/wp\/v2\/comments?post=31434"}],"wp:featuredmedia":[{"embeddable":true,"href":"https:\/\/www.mysexualfantasy.eu\/en\/wp-json\/wp\/v2\/media\/60235"}],"wp:attachment":[{"href":"https:\/\/www.mysexualfantasy.eu\/en\/wp-json\/wp\/v2\/media?parent=31434"}],"wp:term":[{"taxonomy":"product_brand","embeddable":true,"href":"https:\/\/www.mysexualfantasy.eu\/en\/wp-json\/wp\/v2\/product_brand?post=31434"},{"taxonomy":"product_cat","embeddable":true,"href":"https:\/\/www.mysexualfantasy.eu\/en\/wp-json\/wp\/v2\/product_cat?post=31434"},{"taxonomy":"product_tag","embeddable":true,"href":"https:\/\/www.mysexualfantasy.eu\/en\/wp-json\/wp\/v2\/product_tag?post=31434"}],"curies":[{"name":"wp","href":"https:\/\/api.w.org\/{rel}","templated":true}]}}