{"id":31476,"date":"2023-01-13T12:05:14","date_gmt":"2023-01-13T12:05:14","guid":{"rendered":"https:\/\/www.mysexualfantasy.eu\/?post_type=product&#038;p=31476"},"modified":"2023-12-06T16:04:52","modified_gmt":"2023-12-06T16:04:52","slug":"ritual-kriya-estimulaodr-punto-g-recargable-negro","status":"publish","type":"product","link":"https:\/\/www.mysexualfantasy.eu\/en\/product\/ritual-kriya-estimulaodr-punto-g-recargable-negro\/","title":{"rendered":"RITUAL KRIYA ESTIMULAODR PUNTO-G RECARGABLE NEGRO"},"content":{"rendered":"<p> Kriya es un vibrador desarrollado en silicona m\u00e9dica de alta calidad y segura para el cuerpo. Su tacto es muy suave, posee un dise\u00f1o perfecto para el Punto G, de gran di\u00e1metro y tama\u00f1o considerable. <\/p>\n<p> Su eje se mueve contigo con tu propio movimiento cuando cambias de posici\u00f3n, se flexiona para acomodar tu cuerpo, su mango ergon\u00f3mico, se adapta perfectamente a la mano. Dispone de 10 velocidades de vibraci\u00f3n potentes y 10 patrones diferentes, una forma perfectamente dise\u00f1ada para que cuando entre y salga te proporcione el mayor placer sin apenas esfuerzo. Su carga inicial ser\u00e1 de 6-8 horas para brindarte 40-120 minutos dependiendo de la velocidad. <\/p>\n<p> Muy silencioso y discreto, no es poroso e hipoalerg\u00e9nico y dispone de una interfaz intuitiva y f\u00e1cil de manejar. Resistente al agua y recargable con cargador usb incluido. <\/p>\n<p> Se recomienda usar lubricante de base acuosa waterfeel para mejor inserci\u00f3n y cuidado del producto, ya que otros lubricantes podr\u00edan da\u00f1ar el juguete. Limpie cuidadosamente el juguete antes del primer uso y despu\u00e9s de cada uso. <\/p>\n<p> Caracter\u00edsticas Principales: <\/p>\n<ul>\n<li> Fabricado en silicona m\u00e9dica de alta calidad. <\/li>\n<li> Sumergible. <\/li>\n<li> Recargable, Cable usb incluido. <\/li>\n<li> Mango ergon\u00f3mico <\/li>\n<li> Con dise\u00f1o de lujo discreto. <\/li>\n<li> Luz indicadora de carga. <\/li>\n<li> Tiempo de carga entre 6-8 horas. <\/li>\n<li> 40-120 minutos de placer dependiendo de la velocidad. <\/li>\n<li> Silencioso y discreto. <\/li>\n<li> No es poroso e hipoalerg\u00e9nico. <\/li>\n<li> 10 Modos de vibraci\u00f3n <\/li>\n<li> No poroso e hipoalerg\u00e9nico. <\/li>\n<\/ul>\n<p> <strong>CARGA<\/strong> <\/p>\n<p> Su juguete est\u00e1 equipado con bater\u00edas integradas y, por lo tanto, es recargable con el medio ambiente. Si es necesario, el cable de carga magn\u00e9tico USB incluido se puede complementar con un enchufe de red est\u00e1ndar de 5V. <\/p>\n<p> <strong>MATERIAL Y CUIDADO<\/strong> <\/p>\n<p> Se recomienda usar lubricante de base acuosa waterfeel para mejor inserci\u00f3n y cuidado del producto, ya que otros lubricantes podr\u00edan da\u00f1ar el juguete. Limpie cuidadosamente el juguete antes del primer uso y despu\u00e9s de cada uso. <\/p>\n<p> Kriya est\u00e1 fabricado en silicona m\u00e9dica suave y sedosa, que es extremadamente resbaladiza y absorbe el calor de su cuerpo r\u00e1pidamente. El juguete se puede limpiar f\u00e1cilmente con un poco de jab\u00f3n y agua tibia. Con un poco de limpiador desinfectante para juguetes, puede garantizar una higiene especialmente profunda despu\u00e9s, idealmente con el spray de desinfecci\u00f3n perfectamente coordinado de Waterfeel. Para obtener el m\u00e1ximo placer, use siempre su juguete con uno de los lubricantes a base de agua de Waterfeel que se adaptan perfectamente al producto. La composici\u00f3n vegana a base de agua protege el material y mantiene la superficie de su juguete agradable y suave. <\/p>\n<p> <strong>RITUAL DE LA MARCA<\/strong> <\/p>\n<p> Rithual es filosof\u00eda de salud, placer y bienestar. Cuidadosamente preparada para potenciar la felicidad personal y el bienestar del ser humano. La marca es l\u00edder de ventas con Rithual Shushu, por ello el lanzamiento de nuevos juguetes complementarios todo objeto de placer para una vida m\u00e1s saludable y m\u00e1s feliz gracias a la satisfacci\u00f3n sexual. Garant\u00eda total de 2 a\u00f1os en todos los juguetes Rithual rel\u00e9 un placer seguro. <\/p>","protected":false},"excerpt":{"rendered":"<p>RITHUALKRIYA G-SPOT ESTIMULADOR RECARGABLE NEGRO<\/p>","protected":false},"featured_media":45624,"comment_status":"open","ping_status":"closed","template":"","meta":{"_monsterinsights_skip_tracking":false,"_monsterinsights_sitenote_active":false,"_monsterinsights_sitenote_note":"","_monsterinsights_sitenote_category":0,"_joinchat":[]},"product_brand":[],"product_cat":[1030,1069,119,1082,1083,258,1053],"product_tag":[],"class_list":{"0":"post-31476","1":"product","2":"type-product","3":"status-publish","4":"has-post-thumbnail","6":"product_cat-juguetes-sexuales-xxxvibradores100-sumergible","7":"product_cat-juguetes-sexuales-xxxjuguetes-para-mujeres","8":"product_cat-juguetes-sexuales-xxx","9":"product_cat-juguetes-sexuales-xxxjuguetes-para-mujeresmasturbadores-para-ellas","10":"product_cat-juguetes-sexuales-xxxjuguetes-para-mujerespunto-g","11":"product_cat-juguetes-sexuales-xxxvibradores","12":"product_cat-juguetes-sexuales-xxxvibradoresvibradores-clasicos-anales-o-vaginales","13":"yith_product_brand-rithual","15":"first","16":"instock","17":"taxable","18":"shipping-taxable","19":"purchasable","20":"product-type-simple"},"aioseo_notices":[],"_links":{"self":[{"href":"https:\/\/www.mysexualfantasy.eu\/en\/wp-json\/wp\/v2\/product\/31476","targetHints":{"allow":["GET"]}}],"collection":[{"href":"https:\/\/www.mysexualfantasy.eu\/en\/wp-json\/wp\/v2\/product"}],"about":[{"href":"https:\/\/www.mysexualfantasy.eu\/en\/wp-json\/wp\/v2\/types\/product"}],"replies":[{"embeddable":true,"href":"https:\/\/www.mysexualfantasy.eu\/en\/wp-json\/wp\/v2\/comments?post=31476"}],"wp:featuredmedia":[{"embeddable":true,"href":"https:\/\/www.mysexualfantasy.eu\/en\/wp-json\/wp\/v2\/media\/45624"}],"wp:attachment":[{"href":"https:\/\/www.mysexualfantasy.eu\/en\/wp-json\/wp\/v2\/media?parent=31476"}],"wp:term":[{"taxonomy":"product_brand","embeddable":true,"href":"https:\/\/www.mysexualfantasy.eu\/en\/wp-json\/wp\/v2\/product_brand?post=31476"},{"taxonomy":"product_cat","embeddable":true,"href":"https:\/\/www.mysexualfantasy.eu\/en\/wp-json\/wp\/v2\/product_cat?post=31476"},{"taxonomy":"product_tag","embeddable":true,"href":"https:\/\/www.mysexualfantasy.eu\/en\/wp-json\/wp\/v2\/product_tag?post=31476"}],"curies":[{"name":"wp","href":"https:\/\/api.w.org\/{rel}","templated":true}]}}