{"id":31937,"date":"2023-01-13T11:36:07","date_gmt":"2023-01-13T11:36:07","guid":{"rendered":"https:\/\/www.mysexualfantasy.eu\/?post_type=product&#038;p=31937"},"modified":"2023-12-06T15:40:15","modified_gmt":"2023-12-06T15:40:15","slug":"powering-super-flexible-y-resistente-anillo-pene-4-5cm-pr07-clear","status":"publish","type":"product","link":"https:\/\/www.mysexualfantasy.eu\/en\/product\/powering-super-flexible-y-resistente-anillo-pene-4-5cm-pr07-clear\/","title":{"rendered":"POWERING- SUPER FLEXIBLE Y RESISTENTE ANILLO PENE  4.5CM PR07 CLEAR"},"content":{"rendered":"<p>Prolonga la diversi\u00f3n y haz que el placer dure con este anillo para el pene de TPE hipoalergenico\u00a0de Powering. Los anillos para la erecci\u00f3n POWERING\u00a0son seguros para el cuerpo, seguramente aumentar\u00e1n tu rendimiento e intensificar\u00e1n tu placer.<\/p>\n<p>Anillos del pene, tambi\u00e9n llamados anillos de constricci\u00f3n se utilizan para la salida prematura de la sangre desde el pene (llamado derrame venoso o disfunci\u00f3n veno-oclusiva). Requisito es que una erecci\u00f3n es todav\u00eda posible.<\/p>\n<p>Si esto juntos antes de tiempo, se puede crear con la ayuda del anillo del pene. La compresi\u00f3n uniforme en el campo de la base del pene contrarresta la descarga de sangre prematuro. La aplicaci\u00f3n realiza obstrucci\u00f3n del flujo de sangre a una erecci\u00f3n considerable fortalecimiento y estiramiento.<\/p>\n<p>Una palabra sobre el tama\u00f1o de los anillos del pene:. Usted debe comenzar con el tama\u00f1o m\u00e1s grande y reducir gradualmente el tama\u00f1o en funci\u00f3n del efecto Tenga en cuenta que los anillos pueden ser usados ya no m\u00e1s de 30 minutos, ya que puede conducir a trastornos circulatorios.<\/p>\n<ul>\n<li>Di\u00e1metro del anillo exterior\u00a0 4.5 cm (sin estirar)<\/li>\n<li>Di\u00e1metro del anillo interior\u00a0 1.9\u00a0cm (sin estirar)<\/li>\n<li>Ancho del anillo 1,9\u00a0cm<\/li>\n<\/ul>\n<p><strong>LA MARCA<\/strong><\/p>\n<p>Descubre la nueva marca de anillos powering, testados y con calidad verificada son altamente resistentes al juego. Sea para principiantes o avanzados, comprar un anillo de confianza optimiza el rendimiento sexual del hombre.<\/p>\n<p><strong>LIMPIEZA Y CONSERVACI\u00d3N<\/strong><\/p>\n<p>Limpie cuidadosamente el juguete antes del primer uso y despu\u00e9s de cada uso.<\/p>\n<p>Powering est\u00e1 fabricado en TPE hipoalergenico suave\u00a0\u00a0y sedoso, que es extremadamente resbaladiza y absorbe el calor de su cuerpo r\u00e1pidamente. El juguete se puede limpiar f\u00e1cilmente con un poco de jab\u00f3n y agua tibia. Con un poco de limpiador desinfectante para juguetes, puede garantizar una higiene especialmente profunda despu\u00e9s, idealmente con el spray de desinfecci\u00f3n perfectamente coordinado de Waterfeel. Para obtener el m\u00e1ximo placer, use siempre su juguete con uno de los lubricantes a base de agua de Waterfeel\u00a0 que se adaptan perfectamente al producto. La composici\u00f3n vegana a base de agua protege el material y mantiene la superficie de su juguete agradable y suave.<\/p>","protected":false},"excerpt":{"rendered":"<p>POWERING- SUPER FLEXIBLE RESISTANT RING  4.5CM PR07 CLEAR<\/p>","protected":false},"featured_media":31938,"comment_status":"open","ping_status":"closed","template":"","meta":{"_monsterinsights_skip_tracking":false,"_monsterinsights_sitenote_active":false,"_monsterinsights_sitenote_note":"","_monsterinsights_sitenote_category":0,"_joinchat":[]},"product_brand":[],"product_cat":[1170,1171,1297,1152,1160],"product_tag":[],"class_list":{"0":"post-31937","1":"product","2":"type-product","3":"status-publish","4":"has-post-thumbnail","6":"product_cat-juguetes-bienestar-juguetes-para-hombresaccesorios-para-el-pene","7":"product_cat-juguetes-bienestar-juguetes-para-hombresaccesorios-para-el-peneanillos-pene","8":"product_cat-juguetes-bienestar-juguetes-para-hombresaccesorios-para-el-peneanillos-peneanillos-sin-vibracion","9":"product_cat-juguetes-bienestar","10":"product_cat-juguetes-bienestar-juguetes-para-hombres","11":"yith_product_brand-powering","13":"first","14":"instock","15":"taxable","16":"shipping-taxable","17":"purchasable","18":"product-type-simple"},"aioseo_notices":[],"_links":{"self":[{"href":"https:\/\/www.mysexualfantasy.eu\/en\/wp-json\/wp\/v2\/product\/31937","targetHints":{"allow":["GET"]}}],"collection":[{"href":"https:\/\/www.mysexualfantasy.eu\/en\/wp-json\/wp\/v2\/product"}],"about":[{"href":"https:\/\/www.mysexualfantasy.eu\/en\/wp-json\/wp\/v2\/types\/product"}],"replies":[{"embeddable":true,"href":"https:\/\/www.mysexualfantasy.eu\/en\/wp-json\/wp\/v2\/comments?post=31937"}],"wp:featuredmedia":[{"embeddable":true,"href":"https:\/\/www.mysexualfantasy.eu\/en\/wp-json\/wp\/v2\/media\/31938"}],"wp:attachment":[{"href":"https:\/\/www.mysexualfantasy.eu\/en\/wp-json\/wp\/v2\/media?parent=31937"}],"wp:term":[{"taxonomy":"product_brand","embeddable":true,"href":"https:\/\/www.mysexualfantasy.eu\/en\/wp-json\/wp\/v2\/product_brand?post=31937"},{"taxonomy":"product_cat","embeddable":true,"href":"https:\/\/www.mysexualfantasy.eu\/en\/wp-json\/wp\/v2\/product_cat?post=31937"},{"taxonomy":"product_tag","embeddable":true,"href":"https:\/\/www.mysexualfantasy.eu\/en\/wp-json\/wp\/v2\/product_tag?post=31937"}],"curies":[{"name":"wp","href":"https:\/\/api.w.org\/{rel}","templated":true}]}}