{"id":32060,"date":"2023-01-13T12:05:16","date_gmt":"2023-01-13T12:05:16","guid":{"rendered":"https:\/\/www.mysexualfantasy.eu\/?post_type=product&#038;p=32060"},"modified":"2023-12-06T16:04:57","modified_gmt":"2023-12-06T16:04:57","slug":"coquette-chic-desire-estimulador-clitoris-negro-gold-3","status":"publish","type":"product","link":"https:\/\/www.mysexualfantasy.eu\/en\/product\/coquette-chic-desire-estimulador-clitoris-negro-gold-3\/","title":{"rendered":"COQUETTE CHIC DESIRE &#8211; ESTIMULADOR CL\u00cdTORIS NEGRO \/ GOLD"},"content":{"rendered":"<p>Si te gusta la estimulaci\u00f3n del cl\u00edtoris con un tacto suave, sedoso y a la vez potente, te encantar\u00e1 la vibraci\u00f3n recargable del estimulador Clitorial de Coquette Chic Desire\u00ae.<\/p>\n<p>Potentes vibraciones, las 10 velocidades y patrones env\u00edan vibraciones poderosas a lo largo de su estructura \u00a0de silicona directamente a sus puntos dulces externos.<\/p>\n<p>Caracter\u00edsticas:<\/p>\n<ul>\n<li>Vibrador de cl\u00edtoris recargable por USB de lujo con potentes vibraciones de varias velocidades.<\/li>\n<li>10 patrones de vibraci\u00f3n.<\/li>\n<li>Sumergible categor\u00eda IPX6<\/li>\n<li>Dise\u00f1o de f\u00e1cil agarre para ayudarte a identificar tu placer.<\/li>\n<li>USB recargable para jugar en cualquier lugar del mundo.<\/li>\n<li>Dimensiones del producto : 99 X 59MM<\/li>\n<li>Silencioso, tan solo 50db<\/li>\n<li>Tiempo de recarga: 60 min<\/li>\n<li>Vida de la recarga de las bater\u00edas: 70 min<\/li>\n<li>Libre de ftalatos<\/li>\n<li>Materiales: Silicona<\/li>\n<\/ul>\n<p><strong>DETALLES<\/strong><\/p>\n<p>Cada producto incluye una bolsa con cremallera gold que permite guardar el producto tras utilizarlo de forma segura cuidandoalmaximolosdetalles<\/p>\n<p><strong>LA MARCA COQUETTE CHIC DESIRE<\/strong><\/p>\n<p>Llega las novedades de la colecci\u00f3n COQUETTE CHIC DESIRE con inspiraci\u00f3n femenina y elegante. La marca se une a los adeptos del lujo placer vida  sensualidad armon\u00eda elplacercongarant\u00edas y nos ofrece looks \u00fanicos en la jugueter\u00eda sexual aptos para cualquier ocasi\u00f3n. \u201cNos trasladamos a newyork donde las tiendas inspiran a todos los humanos para convertir la inspiraci\u00f3n en realidad a trav\u00e9s de Coquette Chic Desire\u201d<\/p>\n<p>La mujer del siglo XXI es s\u00edmbolo de prosperidad, estabilidad y elegancia. Todo va asociado a la felicidad sexual y la paz interior, y para ello nace\u00a0COQUETTE CHIC DESIRE, una marca 100% inspirada en la mujer del siglo XXI europea.<\/p>","protected":false},"excerpt":{"rendered":"<p>COQUETTE CHIC DESIRE &#8211; CLITORIAL STIMULATOR BLACK \/ GOLD<\/p>","protected":false},"featured_media":45634,"comment_status":"open","ping_status":"closed","template":"","meta":{"_monsterinsights_skip_tracking":false,"_monsterinsights_sitenote_active":false,"_monsterinsights_sitenote_note":"","_monsterinsights_sitenote_category":0,"_joinchat":[]},"product_brand":[],"product_cat":[1156,1152,1155,1165,1294,1153,1313],"product_tag":[],"class_list":{"0":"post-32060","1":"product","2":"type-product","3":"status-publish","4":"has-post-thumbnail","6":"product_cat-juguetes-bienestar-juguetes-para-mujeresestimuladores","7":"product_cat-juguetes-bienestar","8":"product_cat-juguetes-bienestar-juguetes-para-mujeres","9":"product_cat-juguetes-bienestar-juguetes-para-mujeresmasturbadores-para-ellas","10":"product_cat-juguetes-bienestar-vibradoresmini-vibradores","11":"product_cat-juguetes-bienestar-vibradores","12":"product_cat-juguetes-bienestar-vibradoresvibradores-lay-on-clitoris","13":"yith_product_brand-coquette-chic-desire","14":"yith_product_brand-coquette-chic-desirecoquette-toys","16":"first","17":"instock","18":"taxable","19":"shipping-taxable","20":"purchasable","21":"product-type-simple"},"aioseo_notices":[],"_links":{"self":[{"href":"https:\/\/www.mysexualfantasy.eu\/en\/wp-json\/wp\/v2\/product\/32060","targetHints":{"allow":["GET"]}}],"collection":[{"href":"https:\/\/www.mysexualfantasy.eu\/en\/wp-json\/wp\/v2\/product"}],"about":[{"href":"https:\/\/www.mysexualfantasy.eu\/en\/wp-json\/wp\/v2\/types\/product"}],"replies":[{"embeddable":true,"href":"https:\/\/www.mysexualfantasy.eu\/en\/wp-json\/wp\/v2\/comments?post=32060"}],"wp:featuredmedia":[{"embeddable":true,"href":"https:\/\/www.mysexualfantasy.eu\/en\/wp-json\/wp\/v2\/media\/45634"}],"wp:attachment":[{"href":"https:\/\/www.mysexualfantasy.eu\/en\/wp-json\/wp\/v2\/media?parent=32060"}],"wp:term":[{"taxonomy":"product_brand","embeddable":true,"href":"https:\/\/www.mysexualfantasy.eu\/en\/wp-json\/wp\/v2\/product_brand?post=32060"},{"taxonomy":"product_cat","embeddable":true,"href":"https:\/\/www.mysexualfantasy.eu\/en\/wp-json\/wp\/v2\/product_cat?post=32060"},{"taxonomy":"product_tag","embeddable":true,"href":"https:\/\/www.mysexualfantasy.eu\/en\/wp-json\/wp\/v2\/product_tag?post=32060"}],"curies":[{"name":"wp","href":"https:\/\/api.w.org\/{rel}","templated":true}]}}