{"id":32078,"date":"2023-01-13T11:36:15","date_gmt":"2023-01-13T11:36:15","guid":{"rendered":"https:\/\/www.mysexualfantasy.eu\/?post_type=product&#038;p=32078"},"modified":"2023-12-06T15:40:27","modified_gmt":"2023-12-06T15:40:27","slug":"coquette-chic-desire-cock-ring-anillo-vibrador-negro-gold","status":"publish","type":"product","link":"https:\/\/www.mysexualfantasy.eu\/en\/product\/coquette-chic-desire-cock-ring-anillo-vibrador-negro-gold\/","title":{"rendered":"COQUETTE CHIC DESIRE &#8211; COCK RING ANILLO VIBRADOR NEGRO \/ GOLD"},"content":{"rendered":"<p>\u00a1\u00a1Toma el control del placer de tu amante!! Llevalo a cualquier lugar y disfruta de las potentes vibraciones del anillo vibrador de Coquette Chic Desire. Cubierto por un bolso de lujo, este anillo estar\u00e1 totalmente protegido y listo para su uso en cualquier lugar.<\/p>\n<p>\u00a1El anillo coquete estimula a ambos! Mujer  Hombre u Hombre-Hombre. Perfecto para usar durante el acto sexual. Potenciar\u00e1 la erecci\u00f3n en el hombre consiguiendo mayor rendimiento sexual y retrasando la eyaculaci\u00f3n.<\/p>\n<p>Caracter\u00edsticas:<\/p>\n<ul>\n<li>Anillo 100% de silicona suave, sedosa y resistente<\/li>\n<li>1 modo de vibraci\u00f3n potente.<\/li>\n<li>Sumergible categor\u00eda IPX6<\/li>\n<li>Dimensiones del producto: 82 x 41MM<\/li>\n<li>Libre de ftalatos<\/li>\n<\/ul>\n<p>Funciona con pilas LR44 incluidas.<\/p>\n<p>\u00a0<\/p>\n<p><strong><span style=\"font-size: 10pt; font-family: Arial, sans-serif;\">LA MARCA COQUETTE CHIC DESIRE<\/span><\/strong><span style=\"font-size: 10pt; font-family: Arial, sans-serif;\"><o:p><\/o:p><\/span><\/p>\n<p><span style=\"font-size: 10pt; font-family: Arial, sans-serif;\">Llega las novedades de la colecci\u00f3n COQUETTE CHIC DESIRE con inspiraci\u00f3n femenina y elegante. La marca se une a los adeptos del lujo placer vida  sensualidad armon\u00eda elplacercongarant\u00edas y nos ofrece looks \u00fanicos en la jugueter\u00eda sexual aptos para cualquier ocasi\u00f3n. \u201cNos trasladamos a newyork donde las tiendas inspiran a todos los humanos para convertir la inspiraci\u00f3n en realidad a trav\u00e9s de Coquette Chic Desire\u201d<o:p><\/o:p><\/span><\/p>\n<p><span style=\"font-size: 10pt; line-height: 107%; font-family: Arial, sans-serif;\">La mujer del siglo XXI es s\u00edmbolo de prosperidad, estabilidad y elegancia. Todo va asociado a la felicidad sexual y la paz interior, y para ello nace\u00a0COQUETTE CHIC DESIRE, una marca 100% inspirada en la mujer del siglo XXI europea.<\/span><\/p>","protected":false},"excerpt":{"rendered":"<p>COQUETTE CHIC DESIRE &#8211; COCK RING WITH VIBRATOR BLACK\/ GOLD<\/p>","protected":false},"featured_media":32079,"comment_status":"open","ping_status":"closed","template":"","meta":{"_monsterinsights_skip_tracking":false,"_monsterinsights_sitenote_active":false,"_monsterinsights_sitenote_note":"","_monsterinsights_sitenote_category":0,"_joinchat":[]},"product_brand":[],"product_cat":[1170,1172,1171,1152,1160],"product_tag":[],"class_list":{"0":"post-32078","1":"product","2":"type-product","3":"status-publish","4":"has-post-thumbnail","6":"product_cat-juguetes-bienestar-juguetes-para-hombresaccesorios-para-el-pene","7":"product_cat-juguetes-bienestar-juguetes-para-hombresaccesorios-para-el-peneanillos-peneanillos-con-vibracion","8":"product_cat-juguetes-bienestar-juguetes-para-hombresaccesorios-para-el-peneanillos-pene","9":"product_cat-juguetes-bienestar","10":"product_cat-juguetes-bienestar-juguetes-para-hombres","11":"yith_product_brand-coquette-chic-desire","12":"yith_product_brand-coquette-chic-desirecoquette-toys","14":"first","15":"instock","16":"taxable","17":"shipping-taxable","18":"purchasable","19":"product-type-simple"},"aioseo_notices":[],"_links":{"self":[{"href":"https:\/\/www.mysexualfantasy.eu\/en\/wp-json\/wp\/v2\/product\/32078","targetHints":{"allow":["GET"]}}],"collection":[{"href":"https:\/\/www.mysexualfantasy.eu\/en\/wp-json\/wp\/v2\/product"}],"about":[{"href":"https:\/\/www.mysexualfantasy.eu\/en\/wp-json\/wp\/v2\/types\/product"}],"replies":[{"embeddable":true,"href":"https:\/\/www.mysexualfantasy.eu\/en\/wp-json\/wp\/v2\/comments?post=32078"}],"wp:featuredmedia":[{"embeddable":true,"href":"https:\/\/www.mysexualfantasy.eu\/en\/wp-json\/wp\/v2\/media\/32079"}],"wp:attachment":[{"href":"https:\/\/www.mysexualfantasy.eu\/en\/wp-json\/wp\/v2\/media?parent=32078"}],"wp:term":[{"taxonomy":"product_brand","embeddable":true,"href":"https:\/\/www.mysexualfantasy.eu\/en\/wp-json\/wp\/v2\/product_brand?post=32078"},{"taxonomy":"product_cat","embeddable":true,"href":"https:\/\/www.mysexualfantasy.eu\/en\/wp-json\/wp\/v2\/product_cat?post=32078"},{"taxonomy":"product_tag","embeddable":true,"href":"https:\/\/www.mysexualfantasy.eu\/en\/wp-json\/wp\/v2\/product_tag?post=32078"}],"curies":[{"name":"wp","href":"https:\/\/api.w.org\/{rel}","templated":true}]}}