{"id":32144,"date":"2023-01-13T11:45:23","date_gmt":"2023-01-13T11:45:23","guid":{"rendered":"https:\/\/www.mysexualfantasy.eu\/?post_type=product&#038;p=32144"},"modified":"2023-12-06T15:54:44","modified_gmt":"2023-12-06T15:54:44","slug":"coquette-chic-desire-plug-anal-de-metal-talla-l-2-8-x-4-1-cm","status":"publish","type":"product","link":"https:\/\/www.mysexualfantasy.eu\/en\/product\/coquette-chic-desire-plug-anal-de-metal-talla-l-2-8-x-4-1-cm\/","title":{"rendered":"COQUETTE CHIC DESIRE &#8211; PLUG ANAL DE METAL TALLA L 2.8 x 4.1 CM"},"content":{"rendered":"<p>Bienvenido al mundo Coquette Chic Desire! La punta estrecha pero no afilada del juguete no solo penetra f\u00e1cilmente en los lugares m\u00e1s estrechos, sino que tambi\u00e9n se ajusta lo m\u00e1s c\u00f3modamente posible en el interior. Con este Coquette\u00a0Chic Desire plug anal puedes hacer cualquier movimiento y tomar poses, te dar\u00e1 una sensaci\u00f3n agradable de plenitud sin da\u00f1ar los lugares sensibles.<\/p>\n<p>Trata de usarlo durante los juegos previos: la parte inferior ancha del juguete desarrollar\u00e1 un esf\u00ednter que prepararte para el sexo anal. O incluso d\u00e9jalo adentro durante el sexo vaginal &#8211; estimular\u00e1 suave y agradablemente las zonas er\u00f3genas, sin interferir absolutamente con las parejas.<\/p>\n<p>Debido a la forma anat\u00f3mica, el juguete est\u00e1 perfectamente sujeto por los m\u00fasculos durante el sexo. Adem\u00e1s, este tap\u00f3n de grafito es simplemente hermoso &#8211; un revestimiento brillante y un cristal brillante en la base. Est\u00e1 hecho de material agradable para la piel &#8211; metal. No atrae olores, es f\u00e1cil de lavar e incluso desinfectar.<\/p>\n<ul>\n<li>Fabricado en Metal<\/li>\n<li>Se adapta rapidamente a la temperatura corporal<\/li>\n<li>Valido para todos los lubricantes.<\/li>\n<li>Dimensiones del producto: 2.8 X 4.1CM<\/li>\n<li>Metal libre de niquel.<\/li>\n<\/ul>\n<p><strong>DETALLES<\/strong><\/p>\n<p>Cada producto incluye una bolsa con cremallera gold que permite guardar el producto tras utilizarlo de forma segura cuidandoalmaximolosdetalles<\/p>\n<p><strong>LA MARCA COQUETTE\u00a0CHIC DESIRE<\/strong><\/p>\n<p>Llega las novedades de la colecci\u00f3n COQUETTE\u00a0CHIC DESIRE con inspiraci\u00f3n femenina y elegante. La marca se une a los adeptos del lujo placer vida  sensualidad armon\u00eda elplacercongarant\u00edas y nos ofrece looks \u00fanicos en la jugueter\u00eda sexual aptos para cualquier ocasi\u00f3n. \u201cNos trasladamos a newyork donde las tiendas inspiran a todos los humanos para convertir la inspiraci\u00f3n en realidad a trav\u00e9s de Coquette Chic Desire\u201d<\/p>\n<p>La mujer del siglo XXI es s\u00edmbolo de prosperidad, estabilidad y elegancia. Todo va asociado a la felicidad sexual y la paz interior, y para ello nace COQUETTE CHIC DESIRE, una marca 100% inspirada en la mujer del siglo XXI europea.<\/p>","protected":false},"excerpt":{"rendered":"<p>COQUETTE CHIC DESIRE &#8211; ANAL PLUG METAL SIZE L 2.8 X 4.1 CM<\/p>","protected":false},"featured_media":42487,"comment_status":"open","ping_status":"closed","template":"","meta":{"_monsterinsights_skip_tracking":false,"_monsterinsights_sitenote_active":false,"_monsterinsights_sitenote_note":"","_monsterinsights_sitenote_category":0,"_joinchat":[]},"product_brand":[],"product_cat":[1162,1306,1186,1152,1189],"product_tag":[],"class_list":{"0":"post-32144","1":"product","2":"type-product","3":"status-publish","4":"has-post-thumbnail","6":"product_cat-juguetes-bienestar-anal","7":"product_cat-juguetes-bienestar-analdildos-anales","8":"product_cat-juguetes-bienestar-fabricado-con-metal","9":"product_cat-juguetes-bienestar","10":"product_cat-juguetes-bienestar-analplugs-anales","11":"yith_product_brand-coquette-chic-desire","12":"yith_product_brand-coquette-chic-desirecoquette-toys","14":"first","15":"instock","16":"taxable","17":"shipping-taxable","18":"purchasable","19":"product-type-simple"},"aioseo_notices":[],"_links":{"self":[{"href":"https:\/\/www.mysexualfantasy.eu\/en\/wp-json\/wp\/v2\/product\/32144","targetHints":{"allow":["GET"]}}],"collection":[{"href":"https:\/\/www.mysexualfantasy.eu\/en\/wp-json\/wp\/v2\/product"}],"about":[{"href":"https:\/\/www.mysexualfantasy.eu\/en\/wp-json\/wp\/v2\/types\/product"}],"replies":[{"embeddable":true,"href":"https:\/\/www.mysexualfantasy.eu\/en\/wp-json\/wp\/v2\/comments?post=32144"}],"wp:featuredmedia":[{"embeddable":true,"href":"https:\/\/www.mysexualfantasy.eu\/en\/wp-json\/wp\/v2\/media\/42487"}],"wp:attachment":[{"href":"https:\/\/www.mysexualfantasy.eu\/en\/wp-json\/wp\/v2\/media?parent=32144"}],"wp:term":[{"taxonomy":"product_brand","embeddable":true,"href":"https:\/\/www.mysexualfantasy.eu\/en\/wp-json\/wp\/v2\/product_brand?post=32144"},{"taxonomy":"product_cat","embeddable":true,"href":"https:\/\/www.mysexualfantasy.eu\/en\/wp-json\/wp\/v2\/product_cat?post=32144"},{"taxonomy":"product_tag","embeddable":true,"href":"https:\/\/www.mysexualfantasy.eu\/en\/wp-json\/wp\/v2\/product_tag?post=32144"}],"curies":[{"name":"wp","href":"https:\/\/api.w.org\/{rel}","templated":true}]}}