{"id":3225,"date":"2023-01-13T11:37:44","date_gmt":"2023-01-13T11:37:44","guid":{"rendered":"https:\/\/www.mysexualfantasy.eu\/?post_type=product&#038;p=3225"},"modified":"2023-12-06T15:24:02","modified_gmt":"2023-12-06T15:24:02","slug":"fetish-elite-double-arnes-doble-vibrador-lila-11-5cm","status":"publish","type":"product","link":"https:\/\/www.mysexualfantasy.eu\/en\/product\/fetish-elite-double-arnes-doble-vibrador-lila-11-5cm\/","title":{"rendered":"FETISH FANTASY ELITE &#8211; DOUBLE ARNES DOBLE VIBRADOR LILA 11.5CM"},"content":{"rendered":"<p>Fabricado con silicona m\u00e9dica 100% de alta calidad, este masajeador de cl\u00edtoris es seguro para el cuerpo humano, hipoalerg\u00e9nico y r\u00e1pidamente se calienta hasta alcanzar la temperatura corporal, dando a los usuarios la estimulaci\u00f3n m\u00e1s realista jam\u00e1s imaginada. Es libre de ftalatos, libre de l\u00e1tex, no poroso y el juguete sexual con el material m\u00e1s seguro del mercado de hoy en d\u00eda!.<\/p>\n<p>Duplica tu placer y la diversi\u00f3n con este incre\u00edble dildo doble! Un pene estimula a la que lleva puesto el arn\u00e9s y el otro satisface a tu pareja. Ambos penes estan curvados con una forma inteligente que alcanza todos los puntos er\u00f3genos, provoc\u00e1ndote orgasmos muy intensos, mientras que \u00e9ste permanece en su lugar cuando el ambiente se calienta. Escoge la velocidad que es adecuada para ti y deja que las poderosas vibraciones te hagan tocar el cielo. El ultra silencioso motor, te proveer\u00e1 una estimulaci\u00f3n incre\u00edble, dentro o fuera del agua. Pru\u00e9balo en la ducha o en el spa y convierte la hora del ba\u00f1o en tu hora del placer! El vibrador funciona con 2 pilas AAA que no van incluidas.<\/p>\n<p>Las cintas de silicona se adaptan a casi todas las tallas. Para ajustarlo solamente desliza las cintas hasta que el cintur\u00f3n quede bien ajustado y las correas de los muslos se sientan apretadas, a continuaci\u00f3n, conecte los clips de pl\u00e1stico en la parte trasera. Las correas no se mover\u00e1n y no se soltar\u00e1n durante el calor del momento. La limpieza es una obligaci\u00f3n despu\u00e9s de la diversi\u00f3n, puedes utilizar el jab\u00f3n limpiador antibacteriano de Pipedream y agua tibia.<\/p>\n<p>Medidas: 11,5 x 3,8 cm. y 11 x 3,6 cm.<\/p>\n<p><span style=\"line-height: 20.8px;\">Lubricante monodosis y ToyCleaner no incluido, packing ilustrativo.<\/span><\/p>\n<p>Incluye m\u00e1scara y muestras de lubricante y gel limpiador de juguetes.<\/p>","protected":false},"excerpt":{"rendered":"<p>FETISH FANTASY ELITE &#8211; VIBRATING DOUBLE DELIGHT STRAP-ON PURPL<\/p>","protected":false},"featured_media":39843,"comment_status":"open","ping_status":"closed","template":"","meta":{"_monsterinsights_skip_tracking":false,"_monsterinsights_sitenote_active":false,"_monsterinsights_sitenote_note":"","_monsterinsights_sitenote_category":0,"_joinchat":[]},"product_brand":[],"product_cat":[1173,1279,1280,1152],"product_tag":[],"class_list":{"0":"post-3225","1":"product","2":"type-product","3":"status-publish","4":"has-post-thumbnail","6":"product_cat-juguetes-bienestar-arneses","7":"product_cat-juguetes-bienestar-arnesesarneses-con-vibracion","8":"product_cat-juguetes-bienestar-arnesesarneses-dobles","9":"product_cat-juguetes-bienestar","10":"yith_product_brand-pipedreamsfetish-fantasy-elite","11":"yith_product_brand-pipedreams","13":"first","14":"instock","15":"taxable","16":"shipping-taxable","17":"purchasable","18":"product-type-simple"},"aioseo_notices":[],"_links":{"self":[{"href":"https:\/\/www.mysexualfantasy.eu\/en\/wp-json\/wp\/v2\/product\/3225","targetHints":{"allow":["GET"]}}],"collection":[{"href":"https:\/\/www.mysexualfantasy.eu\/en\/wp-json\/wp\/v2\/product"}],"about":[{"href":"https:\/\/www.mysexualfantasy.eu\/en\/wp-json\/wp\/v2\/types\/product"}],"replies":[{"embeddable":true,"href":"https:\/\/www.mysexualfantasy.eu\/en\/wp-json\/wp\/v2\/comments?post=3225"}],"wp:featuredmedia":[{"embeddable":true,"href":"https:\/\/www.mysexualfantasy.eu\/en\/wp-json\/wp\/v2\/media\/39843"}],"wp:attachment":[{"href":"https:\/\/www.mysexualfantasy.eu\/en\/wp-json\/wp\/v2\/media?parent=3225"}],"wp:term":[{"taxonomy":"product_brand","embeddable":true,"href":"https:\/\/www.mysexualfantasy.eu\/en\/wp-json\/wp\/v2\/product_brand?post=3225"},{"taxonomy":"product_cat","embeddable":true,"href":"https:\/\/www.mysexualfantasy.eu\/en\/wp-json\/wp\/v2\/product_cat?post=3225"},{"taxonomy":"product_tag","embeddable":true,"href":"https:\/\/www.mysexualfantasy.eu\/en\/wp-json\/wp\/v2\/product_tag?post=3225"}],"curies":[{"name":"wp","href":"https:\/\/api.w.org\/{rel}","templated":true}]}}