{"id":32360,"date":"2023-01-13T13:10:19","date_gmt":"2023-01-13T13:10:19","guid":{"rendered":"https:\/\/www.mysexualfantasy.eu\/?post_type=product&#038;p=32360"},"modified":"2023-12-06T17:24:20","modified_gmt":"2023-12-06T17:24:20","slug":"pasante-extra-preservativo-extra-gruesos-144-unidades-2","status":"publish","type":"product","link":"https:\/\/www.mysexualfantasy.eu\/en\/product\/pasante-extra-preservativo-extra-gruesos-144-unidades-2\/","title":{"rendered":"PASANTE EXTRA PRESERVATIVO EXTRA GRUESOS 144 UNIDADES"},"content":{"rendered":"<p>Los condones Pasante Extra son extra gruesos con lubricante adicional. Color liso, paralelo y\u00a0natural.<\/p>\n<ul>\n<li>Contiene 144 condones<\/li>\n<li>No lubricado con espermicida<\/li>\n<li>Presentaci\u00f3n en bolsa ( no en caja)\u00a0<\/li>\n<li>Kitemarked<\/li>\n<li>Marcado CE<\/li>\n<li>No contiene ingredientes de origen animal.<\/li>\n<li>Sin alcohol<\/li>\n<li>190 mm de longitud nominal<\/li>\n<li>52 mm de ancho nominal<\/li>\n<\/ul>\n<p>Modo correcto de colocarse y quitarse el cond\u00f3n masculino<\/p>\n<p>Abra y retire el cond\u00f3n de su envoltura con cuidado. Coloque el cond\u00f3n en la cabeza del pene erecto y firme. Si est\u00e1 circuncidado, primero retraiga el prepucio. Saque el aire que se encuentre en la punta del cond\u00f3n<\/p>","protected":false},"excerpt":{"rendered":"<p>PASANTE CONDOMS EXTRA 144 UNITS<\/p>","protected":false},"featured_media":56264,"comment_status":"open","ping_status":"closed","template":"","meta":{"_monsterinsights_skip_tracking":false,"_monsterinsights_sitenote_active":false,"_monsterinsights_sitenote_note":"","_monsterinsights_sitenote_category":0,"_joinchat":[]},"product_brand":[],"product_cat":[1460,1467,600,1459],"product_tag":[],"class_list":{"0":"post-32360","1":"product","2":"type-product","3":"status-publish","4":"has-post-thumbnail","6":"product_cat-preservativos-todos-los-tamanos-de-cajascajas-de-30-a-288","7":"product_cat-preservativos-extra-seguros","8":"product_cat-preservativos","9":"product_cat-preservativos-todos-los-tamanos-de-cajas","10":"yith_product_brand-pasante","12":"first","13":"instock","14":"taxable","15":"shipping-taxable","16":"purchasable","17":"product-type-simple"},"aioseo_notices":[],"_links":{"self":[{"href":"https:\/\/www.mysexualfantasy.eu\/en\/wp-json\/wp\/v2\/product\/32360","targetHints":{"allow":["GET"]}}],"collection":[{"href":"https:\/\/www.mysexualfantasy.eu\/en\/wp-json\/wp\/v2\/product"}],"about":[{"href":"https:\/\/www.mysexualfantasy.eu\/en\/wp-json\/wp\/v2\/types\/product"}],"replies":[{"embeddable":true,"href":"https:\/\/www.mysexualfantasy.eu\/en\/wp-json\/wp\/v2\/comments?post=32360"}],"wp:featuredmedia":[{"embeddable":true,"href":"https:\/\/www.mysexualfantasy.eu\/en\/wp-json\/wp\/v2\/media\/56264"}],"wp:attachment":[{"href":"https:\/\/www.mysexualfantasy.eu\/en\/wp-json\/wp\/v2\/media?parent=32360"}],"wp:term":[{"taxonomy":"product_brand","embeddable":true,"href":"https:\/\/www.mysexualfantasy.eu\/en\/wp-json\/wp\/v2\/product_brand?post=32360"},{"taxonomy":"product_cat","embeddable":true,"href":"https:\/\/www.mysexualfantasy.eu\/en\/wp-json\/wp\/v2\/product_cat?post=32360"},{"taxonomy":"product_tag","embeddable":true,"href":"https:\/\/www.mysexualfantasy.eu\/en\/wp-json\/wp\/v2\/product_tag?post=32360"}],"curies":[{"name":"wp","href":"https:\/\/api.w.org\/{rel}","templated":true}]}}