{"id":32407,"date":"2023-01-13T12:05:18","date_gmt":"2023-01-13T12:05:18","guid":{"rendered":"https:\/\/www.mysexualfantasy.eu\/?post_type=product&#038;p=32407"},"modified":"2023-12-06T16:05:02","modified_gmt":"2023-12-06T16:05:02","slug":"ohmama-dual-multifuncion-vibrador-xmas-edition","status":"publish","type":"product","link":"https:\/\/www.mysexualfantasy.eu\/en\/product\/ohmama-dual-multifuncion-vibrador-xmas-edition\/","title":{"rendered":"OHMAMA &#8211; DUAL MULTIFUNCI\u00d3N VIBRADOR XMAS EDITION"},"content":{"rendered":"<p>Ohmama doble los motores se ubican de manera un poco diferente, lo que lo hace ideal para hombres y para el masaje de pr\u00f3stata. Este no es solo un vibrador hermoso y anat\u00f3mico, sino tambi\u00e9n un juguete con muchas posibilidades.<\/p>\n<p>Caracter\u00edsticas;<\/p>\n<ul>\n<li>1 velocidad<\/li>\n<li>Medidas; 195 x 50mm<\/li>\n<li>Sumergible, categor\u00eda IPX6<\/li>\n<li>Funciona con pilas LR44 incluidas.<\/li>\n<li>Presentaci\u00f3n ; Hygienic Bag 180<\/li>\n<\/ul>\n<p>Silicona ecol\u00f3gica, hipoalerg\u00e9nica, que proporciona una sensaci\u00f3n de seda \u00fanica.<\/p>\n<p>LA MARCA<\/p>\n<p>La gama de productos OHMAMA es perfecta para regalar. Un producto al alcance de todos con una calidad perfecta. Una combinaci\u00f3n \u00fanica en esta l\u00ednea de juguetes especial edici\u00f3n Navidad.<\/p>","protected":false},"excerpt":{"rendered":"<p>OHMAMA &#8211; DUAL MULTIFUNTION PINK VIBRATOR XMAS EDITION<\/p>","protected":false},"featured_media":45644,"comment_status":"open","ping_status":"closed","template":"","meta":{"_monsterinsights_skip_tracking":false,"_monsterinsights_sitenote_active":false,"_monsterinsights_sitenote_note":"","_monsterinsights_sitenote_category":0,"_joinchat":[]},"product_brand":[],"product_cat":[1156,1152,1155,1153],"product_tag":[],"class_list":{"0":"post-32407","1":"product","2":"type-product","3":"status-publish","4":"has-post-thumbnail","6":"product_cat-juguetes-bienestar-juguetes-para-mujeresestimuladores","7":"product_cat-juguetes-bienestar","8":"product_cat-juguetes-bienestar-juguetes-para-mujeres","9":"product_cat-juguetes-bienestar-vibradores","10":"yith_product_brand-ohmama","11":"yith_product_brand-ohmamaohmama-vibrators","13":"first","14":"instock","15":"taxable","16":"shipping-taxable","17":"purchasable","18":"product-type-simple"},"aioseo_notices":[],"_links":{"self":[{"href":"https:\/\/www.mysexualfantasy.eu\/en\/wp-json\/wp\/v2\/product\/32407","targetHints":{"allow":["GET"]}}],"collection":[{"href":"https:\/\/www.mysexualfantasy.eu\/en\/wp-json\/wp\/v2\/product"}],"about":[{"href":"https:\/\/www.mysexualfantasy.eu\/en\/wp-json\/wp\/v2\/types\/product"}],"replies":[{"embeddable":true,"href":"https:\/\/www.mysexualfantasy.eu\/en\/wp-json\/wp\/v2\/comments?post=32407"}],"wp:featuredmedia":[{"embeddable":true,"href":"https:\/\/www.mysexualfantasy.eu\/en\/wp-json\/wp\/v2\/media\/45644"}],"wp:attachment":[{"href":"https:\/\/www.mysexualfantasy.eu\/en\/wp-json\/wp\/v2\/media?parent=32407"}],"wp:term":[{"taxonomy":"product_brand","embeddable":true,"href":"https:\/\/www.mysexualfantasy.eu\/en\/wp-json\/wp\/v2\/product_brand?post=32407"},{"taxonomy":"product_cat","embeddable":true,"href":"https:\/\/www.mysexualfantasy.eu\/en\/wp-json\/wp\/v2\/product_cat?post=32407"},{"taxonomy":"product_tag","embeddable":true,"href":"https:\/\/www.mysexualfantasy.eu\/en\/wp-json\/wp\/v2\/product_tag?post=32407"}],"curies":[{"name":"wp","href":"https:\/\/api.w.org\/{rel}","templated":true}]}}