{"id":3241,"date":"2023-01-13T13:24:11","date_gmt":"2023-01-13T13:24:11","guid":{"rendered":"https:\/\/www.mysexualfantasy.eu\/?post_type=product&#038;p=3241"},"modified":"2023-12-06T17:09:22","modified_gmt":"2023-12-06T17:09:22","slug":"fetish-fantasy-edicion-limitada-fusta-con-pluma-negra","status":"publish","type":"product","link":"https:\/\/www.mysexualfantasy.eu\/en\/product\/fetish-fantasy-edicion-limitada-fusta-con-pluma-negra\/","title":{"rendered":"FETISH FANTASY LIMITED EDITION &#8211;  FUSTA CON PLUMA NEGRA."},"content":{"rendered":"<p>Fusta de doble cara con pluma estimuladora de color negro.<\/p>\n<ul>\n<li>Con ella podr\u00e1s practicar la parte m\u00e1s secreta, escondida y desconocida del sexo, primero estimulando a tu pareja con las suaves plumas para luego azotarle con la fusta que lleva en el lado opuesto.<\/li>\n<li>60cm<\/li>\n<\/ul>\n<p>Edici\u00f3n Especial Limitada 50 Sombras, colecci\u00f3n de juguetes del famoso libro del que todo el mundo habla y que se lanzar\u00e1 la pelicula en febrero de 2015 en todos los Cines<\/p>\n<p style=\"text-align: center;\"><iframe allowfullscreen=\"\" frameborder=\"0\" height=\"400\" mozallowfullscreen=\"\" scrolling=\"no\" src=\"https:\/\/player.vimeo.com\/video\/118301020\" webkitallowfullscreen=\"\" width=\"700\"><\/iframe><\/p>","protected":false},"excerpt":{"rendered":"<p>FETISH FANTASY LIMITED EDITION &#8211;  BLACK FEATHER CROP<\/p>","protected":false},"featured_media":58821,"comment_status":"open","ping_status":"closed","template":"","meta":{"_monsterinsights_skip_tracking":false,"_monsterinsights_sitenote_active":false,"_monsterinsights_sitenote_note":"","_monsterinsights_sitenote_category":0,"_joinchat":[]},"product_brand":[],"product_cat":[1323,1176,1175,1422,1178,1152,1406,1196,1166,1399],"product_tag":[],"class_list":{"0":"post-3241","1":"product","2":"type-product","3":"status-publish","4":"has-post-thumbnail","6":"product_cat-moda-lencerialenceria-mujeraccesorios","7":"product_cat-bdsm-bondage-articulos-bdsm","8":"product_cat-bdsm-bondage","9":"product_cat-moda-lencerialenceria-mujeraccesoriosboas-y-plumas","10":"product_cat-bdsm-bondage-bondage","11":"product_cat-juguetes-bienestar","12":"product_cat-bdsm-bondage-articulos-bdsmlatigos-golpes-suaves","13":"product_cat-moda-lencerialenceria-mujer","14":"product_cat-moda-lenceria","15":"product_cat-bdsm-bondage-bondageplumas","16":"yith_product_brand-pipedreamsfetish-fantasy-ed-limitada","17":"yith_product_brand-pipedreams","19":"first","20":"instock","21":"taxable","22":"shipping-taxable","23":"purchasable","24":"product-type-simple"},"aioseo_notices":[],"_links":{"self":[{"href":"https:\/\/www.mysexualfantasy.eu\/en\/wp-json\/wp\/v2\/product\/3241","targetHints":{"allow":["GET"]}}],"collection":[{"href":"https:\/\/www.mysexualfantasy.eu\/en\/wp-json\/wp\/v2\/product"}],"about":[{"href":"https:\/\/www.mysexualfantasy.eu\/en\/wp-json\/wp\/v2\/types\/product"}],"replies":[{"embeddable":true,"href":"https:\/\/www.mysexualfantasy.eu\/en\/wp-json\/wp\/v2\/comments?post=3241"}],"wp:featuredmedia":[{"embeddable":true,"href":"https:\/\/www.mysexualfantasy.eu\/en\/wp-json\/wp\/v2\/media\/58821"}],"wp:attachment":[{"href":"https:\/\/www.mysexualfantasy.eu\/en\/wp-json\/wp\/v2\/media?parent=3241"}],"wp:term":[{"taxonomy":"product_brand","embeddable":true,"href":"https:\/\/www.mysexualfantasy.eu\/en\/wp-json\/wp\/v2\/product_brand?post=3241"},{"taxonomy":"product_cat","embeddable":true,"href":"https:\/\/www.mysexualfantasy.eu\/en\/wp-json\/wp\/v2\/product_cat?post=3241"},{"taxonomy":"product_tag","embeddable":true,"href":"https:\/\/www.mysexualfantasy.eu\/en\/wp-json\/wp\/v2\/product_tag?post=3241"}],"curies":[{"name":"wp","href":"https:\/\/api.w.org\/{rel}","templated":true}]}}