{"id":3242,"date":"2023-01-13T13:09:40","date_gmt":"2023-01-13T13:09:40","guid":{"rendered":"https:\/\/www.mysexualfantasy.eu\/?post_type=product&#038;p=3242"},"modified":"2023-12-06T16:26:22","modified_gmt":"2023-12-06T16:26:22","slug":"fetish-fantasy-edicion-limitada-mascara-satinada","status":"publish","type":"product","link":"https:\/\/www.mysexualfantasy.eu\/en\/product\/fetish-fantasy-edicion-limitada-mascara-satinada\/","title":{"rendered":"FETISH FANTASY LIMITED EDITION &#8211; MASCARA SATINADA"},"content":{"rendered":"<p>Crea una emocionante excitaci\u00f3n sexual con esta m\u00e1scara del amor satinada de la Edici\u00f3n Limitada de 50 Sombras de Fetish Fantasy. Pru\u00e9bala en tu amante o util\u00edzala como una mascara de noche para ti.<\/p>\n<p>Cuando se la pongas a tu pareja, cubrir\u00e1 con suavidad sus ojos, manteniendo a tu amante en un estado de oscuridad placentera que aumentar\u00e1 su deseo sexual. Esta mascarilla de alta calidad permanece en su lugar con una cinta el\u00e1stica.<\/p>\n<p>Intensificar\u00e1 sus sentidos y te conducir\u00e1 a sesiones extraordinarias de amor para ti y tu pareja.<\/p>\n<p>Edici\u00f3n Especial Limitada 50 Sombras, colecci\u00f3n de juguetes del famoso libro del que todo el mundo habla y que se lanzar\u00e1 la pelicula en febrero de 2015 en todos los Cines<\/p>\n<p>\u00a0<\/p>\n<p>\u00a0<\/p>\n<p style=\"text-align: center;\"><iframe allowfullscreen=\"\" frameborder=\"0\" height=\"400\" mozallowfullscreen=\"\" src=\"https:\/\/player.vimeo.com\/video\/118301154\" webkitallowfullscreen=\"\" width=\"700\"><\/iframe><\/p>","protected":false},"excerpt":{"rendered":"<p>FETISH FANTASY LIMITED EDITION &#8211;  SATIN LOVE MASK<\/p>","protected":false},"featured_media":56131,"comment_status":"open","ping_status":"closed","template":"","meta":{"_monsterinsights_skip_tracking":false,"_monsterinsights_sitenote_active":false,"_monsterinsights_sitenote_note":"","_monsterinsights_sitenote_category":0,"_joinchat":[]},"product_brand":[],"product_cat":[1417,1175,1178,1152,1247],"product_tag":[],"class_list":{"0":"post-3242","1":"product","2":"type-product","3":"status-publish","4":"has-post-thumbnail","6":"product_cat-bdsm-bondage-bondageantifaces","7":"product_cat-bdsm-bondage","8":"product_cat-bdsm-bondage-bondage","9":"product_cat-juguetes-bienestar","10":"product_cat-juguetes-bienestar-mascaras-y-esposas","11":"yith_product_brand-pipedreamsfetish-fantasy-ed-limitada","12":"yith_product_brand-pipedreams","14":"first","15":"instock","16":"taxable","17":"shipping-taxable","18":"purchasable","19":"product-type-simple"},"aioseo_notices":[],"_links":{"self":[{"href":"https:\/\/www.mysexualfantasy.eu\/en\/wp-json\/wp\/v2\/product\/3242","targetHints":{"allow":["GET"]}}],"collection":[{"href":"https:\/\/www.mysexualfantasy.eu\/en\/wp-json\/wp\/v2\/product"}],"about":[{"href":"https:\/\/www.mysexualfantasy.eu\/en\/wp-json\/wp\/v2\/types\/product"}],"replies":[{"embeddable":true,"href":"https:\/\/www.mysexualfantasy.eu\/en\/wp-json\/wp\/v2\/comments?post=3242"}],"wp:featuredmedia":[{"embeddable":true,"href":"https:\/\/www.mysexualfantasy.eu\/en\/wp-json\/wp\/v2\/media\/56131"}],"wp:attachment":[{"href":"https:\/\/www.mysexualfantasy.eu\/en\/wp-json\/wp\/v2\/media?parent=3242"}],"wp:term":[{"taxonomy":"product_brand","embeddable":true,"href":"https:\/\/www.mysexualfantasy.eu\/en\/wp-json\/wp\/v2\/product_brand?post=3242"},{"taxonomy":"product_cat","embeddable":true,"href":"https:\/\/www.mysexualfantasy.eu\/en\/wp-json\/wp\/v2\/product_cat?post=3242"},{"taxonomy":"product_tag","embeddable":true,"href":"https:\/\/www.mysexualfantasy.eu\/en\/wp-json\/wp\/v2\/product_tag?post=3242"}],"curies":[{"name":"wp","href":"https:\/\/api.w.org\/{rel}","templated":true}]}}