{"id":32439,"date":"2023-01-13T14:06:09","date_gmt":"2023-01-13T14:06:09","guid":{"rendered":"https:\/\/www.mysexualfantasy.eu\/?post_type=product&#038;p=32439"},"modified":"2023-12-06T16:24:06","modified_gmt":"2023-12-06T16:24:06","slug":"darkness-anilla-pene-con-correa","status":"publish","type":"product","link":"https:\/\/www.mysexualfantasy.eu\/en\/product\/darkness-anilla-pene-con-correa\/","title":{"rendered":"DARKNESS &#8211; ANILLA PENE CON CORREA"},"content":{"rendered":"<p>Ad\u00e9ntrate en el mundo de la sumisi\u00f3n con la l\u00ednea DARKNESS, una l\u00ednea para aquellos m\u00e1s valientes y apasionados del BDSM.<\/p>\n<p>Sujeci\u00f3n para la base del pene, \u00a0es adaptable y cuenta con una cadena de metal para que puedas llevar a tu pareja d\u00f3nde t\u00fa quieras, o para que te lleven, una pr\u00e1ctica de sumisi\u00f3n del BDSM.<\/p>\n<p>El cuerpo del collar est\u00e1 fabricado con cuerpo vegano, un material suave y sedoso pero firme, perfecto para mantener a tu sumiso\/a en su lugar. La cadena y el enganche de metal est\u00e1n libres de n\u00edquel y son muy resistentes, por si en alg\u00fan momento tu pareja\/sumiso\/a se revela ante su maestro.<\/p>\n<p>Caracter\u00edsticas:<\/p>\n<ul>\n<li>Cuero vegano<\/li>\n<li>Cadena de metal 100% libre de n\u00edquel<\/li>\n<li>Fabricaci\u00f3n de alta calidad<\/li>\n<li>Enganche resistente<\/li>\n<li>Adaptable<\/li>\n<li>Seguro y agradable<\/li>\n<\/ul>\n<p><strong>\u00a0LA MARCA<\/strong><\/p>\n<p>Darkness es una marca de nueva generaci\u00f3n 2020, todos nuestros materiales son de excelente calidad asegurando que la fabricaci\u00f3n compromete un resultado perfecto para principiantes o avanzados que le gusta el mundo Fetish o bdsm.<\/p>","protected":false},"excerpt":{"rendered":"<p>DARKNESS &#8211; PENIS RING WITH STRAP<\/p>","protected":false},"featured_media":64776,"comment_status":"open","ping_status":"closed","template":"","meta":{"_monsterinsights_skip_tracking":false,"_monsterinsights_sitenote_active":false,"_monsterinsights_sitenote_note":"","_monsterinsights_sitenote_category":0,"_joinchat":[]},"product_brand":[],"product_cat":[1170,1176,1175,1178,1398,1152,1160],"product_tag":[],"class_list":{"0":"post-32439","1":"product","2":"type-product","3":"status-publish","4":"has-post-thumbnail","6":"product_cat-juguetes-bienestar-juguetes-para-hombresaccesorios-para-el-pene","7":"product_cat-bdsm-bondage-articulos-bdsm","8":"product_cat-bdsm-bondage","9":"product_cat-bdsm-bondage-bondage","10":"product_cat-bdsm-bondage-bondagecollares","11":"product_cat-juguetes-bienestar","12":"product_cat-juguetes-bienestar-juguetes-para-hombres","13":"yith_product_brand-darkness","14":"yith_product_brand-darknessdarkness-bondage","16":"first","17":"instock","18":"taxable","19":"shipping-taxable","20":"purchasable","21":"product-type-simple"},"aioseo_notices":[],"_links":{"self":[{"href":"https:\/\/www.mysexualfantasy.eu\/en\/wp-json\/wp\/v2\/product\/32439","targetHints":{"allow":["GET"]}}],"collection":[{"href":"https:\/\/www.mysexualfantasy.eu\/en\/wp-json\/wp\/v2\/product"}],"about":[{"href":"https:\/\/www.mysexualfantasy.eu\/en\/wp-json\/wp\/v2\/types\/product"}],"replies":[{"embeddable":true,"href":"https:\/\/www.mysexualfantasy.eu\/en\/wp-json\/wp\/v2\/comments?post=32439"}],"wp:featuredmedia":[{"embeddable":true,"href":"https:\/\/www.mysexualfantasy.eu\/en\/wp-json\/wp\/v2\/media\/64776"}],"wp:attachment":[{"href":"https:\/\/www.mysexualfantasy.eu\/en\/wp-json\/wp\/v2\/media?parent=32439"}],"wp:term":[{"taxonomy":"product_brand","embeddable":true,"href":"https:\/\/www.mysexualfantasy.eu\/en\/wp-json\/wp\/v2\/product_brand?post=32439"},{"taxonomy":"product_cat","embeddable":true,"href":"https:\/\/www.mysexualfantasy.eu\/en\/wp-json\/wp\/v2\/product_cat?post=32439"},{"taxonomy":"product_tag","embeddable":true,"href":"https:\/\/www.mysexualfantasy.eu\/en\/wp-json\/wp\/v2\/product_tag?post=32439"}],"curies":[{"name":"wp","href":"https:\/\/api.w.org\/{rel}","templated":true}]}}